{"id":913,"date":"2022-05-13T11:00:08","date_gmt":"2022-05-13T09:00:08","guid":{"rendered":"https:\/\/amk-group.com\/?page_id=913"},"modified":"2023-02-14T14:22:38","modified_gmt":"2023-02-14T13:22:38","slug":"qualitaet","status":"publish","type":"page","link":"https:\/\/amk-group.com\/de\/ueber-uns\/qualitaet\/","title":{"rendered":"Qualit\u00e4t"},"content":{"rendered":"<div>\u00dcber uns<\/div>\n<h1>Qualit\u00e4t<\/h1>\n<div>\n<p>Von der Entwicklung und Fertigung bis hin zum Vertrieb und Service gew\u00e4hrleistet AMK Automotive einen hohen Qualit\u00e4tsstandard. Pr\u00e4zise Fertigung und verantwortungsbewusste Montage durch qualifizierte und engagierte Fachkr\u00e4fte, b\u00fcrgen f\u00fcr die st\u00f6rungsfreie Funktion unserer Produkte. Jedes Produkt durchl\u00e4uft vor Auslieferung eine unternehmensinterne Qualit\u00e4tspr\u00fcfung mit hoch technologischen Mess- und Pr\u00fcfeinrichtungen. Der jahrzehntelange Betrieb unserer Komponenten in Zehntausenden Fahrzeugen belegt die hohe Produktqualit\u00e4t und schafft die Basis f\u00fcr Ihr Vertrauen. Bei uns erhalten Sie nur die hochwertigsten Luftfedersysteme. Kontinuierliche \u00dcberpr\u00fcfung und Anpassung unserer Abl\u00e4ufe gew\u00e4hrleisten einen best\u00e4ndigen Weg der Optimierung.<\/p>\n<p>Unsere Produktionsst\u00e4tten sind nach DIN EN ISO 9001:2015 und nach IATF 16949:2016 zertifiziert.<\/p>\n<\/div>\n<p><img decoding=\"async\" src=\"\/wp-content\/uploads\/2022\/08\/WEB204_%E4%B9%A5er_uns_qualit%E5%89%87_Textbild_.jpg\" alt=\"\"><\/p>\n<p><!--more--><br \/>\n<!-- {\"name\":\"Template - Simple Subpage\",\"type\":\"layout\",\"children\":[{\"type\":\"section\",\"props\":{\"class\":\"subpage-header\",\"header_transparent\":\"light\",\"header_transparent_noplaceholder\":true,\"image\":\"wp-content\\\/uploads\\\/2022\\\/04\\\/amk_bg_wave_l.jpg\",\"image_position\":\"center-center\",\"image_size\":\"cover\",\"image_width\":\"2560\",\"media_overlay\":\"rgba(0, 0, 0, 0)\",\"media_overlay_gradient\":\"linear-gradient(180deg, rgba(0,0,0,0.2) 0%, rgba(0,0,0,0.2) 15%, rgba(255,255,255,0) 100%);\",\"padding\":\"xlarge\",\"style\":\"primary\",\"title_breakpoint\":\"xl\",\"title_position\":\"top-left\",\"title_rotation\":\"left\",\"vertical_align\":\"middle\",\"width\":\"default\"},\"children\":[{\"type\":\"row\",\"children\":[{\"type\":\"column\",\"props\":{\"image_position\":\"center-center\",\"media_overlay_gradient\":\"\",\"position_sticky_breakpoint\":\"m\",\"vertical_align\":\"middle\"},\"children\":[{\"type\":\"headline\",\"props\":{\"content\":\"\\u00dcber uns\",\"margin_remove_bottom\":false,\"text_align\":\"center\",\"title_element\":\"div\",\"title_style\":\"text-meta\"}},{\"type\":\"headline\",\"props\":{\"content\":\"Qualit\\u00e4t\",\"margin_remove_top\":true,\"text_align\":\"center\",\"title_element\":\"h1\"}}]}]}],\"name\":\"Sektion - Header Unterseite\"},{\"type\":\"section\",\"props\":{\"image_position\":\"center-center\",\"style\":\"default\",\"title_breakpoint\":\"xl\",\"title_position\":\"top-left\",\"title_rotation\":\"left\",\"vertical_align\":\"middle\",\"width\":\"default\"},\"children\":[{\"type\":\"row\",\"children\":[{\"type\":\"column\",\"props\":{\"image_position\":\"center-center\",\"media_overlay_gradient\":\"\",\"position_sticky_breakpoint\":\"m\"},\"children\":[]}]},{\"type\":\"row\",\"children\":[{\"type\":\"column\",\"props\":{\"image_position\":\"center-center\",\"media_overlay_gradient\":\"\",\"position_sticky_breakpoint\":\"m\",\"vertical_align\":\"middle\",\"width_medium\":\"1-2\"},\"children\":[{\"type\":\"text\",\"props\":{\"column_breakpoint\":\"m\",\"content\":\"\n\n<p>Von der Entwicklung und Fertigung bis hin zum Vertrieb und Service gew\\u00e4hrleistet AMK Automotive einen hohen Qualit\\u00e4tsstandard. Pr\\u00e4zise Fertigung und verantwortungsbewusste Montage durch qualifizierte und engagierte Fachkr\\u00e4fte, b\\u00fcrgen f\\u00fcr die st\\u00f6rungsfreie Funktion unserer Produkte. Jedes Produkt durchl\\u00e4uft vor Auslieferung eine unternehmensinterne Qualit\\u00e4tspr\\u00fcfung mit hoch technologischen Mess- und Pr\\u00fcfeinrichtungen. Der jahrzehntelange Betrieb unserer Komponenten in Zehntausenden Fahrzeugen belegt die hohe Produktqualit\\u00e4t und schafft die Basis f\\u00fcr Ihr Vertrauen. Bei uns erhalten Sie nur die hochwertigsten Luftfedersysteme. Kontinuierliche \\u00dcberpr\\u00fcfung und Anpassung unserer Abl\\u00e4ufe gew\\u00e4hrleisten einen best\\u00e4ndigen Weg der Optimierung.<\\\/p>\\n\n\n<p>Unsere Produktionsst\\u00e4tten sind nach DIN EN ISO 9001:2015 und nach IATF 16949:2016 zertifiziert.<\\\/p>\",\"margin\":\"default\",\"text_align\":\"justify\"}}]},{\"type\":\"column\",\"props\":{\"image_position\":\"center-center\",\"media_overlay_gradient\":\"\",\"position_sticky_breakpoint\":\"m\",\"vertical_align\":\"middle\",\"width_medium\":\"1-2\"},\"children\":[{\"type\":\"image\",\"props\":{\"image\":\"wp-content\\\/uploads\\\/2022\\\/08\\\/WEB204_\\u4e65er_uns_qualit\\u5247_Textbild_.jpg\",\"image_svg_color\":\"emphasis\",\"image_width\":\"960\",\"margin\":\"default\"}}]}],\"props\":{\"column_gap\":\"large\",\"layout\":\"1-2,1-2\"}}],\"name\":\"Sektion - H2 + Text links, Bild rechts\"}],\"version\":\"3.0.10\"} --><\/p>\n","protected":false},"excerpt":{"rendered":"<p>\u00dcber uns Qualit\u00e4t Von der Entwicklung und Fertigung bis hin zum Vertrieb und Service gew\u00e4hrleistet AMK Automotive einen hohen Qualit\u00e4tsstandard. Pr\u00e4zise Fertigung und verantwortungsbewusste Montage durch qualifizierte und engagierte Fachkr\u00e4fte, b\u00fcrgen f\u00fcr die st\u00f6rungsfreie Funktion unserer Produkte. Jedes Produkt durchl\u00e4uft vor Auslieferung eine unternehmensinterne Qualit\u00e4tspr\u00fcfung mit hoch technologischen Mess- und Pr\u00fcfeinrichtungen. Der jahrzehntelange Betrieb unserer [&hellip;]<\/p>\n","protected":false},"author":2,"featured_media":0,"parent":240,"menu_order":2,"comment_status":"closed","ping_status":"closed","template":"","meta":{"_acf_changed":false,"footnotes":""},"class_list":["post-913","page","type-page","status-publish","hentry"],"acf":[],"yoast_head":"<!-- This site is optimized with the Yoast SEO plugin v26.4 - https:\/\/yoast.com\/wordpress\/plugins\/seo\/ -->\n<title>Qualit\u00e4t - AMK Automotive<\/title>\n<meta name=\"description\" content=\"AMK steht f\u00fcr hochwertige Luftfedersysteme f\u00fcr Fahrzeuge. Unsere jahrzehntelange Erfahrung belegt die hohe Produktqualit\u00e4t, die st\u00e4ndig optimiert wird.\" \/>\n<meta name=\"robots\" content=\"index, follow, max-snippet:-1, max-image-preview:large, max-video-preview:-1\" \/>\n<link rel=\"canonical\" href=\"https:\/\/amk-group.com\/de\/ueber-uns\/qualitaet\/\" \/>\n<meta property=\"og:locale\" content=\"de_DE\" \/>\n<meta property=\"og:type\" content=\"article\" \/>\n<meta property=\"og:title\" content=\"Qualit\u00e4t - AMK Automotive\" \/>\n<meta property=\"og:description\" content=\"AMK steht f\u00fcr hochwertige Luftfedersysteme f\u00fcr Fahrzeuge. Unsere jahrzehntelange Erfahrung belegt die hohe Produktqualit\u00e4t, die st\u00e4ndig optimiert wird.\" \/>\n<meta property=\"og:url\" content=\"https:\/\/amk-group.com\/de\/ueber-uns\/qualitaet\/\" \/>\n<meta property=\"og:site_name\" content=\"AMK Automotive\" \/>\n<meta property=\"article:modified_time\" content=\"2023-02-14T13:22:38+00:00\" \/>\n<meta name=\"twitter:card\" content=\"summary_large_image\" \/>\n<meta name=\"twitter:label1\" content=\"Gesch\u00e4tzte Lesezeit\" \/>\n\t<meta name=\"twitter:data1\" content=\"2\u00a0Minuten\" \/>\n<script type=\"application\/ld+json\" class=\"yoast-schema-graph\">{\"@context\":\"https:\/\/schema.org\",\"@graph\":[{\"@type\":\"WebPage\",\"@id\":\"https:\/\/amk-group.com\/de\/ueber-uns\/qualitaet\/\",\"url\":\"https:\/\/amk-group.com\/de\/ueber-uns\/qualitaet\/\",\"name\":\"Qualit\u00e4t - AMK Automotive\",\"isPartOf\":{\"@id\":\"https:\/\/amk-group.com\/de\/#website\"},\"datePublished\":\"2022-05-13T09:00:08+00:00\",\"dateModified\":\"2023-02-14T13:22:38+00:00\",\"description\":\"AMK steht f\u00fcr hochwertige Luftfedersysteme f\u00fcr Fahrzeuge. Unsere jahrzehntelange Erfahrung belegt die hohe Produktqualit\u00e4t, die st\u00e4ndig optimiert wird.\",\"breadcrumb\":{\"@id\":\"https:\/\/amk-group.com\/de\/ueber-uns\/qualitaet\/#breadcrumb\"},\"inLanguage\":\"de\",\"potentialAction\":[{\"@type\":\"ReadAction\",\"target\":[\"https:\/\/amk-group.com\/de\/ueber-uns\/qualitaet\/\"]}]},{\"@type\":\"BreadcrumbList\",\"@id\":\"https:\/\/amk-group.com\/de\/ueber-uns\/qualitaet\/#breadcrumb\",\"itemListElement\":[{\"@type\":\"ListItem\",\"position\":1,\"name\":\"Startseite\",\"item\":\"https:\/\/amk-group.com\/de\/\"},{\"@type\":\"ListItem\",\"position\":2,\"name\":\"\u00dcber uns\",\"item\":\"https:\/\/amk-group.com\/de\/ueber-uns\/\"},{\"@type\":\"ListItem\",\"position\":3,\"name\":\"Qualit\u00e4t\"}]},{\"@type\":\"WebSite\",\"@id\":\"https:\/\/amk-group.com\/de\/#website\",\"url\":\"https:\/\/amk-group.com\/de\/\",\"name\":\"AMK Automotive\",\"description\":\"Drive your comfort!\",\"potentialAction\":[{\"@type\":\"SearchAction\",\"target\":{\"@type\":\"EntryPoint\",\"urlTemplate\":\"https:\/\/amk-group.com\/de\/?s={search_term_string}\"},\"query-input\":{\"@type\":\"PropertyValueSpecification\",\"valueRequired\":true,\"valueName\":\"search_term_string\"}}],\"inLanguage\":\"de\"}]}<\/script>\n<!-- \/ Yoast SEO plugin. -->","yoast_head_json":{"title":"Qualit\u00e4t - AMK Automotive","description":"AMK steht f\u00fcr hochwertige Luftfedersysteme f\u00fcr Fahrzeuge. Unsere jahrzehntelange Erfahrung belegt die hohe Produktqualit\u00e4t, die st\u00e4ndig optimiert wird.","robots":{"index":"index","follow":"follow","max-snippet":"max-snippet:-1","max-image-preview":"max-image-preview:large","max-video-preview":"max-video-preview:-1"},"canonical":"https:\/\/amk-group.com\/de\/ueber-uns\/qualitaet\/","og_locale":"de_DE","og_type":"article","og_title":"Qualit\u00e4t - AMK Automotive","og_description":"AMK steht f\u00fcr hochwertige Luftfedersysteme f\u00fcr Fahrzeuge. Unsere jahrzehntelange Erfahrung belegt die hohe Produktqualit\u00e4t, die st\u00e4ndig optimiert wird.","og_url":"https:\/\/amk-group.com\/de\/ueber-uns\/qualitaet\/","og_site_name":"AMK Automotive","article_modified_time":"2023-02-14T13:22:38+00:00","twitter_card":"summary_large_image","twitter_misc":{"Gesch\u00e4tzte Lesezeit":"2\u00a0Minuten"},"schema":{"@context":"https:\/\/schema.org","@graph":[{"@type":"WebPage","@id":"https:\/\/amk-group.com\/de\/ueber-uns\/qualitaet\/","url":"https:\/\/amk-group.com\/de\/ueber-uns\/qualitaet\/","name":"Qualit\u00e4t - AMK Automotive","isPartOf":{"@id":"https:\/\/amk-group.com\/de\/#website"},"datePublished":"2022-05-13T09:00:08+00:00","dateModified":"2023-02-14T13:22:38+00:00","description":"AMK steht f\u00fcr hochwertige Luftfedersysteme f\u00fcr Fahrzeuge. Unsere jahrzehntelange Erfahrung belegt die hohe Produktqualit\u00e4t, die st\u00e4ndig optimiert wird.","breadcrumb":{"@id":"https:\/\/amk-group.com\/de\/ueber-uns\/qualitaet\/#breadcrumb"},"inLanguage":"de","potentialAction":[{"@type":"ReadAction","target":["https:\/\/amk-group.com\/de\/ueber-uns\/qualitaet\/"]}]},{"@type":"BreadcrumbList","@id":"https:\/\/amk-group.com\/de\/ueber-uns\/qualitaet\/#breadcrumb","itemListElement":[{"@type":"ListItem","position":1,"name":"Startseite","item":"https:\/\/amk-group.com\/de\/"},{"@type":"ListItem","position":2,"name":"\u00dcber uns","item":"https:\/\/amk-group.com\/de\/ueber-uns\/"},{"@type":"ListItem","position":3,"name":"Qualit\u00e4t"}]},{"@type":"WebSite","@id":"https:\/\/amk-group.com\/de\/#website","url":"https:\/\/amk-group.com\/de\/","name":"AMK Automotive","description":"Drive your comfort!","potentialAction":[{"@type":"SearchAction","target":{"@type":"EntryPoint","urlTemplate":"https:\/\/amk-group.com\/de\/?s={search_term_string}"},"query-input":{"@type":"PropertyValueSpecification","valueRequired":true,"valueName":"search_term_string"}}],"inLanguage":"de"}]}},"_links":{"self":[{"href":"https:\/\/amk-group.com\/de\/wp-json\/wp\/v2\/pages\/913","targetHints":{"allow":["GET"]}}],"collection":[{"href":"https:\/\/amk-group.com\/de\/wp-json\/wp\/v2\/pages"}],"about":[{"href":"https:\/\/amk-group.com\/de\/wp-json\/wp\/v2\/types\/page"}],"author":[{"embeddable":true,"href":"https:\/\/amk-group.com\/de\/wp-json\/wp\/v2\/users\/2"}],"replies":[{"embeddable":true,"href":"https:\/\/amk-group.com\/de\/wp-json\/wp\/v2\/comments?post=913"}],"version-history":[{"count":9,"href":"https:\/\/amk-group.com\/de\/wp-json\/wp\/v2\/pages\/913\/revisions"}],"predecessor-version":[{"id":2809,"href":"https:\/\/amk-group.com\/de\/wp-json\/wp\/v2\/pages\/913\/revisions\/2809"}],"up":[{"embeddable":true,"href":"https:\/\/amk-group.com\/de\/wp-json\/wp\/v2\/pages\/240"}],"wp:attachment":[{"href":"https:\/\/amk-group.com\/de\/wp-json\/wp\/v2\/media?parent=913"}],"curies":[{"name":"wp","href":"https:\/\/api.w.org\/{rel}","templated":true}]}}