{"id":883,"date":"2022-05-13T10:23:12","date_gmt":"2022-05-13T08:23:12","guid":{"rendered":"https:\/\/amk-group.com\/?page_id=883"},"modified":"2023-02-13T11:26:34","modified_gmt":"2023-02-13T10:26:34","slug":"ecas","status":"publish","type":"page","link":"https:\/\/amk-group.com\/de\/produkte\/luftfederkompressoren\/light-commercial-vehicles\/ecas\/","title":{"rendered":"ECAS"},"content":{"rendered":"<div>Produkte &gt; Light Commercial Vehicles<\/div>\n<h1>ECAS<\/h1>\n<p><img decoding=\"async\" src=\"\/wp-content\/uploads\/2022\/08\/ECAS.jpg\" alt=\"\"><\/p>\n<div>\n<p>Wir von AMK Automotive\u00a0bieten speziell auf den Kunden abgestimmte Komplettsysteme.\u00a0Diese sind weit mehr als reine Adaptionsentwicklungen \u2013 es sind individuelle, ma\u00dfgeschneiderte und fahrzeugspezifisch optimierte L\u00f6sungen.<\/p>\n<p>In der Welt der Nutzfahrzeuge sorgen unsere Innovationen f\u00fcr Bewegung. Unsere neueste Entwicklung ist die elektronisch geregelte Luftfederung\u2013 kurz ECAS.<\/p>\n<p>Das ECAS-System arbeitet mit einem elektronischen H\u00f6hensensor, der Echtzeitdaten an den ECU des Fahrzeugs sendet. Diese Einheit berechnet automatisch, ob der Druck im Balg \u00fcber das Magnetventil angepasst werden muss. So wird eine effizientere Federung gew\u00e4hrleistet.<\/p>\n<\/div>\n<p><!--more--><br \/>\n<!-- {\"name\":\"Template - Simple Subpage\",\"type\":\"layout\",\"children\":[{\"type\":\"section\",\"props\":{\"class\":\"subpage-header\",\"header_transparent\":\"light\",\"header_transparent_noplaceholder\":true,\"image\":\"wp-content\\\/uploads\\\/2022\\\/04\\\/amk_bg_wave_l.jpg\",\"image_position\":\"center-center\",\"image_size\":\"cover\",\"image_width\":\"2560\",\"media_overlay\":\"rgba(0, 0, 0, 0)\",\"media_overlay_gradient\":\"linear-gradient(180deg, rgba(0,0,0,0.2) 0%, rgba(0,0,0,0.2) 15%, rgba(255,255,255,0) 100%);\",\"padding\":\"xlarge\",\"style\":\"primary\",\"title_breakpoint\":\"xl\",\"title_position\":\"top-left\",\"title_rotation\":\"left\",\"vertical_align\":\"middle\",\"width\":\"default\"},\"children\":[{\"type\":\"row\",\"children\":[{\"type\":\"column\",\"props\":{\"image_position\":\"center-center\",\"media_overlay_gradient\":\"\",\"position_sticky_breakpoint\":\"m\",\"vertical_align\":\"middle\"},\"children\":[{\"type\":\"headline\",\"props\":{\"content\":\"Produkte &gt; Light Commercial Vehicles\",\"margin_remove_bottom\":false,\"text_align\":\"center\",\"title_element\":\"div\",\"title_style\":\"text-meta\"}},{\"type\":\"headline\",\"props\":{\"content\":\"ECAS\",\"margin_remove_top\":true,\"text_align\":\"center\",\"title_element\":\"h1\"}}]}]}],\"name\":\"Sektion - Header Unterseite\"},{\"type\":\"section\",\"props\":{\"image_position\":\"center-center\",\"style\":\"default\",\"title_breakpoint\":\"xl\",\"title_position\":\"top-left\",\"title_rotation\":\"left\",\"vertical_align\":\"middle\",\"width\":\"default\"},\"children\":[{\"type\":\"row\",\"children\":[{\"type\":\"column\",\"props\":{\"image_position\":\"center-center\",\"media_overlay_gradient\":\"\",\"position_sticky_breakpoint\":\"m\"},\"children\":[]}]},{\"type\":\"row\",\"children\":[{\"type\":\"column\",\"props\":{\"image_position\":\"center-center\",\"media_overlay_gradient\":\"\",\"position_sticky_breakpoint\":\"m\",\"width_medium\":\"1-3\"},\"children\":[{\"type\":\"image\",\"props\":{\"image\":\"wp-content\\\/uploads\\\/2022\\\/08\\\/ECAS.jpg\",\"image_svg_color\":\"emphasis\",\"image_width\":\"960\",\"margin\":\"default\"}}]},{\"type\":\"column\",\"props\":{\"image_position\":\"center-center\",\"media_overlay_gradient\":\"\",\"position_sticky_breakpoint\":\"m\",\"width_medium\":\"2-3\"},\"children\":[{\"type\":\"text\",\"props\":{\"column_breakpoint\":\"m\",\"content\":\"\n\n<p>Wir von AMK Automotive\\u00a0bieten speziell auf den Kunden abgestimmte Komplettsysteme.\\u00a0Diese sind weit mehr als reine Adaptionsentwicklungen \\u2013 es sind individuelle, ma\\u00dfgeschneiderte und fahrzeugspezifisch optimierte L\\u00f6sungen.<\\\/p>\\n\n\n<p>In der Welt der Nutzfahrzeuge sorgen unsere Innovationen f\\u00fcr Bewegung. Unsere neueste Entwicklung ist die elektronisch geregelte Luftfederung\\u2013 kurz ECAS.<\\\/p>\\n\n\n<p>Das ECAS-System arbeitet mit einem elektronischen H\\u00f6hensensor, der Echtzeitdaten an den ECU des Fahrzeugs sendet. Diese Einheit berechnet automatisch, ob der Druck im Balg \\u00fcber das Magnetventil angepasst werden muss. So wird eine effizientere Federung gew\\u00e4hrleistet.<\\\/p>\",\"margin\":\"default\",\"text_align\":\"justify\"}}]}],\"props\":{\"column_gap\":\"large\",\"layout\":\"1-3,2-3\"}}],\"name\":\"Sektion - H2 + Text links, Bild rechts\"}],\"version\":\"3.0.10\"} --><\/p>\n","protected":false},"excerpt":{"rendered":"<p>Produkte &gt; Light Commercial Vehicles ECAS Wir von AMK Automotive\u00a0bieten speziell auf den Kunden abgestimmte Komplettsysteme.\u00a0Diese sind weit mehr als reine Adaptionsentwicklungen \u2013 es sind individuelle, ma\u00dfgeschneiderte und fahrzeugspezifisch optimierte L\u00f6sungen. In der Welt der Nutzfahrzeuge sorgen unsere Innovationen f\u00fcr Bewegung. Unsere neueste Entwicklung ist die elektronisch geregelte Luftfederung\u2013 kurz ECAS. Das ECAS-System arbeitet mit [&hellip;]<\/p>\n","protected":false},"author":2,"featured_media":0,"parent":360,"menu_order":3,"comment_status":"closed","ping_status":"closed","template":"","meta":{"_acf_changed":false,"footnotes":""},"class_list":["post-883","page","type-page","status-publish","hentry"],"acf":[],"yoast_head":"<!-- This site is optimized with the Yoast SEO plugin v26.4 - https:\/\/yoast.com\/wordpress\/plugins\/seo\/ -->\n<title>ECAS - AMK Automotive - Luftfederung f\u00fcr Fahrzeuge<\/title>\n<meta name=\"description\" content=\"Wir bieten speziell auf den Kunden abgestimmte Komplettsysteme. Fahrzeugspezifisch optimierte L\u00f6sungen f\u00fcr eine perfekte Luftfederung.\" \/>\n<meta name=\"robots\" content=\"index, follow, max-snippet:-1, max-image-preview:large, max-video-preview:-1\" \/>\n<link rel=\"canonical\" href=\"https:\/\/amk-group.com\/de\/produkte\/luftfederkompressoren\/light-commercial-vehicles\/ecas\/\" \/>\n<meta property=\"og:locale\" content=\"de_DE\" \/>\n<meta property=\"og:type\" content=\"article\" \/>\n<meta property=\"og:title\" content=\"ECAS - AMK Automotive - Luftfederung f\u00fcr Fahrzeuge\" \/>\n<meta property=\"og:description\" content=\"Wir bieten speziell auf den Kunden abgestimmte Komplettsysteme. Fahrzeugspezifisch optimierte L\u00f6sungen f\u00fcr eine perfekte Luftfederung.\" \/>\n<meta property=\"og:url\" content=\"https:\/\/amk-group.com\/de\/produkte\/luftfederkompressoren\/light-commercial-vehicles\/ecas\/\" \/>\n<meta property=\"og:site_name\" content=\"AMK Automotive\" \/>\n<meta property=\"article:modified_time\" content=\"2023-02-13T10:26:34+00:00\" \/>\n<meta name=\"twitter:card\" content=\"summary_large_image\" \/>\n<meta name=\"twitter:label1\" content=\"Gesch\u00e4tzte Lesezeit\" \/>\n\t<meta name=\"twitter:data1\" content=\"2\u00a0Minuten\" \/>\n<script type=\"application\/ld+json\" class=\"yoast-schema-graph\">{\"@context\":\"https:\/\/schema.org\",\"@graph\":[{\"@type\":\"WebPage\",\"@id\":\"https:\/\/amk-group.com\/de\/produkte\/luftfederkompressoren\/light-commercial-vehicles\/ecas\/\",\"url\":\"https:\/\/amk-group.com\/de\/produkte\/luftfederkompressoren\/light-commercial-vehicles\/ecas\/\",\"name\":\"ECAS - AMK Automotive - Luftfederung f\u00fcr Fahrzeuge\",\"isPartOf\":{\"@id\":\"https:\/\/amk-group.com\/de\/#website\"},\"datePublished\":\"2022-05-13T08:23:12+00:00\",\"dateModified\":\"2023-02-13T10:26:34+00:00\",\"description\":\"Wir bieten speziell auf den Kunden abgestimmte Komplettsysteme. Fahrzeugspezifisch optimierte L\u00f6sungen f\u00fcr eine perfekte Luftfederung.\",\"breadcrumb\":{\"@id\":\"https:\/\/amk-group.com\/de\/produkte\/luftfederkompressoren\/light-commercial-vehicles\/ecas\/#breadcrumb\"},\"inLanguage\":\"de\",\"potentialAction\":[{\"@type\":\"ReadAction\",\"target\":[\"https:\/\/amk-group.com\/de\/produkte\/luftfederkompressoren\/light-commercial-vehicles\/ecas\/\"]}]},{\"@type\":\"BreadcrumbList\",\"@id\":\"https:\/\/amk-group.com\/de\/produkte\/luftfederkompressoren\/light-commercial-vehicles\/ecas\/#breadcrumb\",\"itemListElement\":[{\"@type\":\"ListItem\",\"position\":1,\"name\":\"Startseite\",\"item\":\"https:\/\/amk-group.com\/de\/\"},{\"@type\":\"ListItem\",\"position\":2,\"name\":\"Produkte\",\"item\":\"https:\/\/amk-group.com\/de\/produkte\/\"},{\"@type\":\"ListItem\",\"position\":3,\"name\":\"Luftfederkompressoren alt\",\"item\":\"https:\/\/amk-group.com\/de\/produkte\/luftfederkompressoren\/\"},{\"@type\":\"ListItem\",\"position\":4,\"name\":\"Light Commercial Vehicles\",\"item\":\"https:\/\/amk-group.com\/de\/products\/air-suspension-compressors\/light-commercial-vehicles\/\"},{\"@type\":\"ListItem\",\"position\":5,\"name\":\"ECAS\"}]},{\"@type\":\"WebSite\",\"@id\":\"https:\/\/amk-group.com\/de\/#website\",\"url\":\"https:\/\/amk-group.com\/de\/\",\"name\":\"AMK Automotive\",\"description\":\"Drive your comfort!\",\"potentialAction\":[{\"@type\":\"SearchAction\",\"target\":{\"@type\":\"EntryPoint\",\"urlTemplate\":\"https:\/\/amk-group.com\/de\/?s={search_term_string}\"},\"query-input\":{\"@type\":\"PropertyValueSpecification\",\"valueRequired\":true,\"valueName\":\"search_term_string\"}}],\"inLanguage\":\"de\"}]}<\/script>\n<!-- \/ Yoast SEO plugin. -->","yoast_head_json":{"title":"ECAS - AMK Automotive - Luftfederung f\u00fcr Fahrzeuge","description":"Wir bieten speziell auf den Kunden abgestimmte Komplettsysteme. Fahrzeugspezifisch optimierte L\u00f6sungen f\u00fcr eine perfekte Luftfederung.","robots":{"index":"index","follow":"follow","max-snippet":"max-snippet:-1","max-image-preview":"max-image-preview:large","max-video-preview":"max-video-preview:-1"},"canonical":"https:\/\/amk-group.com\/de\/produkte\/luftfederkompressoren\/light-commercial-vehicles\/ecas\/","og_locale":"de_DE","og_type":"article","og_title":"ECAS - AMK Automotive - Luftfederung f\u00fcr Fahrzeuge","og_description":"Wir bieten speziell auf den Kunden abgestimmte Komplettsysteme. Fahrzeugspezifisch optimierte L\u00f6sungen f\u00fcr eine perfekte Luftfederung.","og_url":"https:\/\/amk-group.com\/de\/produkte\/luftfederkompressoren\/light-commercial-vehicles\/ecas\/","og_site_name":"AMK Automotive","article_modified_time":"2023-02-13T10:26:34+00:00","twitter_card":"summary_large_image","twitter_misc":{"Gesch\u00e4tzte Lesezeit":"2\u00a0Minuten"},"schema":{"@context":"https:\/\/schema.org","@graph":[{"@type":"WebPage","@id":"https:\/\/amk-group.com\/de\/produkte\/luftfederkompressoren\/light-commercial-vehicles\/ecas\/","url":"https:\/\/amk-group.com\/de\/produkte\/luftfederkompressoren\/light-commercial-vehicles\/ecas\/","name":"ECAS - AMK Automotive - Luftfederung f\u00fcr Fahrzeuge","isPartOf":{"@id":"https:\/\/amk-group.com\/de\/#website"},"datePublished":"2022-05-13T08:23:12+00:00","dateModified":"2023-02-13T10:26:34+00:00","description":"Wir bieten speziell auf den Kunden abgestimmte Komplettsysteme. Fahrzeugspezifisch optimierte L\u00f6sungen f\u00fcr eine perfekte Luftfederung.","breadcrumb":{"@id":"https:\/\/amk-group.com\/de\/produkte\/luftfederkompressoren\/light-commercial-vehicles\/ecas\/#breadcrumb"},"inLanguage":"de","potentialAction":[{"@type":"ReadAction","target":["https:\/\/amk-group.com\/de\/produkte\/luftfederkompressoren\/light-commercial-vehicles\/ecas\/"]}]},{"@type":"BreadcrumbList","@id":"https:\/\/amk-group.com\/de\/produkte\/luftfederkompressoren\/light-commercial-vehicles\/ecas\/#breadcrumb","itemListElement":[{"@type":"ListItem","position":1,"name":"Startseite","item":"https:\/\/amk-group.com\/de\/"},{"@type":"ListItem","position":2,"name":"Produkte","item":"https:\/\/amk-group.com\/de\/produkte\/"},{"@type":"ListItem","position":3,"name":"Luftfederkompressoren alt","item":"https:\/\/amk-group.com\/de\/produkte\/luftfederkompressoren\/"},{"@type":"ListItem","position":4,"name":"Light Commercial Vehicles","item":"https:\/\/amk-group.com\/de\/products\/air-suspension-compressors\/light-commercial-vehicles\/"},{"@type":"ListItem","position":5,"name":"ECAS"}]},{"@type":"WebSite","@id":"https:\/\/amk-group.com\/de\/#website","url":"https:\/\/amk-group.com\/de\/","name":"AMK Automotive","description":"Drive your comfort!","potentialAction":[{"@type":"SearchAction","target":{"@type":"EntryPoint","urlTemplate":"https:\/\/amk-group.com\/de\/?s={search_term_string}"},"query-input":{"@type":"PropertyValueSpecification","valueRequired":true,"valueName":"search_term_string"}}],"inLanguage":"de"}]}},"_links":{"self":[{"href":"https:\/\/amk-group.com\/de\/wp-json\/wp\/v2\/pages\/883","targetHints":{"allow":["GET"]}}],"collection":[{"href":"https:\/\/amk-group.com\/de\/wp-json\/wp\/v2\/pages"}],"about":[{"href":"https:\/\/amk-group.com\/de\/wp-json\/wp\/v2\/types\/page"}],"author":[{"embeddable":true,"href":"https:\/\/amk-group.com\/de\/wp-json\/wp\/v2\/users\/2"}],"replies":[{"embeddable":true,"href":"https:\/\/amk-group.com\/de\/wp-json\/wp\/v2\/comments?post=883"}],"version-history":[{"count":16,"href":"https:\/\/amk-group.com\/de\/wp-json\/wp\/v2\/pages\/883\/revisions"}],"predecessor-version":[{"id":2755,"href":"https:\/\/amk-group.com\/de\/wp-json\/wp\/v2\/pages\/883\/revisions\/2755"}],"up":[{"embeddable":true,"href":"https:\/\/amk-group.com\/de\/wp-json\/wp\/v2\/pages\/360"}],"wp:attachment":[{"href":"https:\/\/amk-group.com\/de\/wp-json\/wp\/v2\/media?parent=883"}],"curies":[{"name":"wp","href":"https:\/\/api.w.org\/{rel}","templated":true}]}}