{"id":857,"date":"2022-05-13T10:07:14","date_gmt":"2022-05-13T08:07:14","guid":{"rendered":"https:\/\/amk-group.com\/?page_id=857"},"modified":"2023-04-20T11:42:31","modified_gmt":"2023-04-20T09:42:31","slug":"ek","status":"publish","type":"page","link":"https:\/\/amk-group.com\/de\/produkte\/luftfederkompressoren\/passenger-cars\/ek\/","title":{"rendered":"EK"},"content":{"rendered":"<div>Produkte &gt; Luftfederkompressoren &gt; Passenger Cars<\/div>\n<h1>EK<\/h1>\n<p><img decoding=\"async\" src=\"\/wp-content\/uploads\/2022\/08\/LEF-EK13-1.jpg\" alt=\"\"><\/p>\n<div>\n<p>Der EK ist ein einstufiger, \u00e4u\u00dferst kompakter Kompressor, der hinsichtlich Gewicht, Strombedarf und Gr\u00f6\u00dfe optimiert wurde. Diese Kompressoren werden speziell auf Ihre Anforderungen und Ihre Einsatzgebiete entwickelt und produziert.<\/p>\n<p><strong>Status: End of life<\/strong><\/p>\n<\/div>\n<h1>Download<\/h1>\n<p><a href=\"https:\/\/amk-group.com\/wp-content\/uploads\/2022\/09\/Fact-Sheet-EK-13.pdf\"><img decoding=\"async\" src=\"\/wp-content\/uploads\/2022\/09\/Fact-Sheet-EK-13_Seite_1.jpg\" alt=\"\"><\/a><br \/>\n<a href=\"https:\/\/amk-group.com\/wp-content\/uploads\/2022\/09\/Fact-Sheet-EK-17.pdf\"><img decoding=\"async\" src=\"\/wp-content\/uploads\/2022\/09\/Fact-Sheet-EK-17_Seite_1.jpg\" alt=\"\"><\/a><\/p>\n<p><!--more--><br \/>\n<!-- {\"name\":\"Template - Simple Subpage\",\"type\":\"layout\",\"children\":[{\"type\":\"section\",\"props\":{\"class\":\"subpage-header\",\"header_transparent\":\"light\",\"header_transparent_noplaceholder\":true,\"image\":\"wp-content\\\/uploads\\\/2022\\\/04\\\/amk_bg_wave_l.jpg\",\"image_position\":\"center-center\",\"image_size\":\"cover\",\"image_width\":\"2560\",\"media_overlay\":\"rgba(0, 0, 0, 0)\",\"media_overlay_gradient\":\"linear-gradient(180deg, rgba(0,0,0,0.2) 0%, rgba(0,0,0,0.2) 15%, rgba(255,255,255,0) 100%);\",\"padding\":\"xlarge\",\"style\":\"primary\",\"title_breakpoint\":\"xl\",\"title_position\":\"top-left\",\"title_rotation\":\"left\",\"vertical_align\":\"middle\",\"width\":\"default\"},\"children\":[{\"type\":\"row\",\"children\":[{\"type\":\"column\",\"props\":{\"image_position\":\"center-center\",\"media_overlay_gradient\":\"\",\"position_sticky_breakpoint\":\"m\",\"vertical_align\":\"middle\"},\"children\":[{\"type\":\"headline\",\"props\":{\"content\":\"Produkte &gt; Luftfederkompressoren &gt; Passenger Cars\",\"margin_remove_bottom\":false,\"text_align\":\"center\",\"title_element\":\"div\",\"title_style\":\"text-meta\"}},{\"type\":\"headline\",\"props\":{\"content\":\"EK\",\"margin_remove_top\":true,\"text_align\":\"center\",\"title_element\":\"h1\"}}]}]}],\"name\":\"Sektion - Header Unterseite\"},{\"type\":\"section\",\"props\":{\"image_position\":\"center-center\",\"style\":\"muted\",\"title_breakpoint\":\"xl\",\"title_position\":\"top-left\",\"title_rotation\":\"left\",\"vertical_align\":\"middle\",\"width\":\"default\"},\"children\":[{\"type\":\"row\",\"children\":[{\"type\":\"column\",\"props\":{\"image_position\":\"center-center\",\"media_overlay_gradient\":\"\",\"position_sticky_breakpoint\":\"m\",\"width_medium\":\"1-3\"},\"children\":[]},{\"type\":\"column\",\"props\":{\"image_position\":\"center-center\",\"media_overlay_gradient\":\"\",\"position_sticky_breakpoint\":\"m\",\"width_medium\":\"2-3\"},\"children\":[]}],\"props\":{\"layout\":\"1-3,2-3\"}},{\"type\":\"row\",\"children\":[{\"type\":\"column\",\"props\":{\"image_position\":\"center-center\",\"media_overlay_gradient\":\"\",\"position_sticky_breakpoint\":\"m\",\"width_medium\":\"1-3\"},\"children\":[{\"type\":\"image\",\"props\":{\"image\":\"wp-content\\\/uploads\\\/2022\\\/08\\\/LEF-EK13-1.jpg\",\"image_svg_color\":\"emphasis\",\"image_width\":\"960\",\"margin\":\"default\"}}]},{\"type\":\"column\",\"props\":{\"image_position\":\"center-center\",\"media_overlay_gradient\":\"\",\"position_sticky_breakpoint\":\"m\",\"width_medium\":\"2-3\"},\"children\":[{\"type\":\"text\",\"props\":{\"column_breakpoint\":\"m\",\"content\":\"\n\n<p>Der EK ist ein einstufiger, \\u00e4u\\u00dferst kompakter Kompressor, der hinsichtlich Gewicht, Strombedarf und Gr\\u00f6\\u00dfe optimiert wurde. Diese Kompressoren werden speziell auf Ihre Anforderungen und Ihre Einsatzgebiete entwickelt und produziert.<\\\/p>\\n\n\n<p><strong>Status: End of life<\\\/strong><\\\/p>\",\"margin\":\"default\",\"text_align\":\"justify\"}}]}],\"props\":{\"column_gap\":\"large\",\"layout\":\"1-3,2-3\"}}],\"name\":\"Sektion - H2 + Text links, Bild rechts\"},{\"type\":\"section\",\"props\":{\"image_position\":\"center-center\",\"style\":\"default\",\"title_breakpoint\":\"xl\",\"title_position\":\"top-left\",\"title_rotation\":\"left\",\"vertical_align\":\"middle\",\"width\":\"default\"},\"children\":[{\"type\":\"row\",\"children\":[{\"type\":\"column\",\"props\":{\"image_position\":\"center-center\",\"media_overlay_gradient\":\"\",\"position_sticky_breakpoint\":\"m\"},\"children\":[{\"type\":\"headline\",\"props\":{\"content\":\"Download\",\"text_align\":\"center\",\"title_element\":\"h1\"}}]}]},{\"type\":\"row\",\"children\":[{\"type\":\"column\",\"props\":{\"image_position\":\"center-center\",\"media_overlay_gradient\":\"\",\"position_sticky_breakpoint\":\"m\",\"width_medium\":\"1-4\",\"width_small\":\"1-2\"},\"children\":[]},{\"type\":\"column\",\"props\":{\"image_position\":\"center-center\",\"media_overlay_gradient\":\"\",\"position_sticky_breakpoint\":\"m\",\"width_medium\":\"1-4\",\"width_small\":\"1-2\"},\"children\":[{\"type\":\"image\",\"props\":{\"image\":\"wp-content\\\/uploads\\\/2022\\\/09\\\/Fact-Sheet-EK-13_Seite_1.jpg\",\"image_svg_color\":\"emphasis\",\"link\":\"https:\\\/\\\/amk-group.com\\\/wp-content\\\/uploads\\\/2022\\\/09\\\/Fact-Sheet-EK-13.pdf\",\"margin\":\"default\"}}]},{\"type\":\"column\",\"props\":{\"image_position\":\"center-center\",\"media_overlay_gradient\":\"\",\"position_sticky_breakpoint\":\"m\",\"width_medium\":\"1-4\",\"width_small\":\"1-2\"},\"children\":[{\"type\":\"image\",\"props\":{\"image\":\"wp-content\\\/uploads\\\/2022\\\/09\\\/Fact-Sheet-EK-17_Seite_1.jpg\",\"image_svg_color\":\"emphasis\",\"link\":\"https:\\\/\\\/amk-group.com\\\/wp-content\\\/uploads\\\/2022\\\/09\\\/Fact-Sheet-EK-17.pdf\",\"margin\":\"default\"}}]},{\"type\":\"column\",\"props\":{\"image_position\":\"center-center\",\"media_overlay_gradient\":\"\",\"position_sticky_breakpoint\":\"m\",\"width_medium\":\"1-4\",\"width_small\":\"1-2\"},\"children\":[]}],\"props\":{\"layout\":\"1-4,1-4,1-4,1-4|1-2,1-2,1-2,1-2\"}}],\"name\":\"DOWNLOAD\"}],\"version\":\"3.0.25\"} --><\/p>\n","protected":false},"excerpt":{"rendered":"<p>Produkte &gt; Luftfederkompressoren &gt; Passenger Cars EK Der EK ist ein einstufiger, \u00e4u\u00dferst kompakter Kompressor, der hinsichtlich Gewicht, Strombedarf und Gr\u00f6\u00dfe optimiert wurde. Diese Kompressoren werden speziell auf Ihre Anforderungen und Ihre Einsatzgebiete entwickelt und produziert. Status: End of life Download<\/p>\n","protected":false},"author":2,"featured_media":0,"parent":363,"menu_order":3,"comment_status":"closed","ping_status":"closed","template":"","meta":{"_acf_changed":false,"footnotes":""},"class_list":["post-857","page","type-page","status-publish","hentry"],"acf":[],"yoast_head":"<!-- This site is optimized with the Yoast SEO plugin v26.4 - https:\/\/yoast.com\/wordpress\/plugins\/seo\/ -->\n<title>EK Kompressor - AMK Automotive<\/title>\n<meta name=\"description\" content=\"Der EK von AMK Automotive ist ein einstufiger, \u00e4u\u00dferst kompakter Kompressor, der hinsichtlich Gewicht, Strombedarf und Gr\u00f6\u00dfe optimiert wurde.\" \/>\n<meta name=\"robots\" content=\"index, follow, max-snippet:-1, max-image-preview:large, max-video-preview:-1\" \/>\n<link rel=\"canonical\" href=\"https:\/\/amk-group.com\/de\/produkte\/luftfederkompressoren\/passenger-cars\/ek\/\" \/>\n<meta property=\"og:locale\" content=\"de_DE\" \/>\n<meta property=\"og:type\" content=\"article\" \/>\n<meta property=\"og:title\" content=\"EK Kompressor - AMK Automotive\" \/>\n<meta property=\"og:description\" content=\"Der EK von AMK Automotive ist ein einstufiger, \u00e4u\u00dferst kompakter Kompressor, der hinsichtlich Gewicht, Strombedarf und Gr\u00f6\u00dfe optimiert wurde.\" \/>\n<meta property=\"og:url\" content=\"https:\/\/amk-group.com\/de\/produkte\/luftfederkompressoren\/passenger-cars\/ek\/\" \/>\n<meta property=\"og:site_name\" content=\"AMK Automotive\" \/>\n<meta property=\"article:modified_time\" content=\"2023-04-20T09:42:31+00:00\" \/>\n<meta name=\"twitter:card\" content=\"summary_large_image\" \/>\n<meta name=\"twitter:label1\" content=\"Gesch\u00e4tzte Lesezeit\" \/>\n\t<meta name=\"twitter:data1\" content=\"2\u00a0Minuten\" \/>\n<script type=\"application\/ld+json\" class=\"yoast-schema-graph\">{\"@context\":\"https:\/\/schema.org\",\"@graph\":[{\"@type\":\"WebPage\",\"@id\":\"https:\/\/amk-group.com\/de\/produkte\/luftfederkompressoren\/passenger-cars\/ek\/\",\"url\":\"https:\/\/amk-group.com\/de\/produkte\/luftfederkompressoren\/passenger-cars\/ek\/\",\"name\":\"EK Kompressor - AMK Automotive\",\"isPartOf\":{\"@id\":\"https:\/\/amk-group.com\/de\/#website\"},\"datePublished\":\"2022-05-13T08:07:14+00:00\",\"dateModified\":\"2023-04-20T09:42:31+00:00\",\"description\":\"Der EK von AMK Automotive ist ein einstufiger, \u00e4u\u00dferst kompakter Kompressor, der hinsichtlich Gewicht, Strombedarf und Gr\u00f6\u00dfe optimiert wurde.\",\"breadcrumb\":{\"@id\":\"https:\/\/amk-group.com\/de\/produkte\/luftfederkompressoren\/passenger-cars\/ek\/#breadcrumb\"},\"inLanguage\":\"de\",\"potentialAction\":[{\"@type\":\"ReadAction\",\"target\":[\"https:\/\/amk-group.com\/de\/produkte\/luftfederkompressoren\/passenger-cars\/ek\/\"]}]},{\"@type\":\"BreadcrumbList\",\"@id\":\"https:\/\/amk-group.com\/de\/produkte\/luftfederkompressoren\/passenger-cars\/ek\/#breadcrumb\",\"itemListElement\":[{\"@type\":\"ListItem\",\"position\":1,\"name\":\"Startseite\",\"item\":\"https:\/\/amk-group.com\/de\/\"},{\"@type\":\"ListItem\",\"position\":2,\"name\":\"Produkte\",\"item\":\"https:\/\/amk-group.com\/de\/produkte\/\"},{\"@type\":\"ListItem\",\"position\":3,\"name\":\"Luftfederkompressoren alt\",\"item\":\"https:\/\/amk-group.com\/de\/produkte\/luftfederkompressoren\/\"},{\"@type\":\"ListItem\",\"position\":4,\"name\":\"Passenger Cars\",\"item\":\"https:\/\/amk-group.com\/de\/produkte\/luftfederkompressoren\/passenger-cars\/\"},{\"@type\":\"ListItem\",\"position\":5,\"name\":\"EK\"}]},{\"@type\":\"WebSite\",\"@id\":\"https:\/\/amk-group.com\/de\/#website\",\"url\":\"https:\/\/amk-group.com\/de\/\",\"name\":\"AMK Automotive\",\"description\":\"Drive your comfort!\",\"potentialAction\":[{\"@type\":\"SearchAction\",\"target\":{\"@type\":\"EntryPoint\",\"urlTemplate\":\"https:\/\/amk-group.com\/de\/?s={search_term_string}\"},\"query-input\":{\"@type\":\"PropertyValueSpecification\",\"valueRequired\":true,\"valueName\":\"search_term_string\"}}],\"inLanguage\":\"de\"}]}<\/script>\n<!-- \/ Yoast SEO plugin. -->","yoast_head_json":{"title":"EK Kompressor - AMK Automotive","description":"Der EK von AMK Automotive ist ein einstufiger, \u00e4u\u00dferst kompakter Kompressor, der hinsichtlich Gewicht, Strombedarf und Gr\u00f6\u00dfe optimiert wurde.","robots":{"index":"index","follow":"follow","max-snippet":"max-snippet:-1","max-image-preview":"max-image-preview:large","max-video-preview":"max-video-preview:-1"},"canonical":"https:\/\/amk-group.com\/de\/produkte\/luftfederkompressoren\/passenger-cars\/ek\/","og_locale":"de_DE","og_type":"article","og_title":"EK Kompressor - AMK Automotive","og_description":"Der EK von AMK Automotive ist ein einstufiger, \u00e4u\u00dferst kompakter Kompressor, der hinsichtlich Gewicht, Strombedarf und Gr\u00f6\u00dfe optimiert wurde.","og_url":"https:\/\/amk-group.com\/de\/produkte\/luftfederkompressoren\/passenger-cars\/ek\/","og_site_name":"AMK Automotive","article_modified_time":"2023-04-20T09:42:31+00:00","twitter_card":"summary_large_image","twitter_misc":{"Gesch\u00e4tzte Lesezeit":"2\u00a0Minuten"},"schema":{"@context":"https:\/\/schema.org","@graph":[{"@type":"WebPage","@id":"https:\/\/amk-group.com\/de\/produkte\/luftfederkompressoren\/passenger-cars\/ek\/","url":"https:\/\/amk-group.com\/de\/produkte\/luftfederkompressoren\/passenger-cars\/ek\/","name":"EK Kompressor - AMK Automotive","isPartOf":{"@id":"https:\/\/amk-group.com\/de\/#website"},"datePublished":"2022-05-13T08:07:14+00:00","dateModified":"2023-04-20T09:42:31+00:00","description":"Der EK von AMK Automotive ist ein einstufiger, \u00e4u\u00dferst kompakter Kompressor, der hinsichtlich Gewicht, Strombedarf und Gr\u00f6\u00dfe optimiert wurde.","breadcrumb":{"@id":"https:\/\/amk-group.com\/de\/produkte\/luftfederkompressoren\/passenger-cars\/ek\/#breadcrumb"},"inLanguage":"de","potentialAction":[{"@type":"ReadAction","target":["https:\/\/amk-group.com\/de\/produkte\/luftfederkompressoren\/passenger-cars\/ek\/"]}]},{"@type":"BreadcrumbList","@id":"https:\/\/amk-group.com\/de\/produkte\/luftfederkompressoren\/passenger-cars\/ek\/#breadcrumb","itemListElement":[{"@type":"ListItem","position":1,"name":"Startseite","item":"https:\/\/amk-group.com\/de\/"},{"@type":"ListItem","position":2,"name":"Produkte","item":"https:\/\/amk-group.com\/de\/produkte\/"},{"@type":"ListItem","position":3,"name":"Luftfederkompressoren alt","item":"https:\/\/amk-group.com\/de\/produkte\/luftfederkompressoren\/"},{"@type":"ListItem","position":4,"name":"Passenger Cars","item":"https:\/\/amk-group.com\/de\/produkte\/luftfederkompressoren\/passenger-cars\/"},{"@type":"ListItem","position":5,"name":"EK"}]},{"@type":"WebSite","@id":"https:\/\/amk-group.com\/de\/#website","url":"https:\/\/amk-group.com\/de\/","name":"AMK Automotive","description":"Drive your comfort!","potentialAction":[{"@type":"SearchAction","target":{"@type":"EntryPoint","urlTemplate":"https:\/\/amk-group.com\/de\/?s={search_term_string}"},"query-input":{"@type":"PropertyValueSpecification","valueRequired":true,"valueName":"search_term_string"}}],"inLanguage":"de"}]}},"_links":{"self":[{"href":"https:\/\/amk-group.com\/de\/wp-json\/wp\/v2\/pages\/857","targetHints":{"allow":["GET"]}}],"collection":[{"href":"https:\/\/amk-group.com\/de\/wp-json\/wp\/v2\/pages"}],"about":[{"href":"https:\/\/amk-group.com\/de\/wp-json\/wp\/v2\/types\/page"}],"author":[{"embeddable":true,"href":"https:\/\/amk-group.com\/de\/wp-json\/wp\/v2\/users\/2"}],"replies":[{"embeddable":true,"href":"https:\/\/amk-group.com\/de\/wp-json\/wp\/v2\/comments?post=857"}],"version-history":[{"count":26,"href":"https:\/\/amk-group.com\/de\/wp-json\/wp\/v2\/pages\/857\/revisions"}],"predecessor-version":[{"id":4189,"href":"https:\/\/amk-group.com\/de\/wp-json\/wp\/v2\/pages\/857\/revisions\/4189"}],"up":[{"embeddable":true,"href":"https:\/\/amk-group.com\/de\/wp-json\/wp\/v2\/pages\/363"}],"wp:attachment":[{"href":"https:\/\/amk-group.com\/de\/wp-json\/wp\/v2\/media?parent=857"}],"curies":[{"name":"wp","href":"https:\/\/api.w.org\/{rel}","templated":true}]}}