{"id":826,"date":"2022-05-13T08:36:05","date_gmt":"2022-05-13T06:36:05","guid":{"rendered":"https:\/\/amk-group.com\/?page_id=826"},"modified":"2025-10-28T08:07:31","modified_gmt":"2025-10-28T07:07:31","slug":"standorte","status":"publish","type":"page","link":"https:\/\/amk-group.com\/de\/ueber-uns\/standorte\/","title":{"rendered":"Standorte"},"content":{"rendered":"<div>Wir \u00fcber uns<\/div>\n<h1>Standorte<\/h1>\n<h2>\n<p style=\"text-align: center;\">Immer in Ihrer N\u00e4he<\/p>\n<\/h2>\n<div>\n<p style=\"text-align: center;\">Wir arbeiten kundenorientiert mit kurzen Reaktionszeiten und sind gerne f\u00fcr Sie erreichbar. Unsere Standorte finden Sie nachfolgend aufgelistet:<\/p>\n<\/div>\n<div>\n<h4>AMK Group &#8211; Hauptsitz Deutschland<\/h4>\n<p>AMK Holding GmbH &amp; Co. KG<br \/>AMK Automotive GmbH &amp; Co. KG<\/p>\n<p><strong>Besucheranschrift<\/strong><br \/>Waldstra\u00dfe 26 &#8211; 28<br \/>73773 Aichwald<\/p>\n<p><strong>Lieferungen &amp; Abholungen<\/strong><br \/>Eichenried 5<br \/>72587 R\u00f6merstein-Donnstetten<\/p>\n<p>Tel.: +49 711 90721-0<\/p>\n<p><a href=\"mailto:info@amk-group.com\">E-Mail<\/a><br \/><a href=\"mailto:sales-automotive@amk-group.com\">E-Mail Sales Automotive<\/a><br \/><a href=\"mailto:invoice@amk-group.com\">E-Mail Rechnungsversand<\/a><\/p>\n<p><a href=\"https:\/\/www.google.com\/maps\/place\/Waldstra%C3%9Fe+26,+73773+Aichwald\/@48.7471452,9.3809261,17z\/data=!3m1!4b1!4m5!3m4!1s0x4799b8a91935f957:0x9255ea4ed79a601a!8m2!3d48.7471452!4d9.3831148\">Route (Google-Maps)<\/a><\/p>\n<\/p>\n<h4>Produktion Erfurt<\/h4>\n<p>AMK\u00a0Automatisierungstechnik<br \/>GmbH &amp; Co. KG<br \/>Wilhelm-Wolff-Stra\u00dfe 17<br \/>99099 Erfurt<\/p>\n<p><a href=\"https:\/\/www.google.com\/maps\/place\/Aumatalweg+3,+07570+Weida\/@50.7708064,12.0444726,17z\/data=!3m1!4b1!4m5!3m4!1s0x47a6cc5126a87c45:0xc36c9a811069b74f!8m2!3d50.770803!4d12.0466613\">Route (Google-Maps)<\/a><\/p>\n<h4>Produktion Donnstetten<\/h4>\n<p>AMK Automotive GmbH &amp; Co. KG<br \/>Eichenried 5<br \/>72587 R\u00f6merstein-Donnstetten<\/p>\n<p><a href=\"https:\/\/www.google.com\/maps\/place\/Eichenried+5,+72587+R%C3%B6merstein\/@48.5127893,9.5606462,17z\/data=!3m1!4b1!4m5!3m4!1s0x47999b03533d6ee5:0xa23a48aaa022cae0!8m2!3d48.5127893!4d9.5628349\">Route (Google-Maps)<\/a><\/p>\n<\/p>\n<\/div>\n<div>\n<h4>Standort Irland<\/h4>\n<p>AMK Automotive Ireland Ltd.<br \/>Unit 626 Kilshane Avenue<br \/>North West Business Park<br \/>Ballycoolin, Dublin 15, Ireland<\/p>\n<p>Tel.: +353 18612 632<br \/>Fax: +353 18612 647<\/p>\n<p><a href=\"https:\/\/www.driveriteair.com\/de\">Homepage<\/a><br \/><a href=\"mailto:info@driveriteair.com\">E-Mail<\/a><\/p>\n<h4>Standort USA<\/h4>\n<p>AMK Automotive USA Inc.<br \/>48600 Five Mile Rd.<br \/>Northville, MI, 48168<\/p>\n<p><a href=\"mailto:info@amk-group.com\">E-Mail<\/a><a href=\"\/info@amk-group.com\" target=\"_blank\" rel=\"noopener\"><\/a><\/p>\n<\/p>\n<h4>Standort China<\/h4>\n<p>AMK (Anhui) Automotive E-drive Co., Ltd.<br \/>Intersection of Qingyi River Avenue<br \/>and Baocheng Road, Xuancheng<br \/>Economic and Technological<br \/>Development Zone,<br \/>Anhui Province,<br \/>CHN-242300<\/p>\n<p><a href=\"mailto:info@amk-group.com.cn\">E-Mail<\/a><\/p>\n<\/div>\n<p><!--more--><br \/>\n<!-- {\"name\":\"Template - Company\",\"type\":\"layout\",\"children\":[{\"type\":\"section\",\"props\":{\"class\":\"subpage-header\",\"header_transparent\":true,\"header_transparent_noplaceholder\":true,\"header_transparent_text_color\":\"light\",\"image\":\"wp-content\\\/uploads\\\/2022\\\/04\\\/amk_bg_wave.jpg\",\"image_position\":\"center-center\",\"image_size\":\"cover\",\"image_width\":\"2560\",\"media_overlay\":\"rgba(0, 0, 0, 0.29)\",\"media_overlay_gradient\":\"linear-gradient(180deg, rgba(0,0,0,0.2) 0%, rgba(0,0,0,0.2) 15%, rgba(255,255,255,0) 100%);\",\"padding\":\"xlarge\",\"style\":\"primary\",\"title_breakpoint\":\"xl\",\"title_position\":\"top-left\",\"title_rotation\":\"left\",\"vertical_align\":\"\",\"width\":\"default\"},\"children\":[{\"type\":\"row\",\"children\":[{\"type\":\"column\",\"props\":{\"image_position\":\"center-center\",\"position_sticky_breakpoint\":\"m\",\"vertical_align\":\"middle\"},\"children\":[{\"type\":\"headline\",\"props\":{\"content\":\"Wir \\u00fcber uns\",\"margin_remove_bottom\":false,\"text_align\":\"center\",\"title_element\":\"div\",\"title_style\":\"text-meta\"}},{\"type\":\"headline\",\"props\":{\"content\":\"Standorte\",\"margin_remove_top\":true,\"text_align\":\"center\",\"title_element\":\"h1\"}}]}]}],\"name\":\"Sektion - Header Unterseite\"},{\"type\":\"section\",\"props\":{\"image_position\":\"center-center\",\"style\":\"muted\",\"title_breakpoint\":\"xl\",\"title_position\":\"top-left\",\"title_rotation\":\"left\",\"vertical_align\":\"\",\"width\":\"default\"},\"children\":[{\"type\":\"row\",\"children\":[{\"type\":\"column\",\"props\":{\"image_position\":\"center-center\",\"position_sticky_breakpoint\":\"m\"},\"children\":[{\"type\":\"headline\",\"props\":{\"content\":\"\n\n<p style=\\\"text-align: center;\\\">Immer in Ihrer N\\u00e4he<\\\/p>\",\"title_element\":\"h2\",\"title_style\":\"h2\"},\"name\":\"Headline: h2\"},{\"type\":\"text\",\"props\":{\"column_breakpoint\":\"m\",\"content\":\"\n\n<p style=\\\"text-align: center;\\\">Wir arbeiten kundenorientiert mit kurzen Reaktionszeiten und sind gerne f\\u00fcr Sie erreichbar. Unsere Standorte finden Sie nachfolgend aufgelistet:<\\\/p>\",\"margin\":\"default\",\"text_style\":\"lead\"},\"name\":\"Text Lead\"}]}]}],\"name\":\"Sektion - H2 + Text links, Bild rechts\"},{\"type\":\"section\",\"props\":{\"image_position\":\"center-center\",\"style\":\"default\",\"title_breakpoint\":\"xl\",\"title_position\":\"top-left\",\"title_rotation\":\"left\",\"vertical_align\":\"\",\"width\":\"default\"},\"children\":[{\"type\":\"row\",\"props\":{\"layout\":\"1-2,1-2\"},\"children\":[{\"type\":\"column\",\"props\":{\"image_position\":\"center-center\",\"position_sticky_breakpoint\":\"m\",\"width_medium\":\"1-2\"},\"children\":[{\"type\":\"text\",\"props\":{\"column_breakpoint\":\"m\",\"content\":\"\n\n<h4>AMK Group - Hauptsitz Deutschland<\\\/h4>\\n\n\n<p>AMK Holding GmbH &amp; Co. KG<br \\\/>AMK Automotive GmbH &amp; Co. KG<\\\/p>\\n\n\n<p><strong>Besucheranschrift<\\\/strong><br \\\/>Waldstra\\u00dfe 26 - 28<br \\\/>73773 Aichwald<\\\/p>\\n\n\n<p><strong>Lieferungen &amp; Abholungen<\\\/strong><br \\\/>Eichenried 5<br \\\/>72587 R\\u00f6merstein-Donnstetten<\\\/p>\\n\n\n<p>Tel.: +49 711 90721-0<\\\/p>\\n\n\n<p><a href=\\\"mailto:info@amk-group.com\\\">E-Mail<\\\/a><br \\\/><a href=\\\"mailto:sales-automotive@amk-group.com\\\">E-Mail Sales Automotive<\\\/a><br \\\/><a href=\\\"mailto:invoice@amk-group.com\\\">E-Mail Rechnungsversand<\\\/a><\\\/p>\\n\n\n<p><a href=\\\"https:\\\/\\\/www.google.com\\\/maps\\\/place\\\/Waldstra%C3%9Fe+26,+73773+Aichwald\\\/@48.7471452,9.3809261,17z\\\/data=!3m1!4b1!4m5!3m4!1s0x4799b8a91935f957:0x9255ea4ed79a601a!8m2!3d48.7471452!4d9.3831148\\\">Route (Google-Maps)<\\\/a><\\\/p>\\n\n\n<p><\\\/p>\\n\n\n<h4>Produktion Erfurt<\\\/h4>\\n\n\n<p>AMK\\u00a0Automatisierungstechnik<br \\\/>GmbH &amp; Co. KG<br \\\/>Wilhelm-Wolff-Stra\\u00dfe 17<br \\\/>99099 Erfurt<\\\/p>\\n\n\n<p><a href=\\\"https:\\\/\\\/www.google.com\\\/maps\\\/place\\\/Aumatalweg+3,+07570+Weida\\\/@50.7708064,12.0444726,17z\\\/data=!3m1!4b1!4m5!3m4!1s0x47a6cc5126a87c45:0xc36c9a811069b74f!8m2!3d50.770803!4d12.0466613\\\">Route (Google-Maps)<\\\/a><\\\/p>\\n\n\n<h4>Produktion Donnstetten<\\\/h4>\\n\n\n<p>AMK Automotive GmbH &amp; Co. KG<br \\\/>Eichenried 5<br \\\/>72587 R\\u00f6merstein-Donnstetten<\\\/p>\\n\n\n<p><a href=\\\"https:\\\/\\\/www.google.com\\\/maps\\\/place\\\/Eichenried+5,+72587+R%C3%B6merstein\\\/@48.5127893,9.5606462,17z\\\/data=!3m1!4b1!4m5!3m4!1s0x47999b03533d6ee5:0xa23a48aaa022cae0!8m2!3d48.5127893!4d9.5628349\\\">Route (Google-Maps)<\\\/a><\\\/p>\\n\n\n<p><\\\/p>\",\"margin\":\"default\"}}]},{\"type\":\"column\",\"props\":{\"image_position\":\"center-center\",\"position_sticky_breakpoint\":\"m\",\"width_medium\":\"1-2\"},\"children\":[{\"type\":\"text\",\"props\":{\"column_breakpoint\":\"m\",\"content\":\"\n\n<h4>Standort Irland<\\\/h4>\\n\n\n<p>AMK Automotive Ireland Ltd.<br \\\/>Unit 626 Kilshane Avenue<br \\\/>North West Business Park<br \\\/>Ballycoolin, Dublin 15, Ireland<\\\/p>\\n\n\n<p>Tel.: +353 18612 632<br \\\/>Fax: +353 18612 647<\\\/p>\\n\n\n<p><a href=\\\"https:\\\/\\\/www.driveriteair.com\\\/de\\\">Homepage<\\\/a><br \\\/><a href=\\\"mailto:info@driveriteair.com\\\">E-Mail<\\\/a><\\\/p>\\n\n\n<h4>Standort USA<\\\/h4>\\n\n\n<p>AMK Automotive USA Inc.<br \\\/>48600 Five Mile Rd.<br \\\/>Northville, MI, 48168<\\\/p>\\n\n\n<p><a href=\\\"mailto:info@amk-group.com\\\">E-Mail<\\\/a><a href=\\\"info@amk-group.com\\\" target=\\\"_blank\\\" rel=\\\"noopener\\\"><\\\/a><\\\/p>\\n\n\n<p><\\\/p>\\n\n\n<h4>Standort China<\\\/h4>\\n\n\n<p>AMK (Anhui) Automotive E-drive Co., Ltd.<br \\\/>Intersection of Qingyi River Avenue<br \\\/>and Baocheng Road, Xuancheng<br \\\/>Economic and Technological<br \\\/>Development Zone,<br \\\/>Anhui Province,<br \\\/>CHN-242300<\\\/p>\\n\n\n<p><a href=\\\"mailto:info@amk-group.com.cn\\\">E-Mail<\\\/a><\\\/p>\",\"margin\":\"default\"}}]}]}]}],\"version\":\"4.4.16\"} --><\/p>\n","protected":false},"excerpt":{"rendered":"<p>Wir \u00fcber uns Standorte Immer in Ihrer N\u00e4he Wir arbeiten kundenorientiert mit kurzen Reaktionszeiten und sind gerne f\u00fcr Sie erreichbar. Unsere Standorte finden Sie nachfolgend aufgelistet: AMK Group &#8211; Hauptsitz Deutschland AMK Holding GmbH &amp; Co. KGAMK Automotive GmbH &amp; Co. KG BesucheranschriftWaldstra\u00dfe 26 &#8211; 2873773 Aichwald Lieferungen &amp; AbholungenEichenried 572587 R\u00f6merstein-Donnstetten Tel.: +49 711 [&hellip;]<\/p>\n","protected":false},"author":2,"featured_media":0,"parent":240,"menu_order":1,"comment_status":"closed","ping_status":"closed","template":"","meta":{"_acf_changed":false,"footnotes":""},"class_list":["post-826","page","type-page","status-publish","hentry"],"acf":[],"yoast_head":"<!-- This site is optimized with the Yoast SEO plugin v26.4 - https:\/\/yoast.com\/wordpress\/plugins\/seo\/ -->\n<title>Standorte - AMK Automotive<\/title>\n<meta name=\"description\" content=\"Wir arbeiten mit kurzen Reaktionszeiten an mehreren Standorten f\u00fcr Sie und sind gerne f\u00fcr Sie erreichbar.\" \/>\n<meta name=\"robots\" content=\"index, follow, max-snippet:-1, max-image-preview:large, max-video-preview:-1\" \/>\n<link rel=\"canonical\" href=\"https:\/\/amk-group.com\/de\/ueber-uns\/standorte\/\" \/>\n<meta property=\"og:locale\" content=\"de_DE\" \/>\n<meta property=\"og:type\" content=\"article\" \/>\n<meta property=\"og:title\" content=\"Standorte - AMK Automotive\" \/>\n<meta property=\"og:description\" content=\"Wir arbeiten mit kurzen Reaktionszeiten an mehreren Standorten f\u00fcr Sie und sind gerne f\u00fcr Sie erreichbar.\" \/>\n<meta property=\"og:url\" content=\"https:\/\/amk-group.com\/de\/ueber-uns\/standorte\/\" \/>\n<meta property=\"og:site_name\" content=\"AMK Automotive\" \/>\n<meta property=\"article:modified_time\" content=\"2025-10-28T07:07:31+00:00\" \/>\n<meta name=\"twitter:card\" content=\"summary_large_image\" \/>\n<meta name=\"twitter:label1\" content=\"Gesch\u00e4tzte Lesezeit\" \/>\n\t<meta name=\"twitter:data1\" content=\"1\u00a0Minute\" \/>\n<script type=\"application\/ld+json\" class=\"yoast-schema-graph\">{\"@context\":\"https:\/\/schema.org\",\"@graph\":[{\"@type\":\"WebPage\",\"@id\":\"https:\/\/amk-group.com\/de\/ueber-uns\/standorte\/\",\"url\":\"https:\/\/amk-group.com\/de\/ueber-uns\/standorte\/\",\"name\":\"Standorte - AMK Automotive\",\"isPartOf\":{\"@id\":\"https:\/\/amk-group.com\/de\/#website\"},\"datePublished\":\"2022-05-13T06:36:05+00:00\",\"dateModified\":\"2025-10-28T07:07:31+00:00\",\"description\":\"Wir arbeiten mit kurzen Reaktionszeiten an mehreren Standorten f\u00fcr Sie und sind gerne f\u00fcr Sie erreichbar.\",\"breadcrumb\":{\"@id\":\"https:\/\/amk-group.com\/de\/ueber-uns\/standorte\/#breadcrumb\"},\"inLanguage\":\"de\",\"potentialAction\":[{\"@type\":\"ReadAction\",\"target\":[\"https:\/\/amk-group.com\/de\/ueber-uns\/standorte\/\"]}]},{\"@type\":\"BreadcrumbList\",\"@id\":\"https:\/\/amk-group.com\/de\/ueber-uns\/standorte\/#breadcrumb\",\"itemListElement\":[{\"@type\":\"ListItem\",\"position\":1,\"name\":\"Startseite\",\"item\":\"https:\/\/amk-group.com\/de\/\"},{\"@type\":\"ListItem\",\"position\":2,\"name\":\"\u00dcber uns\",\"item\":\"https:\/\/amk-group.com\/de\/ueber-uns\/\"},{\"@type\":\"ListItem\",\"position\":3,\"name\":\"Standorte\"}]},{\"@type\":\"WebSite\",\"@id\":\"https:\/\/amk-group.com\/de\/#website\",\"url\":\"https:\/\/amk-group.com\/de\/\",\"name\":\"AMK Automotive\",\"description\":\"Drive your comfort!\",\"potentialAction\":[{\"@type\":\"SearchAction\",\"target\":{\"@type\":\"EntryPoint\",\"urlTemplate\":\"https:\/\/amk-group.com\/de\/?s={search_term_string}\"},\"query-input\":{\"@type\":\"PropertyValueSpecification\",\"valueRequired\":true,\"valueName\":\"search_term_string\"}}],\"inLanguage\":\"de\"}]}<\/script>\n<!-- \/ Yoast SEO plugin. -->","yoast_head_json":{"title":"Standorte - AMK Automotive","description":"Wir arbeiten mit kurzen Reaktionszeiten an mehreren Standorten f\u00fcr Sie und sind gerne f\u00fcr Sie erreichbar.","robots":{"index":"index","follow":"follow","max-snippet":"max-snippet:-1","max-image-preview":"max-image-preview:large","max-video-preview":"max-video-preview:-1"},"canonical":"https:\/\/amk-group.com\/de\/ueber-uns\/standorte\/","og_locale":"de_DE","og_type":"article","og_title":"Standorte - AMK Automotive","og_description":"Wir arbeiten mit kurzen Reaktionszeiten an mehreren Standorten f\u00fcr Sie und sind gerne f\u00fcr Sie erreichbar.","og_url":"https:\/\/amk-group.com\/de\/ueber-uns\/standorte\/","og_site_name":"AMK Automotive","article_modified_time":"2025-10-28T07:07:31+00:00","twitter_card":"summary_large_image","twitter_misc":{"Gesch\u00e4tzte Lesezeit":"1\u00a0Minute"},"schema":{"@context":"https:\/\/schema.org","@graph":[{"@type":"WebPage","@id":"https:\/\/amk-group.com\/de\/ueber-uns\/standorte\/","url":"https:\/\/amk-group.com\/de\/ueber-uns\/standorte\/","name":"Standorte - AMK Automotive","isPartOf":{"@id":"https:\/\/amk-group.com\/de\/#website"},"datePublished":"2022-05-13T06:36:05+00:00","dateModified":"2025-10-28T07:07:31+00:00","description":"Wir arbeiten mit kurzen Reaktionszeiten an mehreren Standorten f\u00fcr Sie und sind gerne f\u00fcr Sie erreichbar.","breadcrumb":{"@id":"https:\/\/amk-group.com\/de\/ueber-uns\/standorte\/#breadcrumb"},"inLanguage":"de","potentialAction":[{"@type":"ReadAction","target":["https:\/\/amk-group.com\/de\/ueber-uns\/standorte\/"]}]},{"@type":"BreadcrumbList","@id":"https:\/\/amk-group.com\/de\/ueber-uns\/standorte\/#breadcrumb","itemListElement":[{"@type":"ListItem","position":1,"name":"Startseite","item":"https:\/\/amk-group.com\/de\/"},{"@type":"ListItem","position":2,"name":"\u00dcber uns","item":"https:\/\/amk-group.com\/de\/ueber-uns\/"},{"@type":"ListItem","position":3,"name":"Standorte"}]},{"@type":"WebSite","@id":"https:\/\/amk-group.com\/de\/#website","url":"https:\/\/amk-group.com\/de\/","name":"AMK Automotive","description":"Drive your comfort!","potentialAction":[{"@type":"SearchAction","target":{"@type":"EntryPoint","urlTemplate":"https:\/\/amk-group.com\/de\/?s={search_term_string}"},"query-input":{"@type":"PropertyValueSpecification","valueRequired":true,"valueName":"search_term_string"}}],"inLanguage":"de"}]}},"_links":{"self":[{"href":"https:\/\/amk-group.com\/de\/wp-json\/wp\/v2\/pages\/826","targetHints":{"allow":["GET"]}}],"collection":[{"href":"https:\/\/amk-group.com\/de\/wp-json\/wp\/v2\/pages"}],"about":[{"href":"https:\/\/amk-group.com\/de\/wp-json\/wp\/v2\/types\/page"}],"author":[{"embeddable":true,"href":"https:\/\/amk-group.com\/de\/wp-json\/wp\/v2\/users\/2"}],"replies":[{"embeddable":true,"href":"https:\/\/amk-group.com\/de\/wp-json\/wp\/v2\/comments?post=826"}],"version-history":[{"count":24,"href":"https:\/\/amk-group.com\/de\/wp-json\/wp\/v2\/pages\/826\/revisions"}],"predecessor-version":[{"id":4684,"href":"https:\/\/amk-group.com\/de\/wp-json\/wp\/v2\/pages\/826\/revisions\/4684"}],"up":[{"embeddable":true,"href":"https:\/\/amk-group.com\/de\/wp-json\/wp\/v2\/pages\/240"}],"wp:attachment":[{"href":"https:\/\/amk-group.com\/de\/wp-json\/wp\/v2\/media?parent=826"}],"curies":[{"name":"wp","href":"https:\/\/api.w.org\/{rel}","templated":true}]}}