{"id":657,"date":"2022-04-20T12:39:59","date_gmt":"2022-04-20T10:39:59","guid":{"rendered":"https:\/\/amk-group.com\/?page_id=657"},"modified":"2023-02-13T10:21:44","modified_gmt":"2023-02-13T09:21:44","slug":"kontaktformular","status":"publish","type":"page","link":"https:\/\/amk-group.com\/de\/kontaktformular\/","title":{"rendered":"Kontakt"},"content":{"rendered":"<div>Kontakt<\/div>\n<h1>Kontaktformular<\/h1>\n<h2>Kontaktieren Sie uns.<\/h2>\n<div>\n<p>Kontaktieren Sie uns. Wir stehen Ihnen gerne mit Rat und Tat zur Seite und informieren Sie \u00fcber unsere Leistungen. Gerne finden wir f\u00fcr Sie den richtigen Ansprechpartner. In allen Bereichen unterst\u00fctzen Sie unsere Mitarbeiter schnell und kompetent.<\/p>\n<p>Wir freuen uns auf Ihre Nachricht.<\/p>\n<\/div>\n<div>\n\n<div class=\"wpcf7 no-js\" id=\"wpcf7-f524-o1\" lang=\"de-DE\" dir=\"ltr\" data-wpcf7-id=\"524\">\n<div class=\"screen-reader-response\"><p role=\"status\" aria-live=\"polite\" aria-atomic=\"true\"><\/p> <ul><\/ul><\/div>\n<form action=\"\/de\/wp-json\/wp\/v2\/pages\/657#wpcf7-f524-o1\" method=\"post\" class=\"wpcf7-form init wpcf7-acceptance-as-validation\" aria-label=\"Kontaktformular\" novalidate=\"novalidate\" data-status=\"init\">\n<fieldset class=\"hidden-fields-container\"><input type=\"hidden\" name=\"_wpcf7\" value=\"524\" \/><input type=\"hidden\" name=\"_wpcf7_version\" value=\"6.1.3\" \/><input type=\"hidden\" name=\"_wpcf7_locale\" value=\"de_DE\" \/><input type=\"hidden\" name=\"_wpcf7_unit_tag\" value=\"wpcf7-f524-o1\" \/><input type=\"hidden\" name=\"_wpcf7_container_post\" value=\"0\" \/><input type=\"hidden\" name=\"_wpcf7_posted_data_hash\" value=\"\" \/>\n<\/fieldset>\n<p><label> Name<br \/>\n<span class=\"wpcf7-form-control-wrap\" data-name=\"your-name\"><input size=\"40\" maxlength=\"400\" class=\"wpcf7-form-control wpcf7-text wpcf7-validates-as-required uk-input\" aria-required=\"true\" aria-invalid=\"false\" value=\"\" type=\"text\" name=\"your-name\" \/><\/span> <\/label>\n<\/p>\n<p><label> E-Mail-Adresse<br \/>\n<span class=\"wpcf7-form-control-wrap\" data-name=\"your-email\"><input size=\"40\" maxlength=\"400\" class=\"wpcf7-form-control wpcf7-email wpcf7-validates-as-required wpcf7-text wpcf7-validates-as-email uk-input\" aria-required=\"true\" aria-invalid=\"false\" value=\"\" type=\"email\" name=\"your-email\" \/><\/span> <\/label>\n<\/p>\n<p><label> Betreff<br \/>\n<span class=\"wpcf7-form-control-wrap\" data-name=\"your-subject\"><input size=\"40\" maxlength=\"400\" class=\"wpcf7-form-control wpcf7-text wpcf7-validates-as-required uk-input\" aria-required=\"true\" aria-invalid=\"false\" value=\"\" type=\"text\" name=\"your-subject\" \/><\/span> <\/label>\n<\/p>\n<p><label> Nachricht<br \/>\n<span class=\"wpcf7-form-control-wrap\" data-name=\"your-message\"><textarea cols=\"40\" rows=\"10\" maxlength=\"2000\" class=\"wpcf7-form-control wpcf7-textarea uk-input\" aria-invalid=\"false\" name=\"your-message\"><\/textarea><\/span> <\/label>\n<\/p>\n<div>\n\t<p><span class=\"wpcf7-form-control-wrap\" data-name=\"random-math-quiz\"><label><span class=\"wpcf7-quiz-label\">Spamschutz: Wie viel ist 4 minus 2?*<\/span> <input size=\"40\" class=\"wpcf7-form-control wpcf7-quiz\" autocomplete=\"off\" aria-required=\"true\" aria-invalid=\"false\" type=\"text\" name=\"random-math-quiz\" \/><\/label><input type=\"hidden\" name=\"_wpcf7_quiz_answer_random-math-quiz\" value=\"96f6a2de5d0cd873b35e9effbd1b9543\" \/><\/span>\n\t<\/p>\n<\/div>\n<p><br \/>\n<span class=\"wpcf7-form-control-wrap\" data-name=\"accept-this-1\"><span class=\"wpcf7-form-control wpcf7-acceptance\"><span class=\"wpcf7-list-item\"><label><input type=\"checkbox\" name=\"accept-this-1\" value=\"1\" aria-invalid=\"false\" \/><span class=\"wpcf7-list-item-label\"><label>Ich willige in die Erhebung, Verarbeitung und Nutzung meiner Daten zum Zwecke der Bearbeitung meiner Anfrage wie in der <a style=\"text-decoration:underline;\" href=\"\/datenschutzerklaerung\" target=\"_blank\">Datenschutzerkl\u00e4rung<\/a> aufgef\u00fchrt ein und gestatte, mich per E-Mail, per Telefon oder schriftlich zu kontaktieren.*<\/label><\/span><\/label><\/span><\/span><\/span>\n<\/p>\n<p><input class=\"wpcf7-form-control wpcf7-submit has-spinner uk-button uk-button-primary\" type=\"submit\" value=\"Abschicken\" \/>\n<\/p>\n<p><span style=\"font-size:8pt;\">* Pflichtfeld<\/span>\n<\/p><div class=\"wpcf7-response-output\" aria-hidden=\"true\"><\/div>\n<\/form>\n<\/div>\n<\/div>\n<p><!--more--><br \/>\n<!-- {\"name\":\"Backup - Kontakt DE\",\"type\":\"layout\",\"children\":[{\"type\":\"section\",\"props\":{\"class\":\"subpage-header\",\"header_transparent\":\"light\",\"header_transparent_noplaceholder\":true,\"image\":\"wp-content\\\/uploads\\\/2022\\\/08\\\/WEB701_kontakt_headbanner.jpg\",\"image_effect\":\"parallax\",\"image_parallax_easing\":\"1\",\"image_position\":\"center-center\",\"image_size\":\"cover\",\"image_width\":\"2560\",\"media_overlay\":\"rgba(0, 0, 0, 0.29)\",\"media_overlay_gradient\":\"linear-gradient(180deg, rgba(0,0,0,0.2) 0%, rgba(0,0,0,0.2) 15%, rgba(255,255,255,0) 100%);\",\"padding\":\"xlarge\",\"style\":\"primary\",\"title_breakpoint\":\"xl\",\"title_position\":\"top-left\",\"title_rotation\":\"left\",\"vertical_align\":\"middle\",\"width\":\"default\"},\"children\":[{\"type\":\"row\",\"children\":[{\"type\":\"column\",\"props\":{\"image_position\":\"center-center\",\"media_overlay_gradient\":\"\",\"position_sticky_breakpoint\":\"m\",\"vertical_align\":\"middle\"},\"children\":[{\"type\":\"headline\",\"props\":{\"content\":\"Kontakt\",\"margin_remove_bottom\":false,\"text_align\":\"center\",\"title_element\":\"div\",\"title_style\":\"text-meta\"}},{\"type\":\"headline\",\"props\":{\"content\":\"Kontaktformular\",\"margin_remove_top\":true,\"text_align\":\"center\",\"title_element\":\"h1\"}}]}]}],\"name\":\"Subpage Header\"},{\"type\":\"section\",\"props\":{\"image_position\":\"center-center\",\"style\":\"default\",\"title_breakpoint\":\"xl\",\"title_position\":\"top-left\",\"title_rotation\":\"left\",\"vertical_align\":\"middle\",\"width\":\"default\"},\"children\":[{\"type\":\"row\",\"props\":{\"column_gap\":\"large\",\"layout\":\"1-2,1-2\"},\"children\":[{\"type\":\"column\",\"props\":{\"image_position\":\"center-center\",\"media_overlay_gradient\":\"\",\"position_sticky_breakpoint\":\"m\",\"width_medium\":\"1-2\"},\"children\":[{\"type\":\"headline\",\"props\":{\"content\":\"Kontaktieren Sie uns.\",\"title_element\":\"h2\",\"title_style\":\"h1\"},\"name\":\"Headline: h2 -> h1\"},{\"type\":\"text\",\"props\":{\"column_breakpoint\":\"m\",\"content\":\"\n\n<p>Kontaktieren Sie uns. Wir stehen Ihnen gerne mit Rat und Tat zur Seite und informieren Sie \\u00fcber unsere Leistungen. Gerne finden wir f\\u00fcr Sie den richtigen Ansprechpartner. In allen Bereichen unterst\\u00fctzen Sie unsere Mitarbeiter schnell und kompetent.<\\\/p>\\n\n\n<p>Wir freuen uns auf Ihre Nachricht.<\\\/p>\",\"margin\":\"default\",\"text_align\":\"justify\"}}]},{\"type\":\"column\",\"props\":{\"image_position\":\"center-center\",\"media_overlay_gradient\":\"\",\"position_sticky_breakpoint\":\"m\",\"width_medium\":\"1-2\"},\"children\":[{\"type\":\"html\",\"props\":{\"content\":\"[contact-form-7 id=\\\"524\\\" title=\\\"Kontaktformular DE\\\"]\"}}]}]}]}],\"version\":\"3.0.10\"} --><\/p>\n","protected":false},"excerpt":{"rendered":"<p>Kontakt Kontaktformular Kontaktieren Sie uns. Kontaktieren Sie uns. Wir stehen Ihnen gerne mit Rat und Tat zur Seite und informieren Sie \u00fcber unsere Leistungen. Gerne finden wir f\u00fcr Sie den richtigen Ansprechpartner. In allen Bereichen unterst\u00fctzen Sie unsere Mitarbeiter schnell und kompetent. Wir freuen uns auf Ihre Nachricht.<\/p>\n","protected":false},"author":1,"featured_media":0,"parent":0,"menu_order":1,"comment_status":"closed","ping_status":"closed","template":"","meta":{"_acf_changed":false,"footnotes":""},"class_list":["post-657","page","type-page","status-publish","hentry"],"acf":[],"yoast_head":"<!-- This site is optimized with the Yoast SEO plugin v26.4 - https:\/\/yoast.com\/wordpress\/plugins\/seo\/ -->\n<title>Kontakt - AMK Automotive<\/title>\n<meta name=\"robots\" content=\"index, follow, max-snippet:-1, max-image-preview:large, max-video-preview:-1\" \/>\n<link rel=\"canonical\" href=\"https:\/\/amk-group.com\/de\/kontaktformular\/\" \/>\n<meta property=\"og:locale\" content=\"de_DE\" \/>\n<meta property=\"og:type\" content=\"article\" \/>\n<meta property=\"og:title\" content=\"Kontakt - AMK Automotive\" \/>\n<meta property=\"og:description\" content=\"Kontakt Kontaktformular Kontaktieren Sie uns. Kontaktieren Sie uns. Wir stehen Ihnen gerne mit Rat und Tat zur Seite und informieren Sie \u00fcber unsere Leistungen. Gerne finden wir f\u00fcr Sie den richtigen Ansprechpartner. In allen Bereichen unterst\u00fctzen Sie unsere Mitarbeiter schnell und kompetent. Wir freuen uns auf Ihre Nachricht.\" \/>\n<meta property=\"og:url\" content=\"https:\/\/amk-group.com\/de\/kontaktformular\/\" \/>\n<meta property=\"og:site_name\" content=\"AMK Automotive\" \/>\n<meta property=\"article:modified_time\" content=\"2023-02-13T09:21:44+00:00\" \/>\n<meta name=\"twitter:card\" content=\"summary_large_image\" \/>\n<script type=\"application\/ld+json\" class=\"yoast-schema-graph\">{\"@context\":\"https:\/\/schema.org\",\"@graph\":[{\"@type\":\"WebPage\",\"@id\":\"https:\/\/amk-group.com\/de\/kontaktformular\/\",\"url\":\"https:\/\/amk-group.com\/de\/kontaktformular\/\",\"name\":\"Kontakt - AMK Automotive\",\"isPartOf\":{\"@id\":\"https:\/\/amk-group.com\/de\/#website\"},\"datePublished\":\"2022-04-20T10:39:59+00:00\",\"dateModified\":\"2023-02-13T09:21:44+00:00\",\"breadcrumb\":{\"@id\":\"https:\/\/amk-group.com\/de\/kontaktformular\/#breadcrumb\"},\"inLanguage\":\"de\",\"potentialAction\":[{\"@type\":\"ReadAction\",\"target\":[\"https:\/\/amk-group.com\/de\/kontaktformular\/\"]}]},{\"@type\":\"BreadcrumbList\",\"@id\":\"https:\/\/amk-group.com\/de\/kontaktformular\/#breadcrumb\",\"itemListElement\":[{\"@type\":\"ListItem\",\"position\":1,\"name\":\"Startseite\",\"item\":\"https:\/\/amk-group.com\/de\/\"},{\"@type\":\"ListItem\",\"position\":2,\"name\":\"Kontakt\"}]},{\"@type\":\"WebSite\",\"@id\":\"https:\/\/amk-group.com\/de\/#website\",\"url\":\"https:\/\/amk-group.com\/de\/\",\"name\":\"AMK Automotive\",\"description\":\"Drive your comfort!\",\"potentialAction\":[{\"@type\":\"SearchAction\",\"target\":{\"@type\":\"EntryPoint\",\"urlTemplate\":\"https:\/\/amk-group.com\/de\/?s={search_term_string}\"},\"query-input\":{\"@type\":\"PropertyValueSpecification\",\"valueRequired\":true,\"valueName\":\"search_term_string\"}}],\"inLanguage\":\"de\"}]}<\/script>\n<!-- \/ Yoast SEO plugin. -->","yoast_head_json":{"title":"Kontakt - AMK Automotive","robots":{"index":"index","follow":"follow","max-snippet":"max-snippet:-1","max-image-preview":"max-image-preview:large","max-video-preview":"max-video-preview:-1"},"canonical":"https:\/\/amk-group.com\/de\/kontaktformular\/","og_locale":"de_DE","og_type":"article","og_title":"Kontakt - AMK Automotive","og_description":"Kontakt Kontaktformular Kontaktieren Sie uns. Kontaktieren Sie uns. Wir stehen Ihnen gerne mit Rat und Tat zur Seite und informieren Sie \u00fcber unsere Leistungen. Gerne finden wir f\u00fcr Sie den richtigen Ansprechpartner. In allen Bereichen unterst\u00fctzen Sie unsere Mitarbeiter schnell und kompetent. Wir freuen uns auf Ihre Nachricht.","og_url":"https:\/\/amk-group.com\/de\/kontaktformular\/","og_site_name":"AMK Automotive","article_modified_time":"2023-02-13T09:21:44+00:00","twitter_card":"summary_large_image","schema":{"@context":"https:\/\/schema.org","@graph":[{"@type":"WebPage","@id":"https:\/\/amk-group.com\/de\/kontaktformular\/","url":"https:\/\/amk-group.com\/de\/kontaktformular\/","name":"Kontakt - AMK Automotive","isPartOf":{"@id":"https:\/\/amk-group.com\/de\/#website"},"datePublished":"2022-04-20T10:39:59+00:00","dateModified":"2023-02-13T09:21:44+00:00","breadcrumb":{"@id":"https:\/\/amk-group.com\/de\/kontaktformular\/#breadcrumb"},"inLanguage":"de","potentialAction":[{"@type":"ReadAction","target":["https:\/\/amk-group.com\/de\/kontaktformular\/"]}]},{"@type":"BreadcrumbList","@id":"https:\/\/amk-group.com\/de\/kontaktformular\/#breadcrumb","itemListElement":[{"@type":"ListItem","position":1,"name":"Startseite","item":"https:\/\/amk-group.com\/de\/"},{"@type":"ListItem","position":2,"name":"Kontakt"}]},{"@type":"WebSite","@id":"https:\/\/amk-group.com\/de\/#website","url":"https:\/\/amk-group.com\/de\/","name":"AMK Automotive","description":"Drive your comfort!","potentialAction":[{"@type":"SearchAction","target":{"@type":"EntryPoint","urlTemplate":"https:\/\/amk-group.com\/de\/?s={search_term_string}"},"query-input":{"@type":"PropertyValueSpecification","valueRequired":true,"valueName":"search_term_string"}}],"inLanguage":"de"}]}},"_links":{"self":[{"href":"https:\/\/amk-group.com\/de\/wp-json\/wp\/v2\/pages\/657","targetHints":{"allow":["GET"]}}],"collection":[{"href":"https:\/\/amk-group.com\/de\/wp-json\/wp\/v2\/pages"}],"about":[{"href":"https:\/\/amk-group.com\/de\/wp-json\/wp\/v2\/types\/page"}],"author":[{"embeddable":true,"href":"https:\/\/amk-group.com\/de\/wp-json\/wp\/v2\/users\/1"}],"replies":[{"embeddable":true,"href":"https:\/\/amk-group.com\/de\/wp-json\/wp\/v2\/comments?post=657"}],"version-history":[{"count":8,"href":"https:\/\/amk-group.com\/de\/wp-json\/wp\/v2\/pages\/657\/revisions"}],"predecessor-version":[{"id":2701,"href":"https:\/\/amk-group.com\/de\/wp-json\/wp\/v2\/pages\/657\/revisions\/2701"}],"wp:attachment":[{"href":"https:\/\/amk-group.com\/de\/wp-json\/wp\/v2\/media?parent=657"}],"curies":[{"name":"wp","href":"https:\/\/api.w.org\/{rel}","templated":true}]}}