{"id":481,"date":"2022-04-06T16:31:50","date_gmt":"2022-04-06T14:31:50","guid":{"rendered":"https:\/\/amk-group.com\/imprint\/"},"modified":"2022-09-13T08:39:57","modified_gmt":"2022-09-13T06:39:57","slug":"impressum","status":"publish","type":"page","link":"https:\/\/amk-group.com\/de\/impressum\/","title":{"rendered":"Impressum"},"content":{"rendered":"<h1>Impressum<\/h1>\n<div>\n<p>AMK Holding GmbH &amp; Co. KG<br \/>Waldstra\u00dfe 26 &#8211; 28<br \/>D-73773 Aichwald<\/p>\n<p>Telefon: +49 711 90721-0<\/p>\n<p>E-Mail: <a href=\"mailto:info@amk-group.com\">info@amk-group.com<\/a><\/p>\n<p><strong>Copyright\u00a0<\/strong><\/p>\n<p>Alle Texte, Bilder und weitere hier ver\u00f6ffentlichte Informationen unterliegen dem Copyright der AMK Holding GmbH &amp; Co. KG bzw. AMK Automotive GmbH &amp; Co. KG, Deutschland. Eine Reproduktion oder Wiedergabe des Ganzen oder von Teilen ist ohne schriftliche Genehmigung der AMK Holding GmbH &amp; Co. KG nicht gestattet.\u00a0<\/p>\n<p><strong>Rechtshinweis\u00a0<\/strong><\/p>\n<p>Die AMK Holding GmbH &amp; Co. KG stellt Inhalte dieser Internetseite mit gro\u00dfer Sorgfalt zusammen und sorgt f\u00fcr deren regelm\u00e4\u00dfige Aktualisierung. Die Angaben dienen dennoch nur der unverbindlichen allgemeinen Information und ersetzen nicht die individuelle Beratung f\u00fcr eine Kaufentscheidung.\u00a0<\/p>\n<p>Die abgebildeten Produkte zeigen die Varianten f\u00fcr die Bundesrepublik Deutschland. In verschiedenen L\u00e4ndern sind aufgrund l\u00e4nderspezifischer Bestimmungen und Auflagen nicht alle Produkte verf\u00fcgbar. \u00c4nderungen von Konstruktionen, Abweichungen und Lieferumfang bleiben vorbehalten.\u00a0<\/p>\n<p>Die AMK Holding GmbH &amp; Co. KG \u00fcbernimmt keine Gew\u00e4hr f\u00fcr die Aktualit\u00e4t, Richtigkeit und Vollst\u00e4ndigkeit der Informationen auf diesen Seiten oder den jederzeitigen st\u00f6rungsfreien Zugang. Wenn wir auf Internetseiten Dritter verweisen (Links), \u00fcbernimmt die AMK Holding GmbH &amp; Co. KG keine Verantwortung f\u00fcr die Inhalte der verlinkten Seiten. Weiterhin schlie\u00dft die AMK Holding\u00a0GmbH &amp; Co. KG ihre Haftung bei Serviceleistungen, insbesondere beim Download von durch die AMK Holding\u00a0GmbH &amp; Co. KG zur Verf\u00fcgung gestellten Dateien auf den Internetseiten der AMK Holding\u00a0GmbH &amp; Co. KG f\u00fcr leicht fahrl\u00e4ssige Pflichtverletzung aus.<\/p>\n<p><strong>Links auf die Seiten der AMK Holding GmbH &amp; Co. KG\u00a0<\/strong><\/p>\n<p>Das Setzen von Hyperlinks auf die Web-Seiten der AMK Holding\u00a0GmbH &amp; Co. KG bedarf vor deren Setzung der schriftlichen Einwilligung der AMK Holding\u00a0GmbH &amp; Co. KG. Die AMK Holding\u00a0GmbH &amp; Co. KG beh\u00e4lt sich das Recht vor, das Setzen von Links zu untersagen.\u00a0<\/p>\n<p><strong>Impressum\u00a0<\/strong><\/p>\n<p>AMK Holding\u00a0GmbH &amp; Co. KG<br \/>Waldstra\u00dfe 26 &#8211; 28<br \/>D-73773 Aichwald<\/p>\n<p>Registergericht: Stuttgart HRA 231215<\/p>\n<p>Ust.-Id-Nr.: DE 242 511 047<br \/>\u00a0<\/p>\n<p>Pers\u00f6nlich haftende Gesellschafterin:\u00a0AMK Holding\u00a0Verwaltungsgesellschaft mbH<br \/>Sitz: 73773 Aichwald<br \/>Registergericht: Stuttgart HRB 230208\u00a0<br \/>Gesch\u00e4ftsf\u00fchrer: Mi Zhou<\/p>\n<\/p>\n<\/div>\n<p><!--more--><br \/>\n<!-- {\"name\":\"Template - Simple Subpage\",\"type\":\"layout\",\"children\":[{\"type\":\"section\",\"props\":{\"style\":\"primary\",\"width\":\"default\",\"vertical_align\":\"middle\",\"title_position\":\"top-left\",\"title_rotation\":\"left\",\"title_breakpoint\":\"xl\",\"image_position\":\"center-center\",\"image\":\"wp-content\\\/uploads\\\/2022\\\/04\\\/amk_bg_wave_l.jpg\",\"image_size\":\"cover\",\"image_width\":\"2560\",\"class\":\"subpage-header\",\"header_transparent\":\"light\",\"header_transparent_noplaceholder\":true,\"padding\":\"xlarge\",\"media_overlay\":\"rgba(0, 0, 0, 0)\",\"media_overlay_gradient\":\"linear-gradient(180deg, rgba(0,0,0,0.2) 0%, rgba(0,0,0,0.2) 15%, rgba(255,255,255,0) 100%);\"},\"children\":[{\"type\":\"row\",\"children\":[{\"type\":\"column\",\"props\":{\"position_sticky_breakpoint\":\"m\",\"image_position\":\"center-center\",\"media_overlay_gradient\":\"\",\"vertical_align\":\"middle\"},\"children\":[{\"type\":\"headline\",\"props\":{\"title_element\":\"h1\",\"content\":\"Impressum\",\"text_align\":\"center\",\"margin_remove_top\":true}}]}]}],\"name\":\"Sektion - Header Unterseite\"},{\"type\":\"section\",\"props\":{\"style\":\"default\",\"width\":\"default\",\"vertical_align\":\"middle\",\"title_position\":\"top-left\",\"title_rotation\":\"left\",\"title_breakpoint\":\"xl\",\"image_position\":\"center-center\"},\"children\":[{\"type\":\"row\",\"children\":[{\"type\":\"column\",\"props\":{\"position_sticky_breakpoint\":\"m\",\"image_position\":\"center-center\",\"media_overlay_gradient\":\"\"},\"children\":[{\"type\":\"text\",\"props\":{\"margin\":\"default\",\"column_breakpoint\":\"m\",\"content\":\"\n\n<p>AMK Holding GmbH &amp; Co. KG<br \\\/>Waldstra\\u00dfe 26 - 28<br \\\/>D-73773 Aichwald<\\\/p>\\n\n\n<p>Telefon: +49 711 90721-0<\\\/p>\\n\n\n<p>E-Mail: <a href=\\\"mailto:info@amk-group.com\\\">info@amk-group.com<\\\/a><\\\/p>\\n\n\n<p><strong>Copyright\\u00a0<\\\/strong><\\\/p>\\n\n\n<p>Alle Texte, Bilder und weitere hier ver\\u00f6ffentlichte Informationen unterliegen dem Copyright der AMK Holding GmbH &amp; Co. KG bzw. AMK Automotive GmbH &amp; Co. KG, Deutschland. Eine Reproduktion oder Wiedergabe des Ganzen oder von Teilen ist ohne schriftliche Genehmigung der AMK Holding GmbH &amp; Co. KG nicht gestattet.\\u00a0<\\\/p>\\n\n\n<p><strong>Rechtshinweis\\u00a0<\\\/strong><\\\/p>\\n\n\n<p>Die AMK Holding GmbH &amp; Co. KG stellt Inhalte dieser Internetseite mit gro\\u00dfer Sorgfalt zusammen und sorgt f\\u00fcr deren regelm\\u00e4\\u00dfige Aktualisierung. Die Angaben dienen dennoch nur der unverbindlichen allgemeinen Information und ersetzen nicht die individuelle Beratung f\\u00fcr eine Kaufentscheidung.\\u00a0<\\\/p>\\n\n\n<p>Die abgebildeten Produkte zeigen die Varianten f\\u00fcr die Bundesrepublik Deutschland. In verschiedenen L\\u00e4ndern sind aufgrund l\\u00e4nderspezifischer Bestimmungen und Auflagen nicht alle Produkte verf\\u00fcgbar. \\u00c4nderungen von Konstruktionen, Abweichungen und Lieferumfang bleiben vorbehalten.\\u00a0<\\\/p>\\n\n\n<p>Die AMK Holding GmbH &amp; Co. KG \\u00fcbernimmt keine Gew\\u00e4hr f\\u00fcr die Aktualit\\u00e4t, Richtigkeit und Vollst\\u00e4ndigkeit der Informationen auf diesen Seiten oder den jederzeitigen st\\u00f6rungsfreien Zugang. Wenn wir auf Internetseiten Dritter verweisen (Links), \\u00fcbernimmt die AMK Holding GmbH &amp; Co. KG keine Verantwortung f\\u00fcr die Inhalte der verlinkten Seiten. Weiterhin schlie\\u00dft die AMK Holding\\u00a0GmbH &amp; Co. KG ihre Haftung bei Serviceleistungen, insbesondere beim Download von durch die AMK Holding\\u00a0GmbH &amp; Co. KG zur Verf\\u00fcgung gestellten Dateien auf den Internetseiten der AMK Holding\\u00a0GmbH &amp; Co. KG f\\u00fcr leicht fahrl\\u00e4ssige Pflichtverletzung aus.<\\\/p>\\n\n\n<p><strong>Links auf die Seiten der AMK Holding GmbH &amp; Co. KG\\u00a0<\\\/strong><\\\/p>\\n\n\n<p>Das Setzen von Hyperlinks auf die Web-Seiten der AMK Holding\\u00a0GmbH &amp; Co. KG bedarf vor deren Setzung der schriftlichen Einwilligung der AMK Holding\\u00a0GmbH &amp; Co. KG. Die AMK Holding\\u00a0GmbH &amp; Co. KG beh\\u00e4lt sich das Recht vor, das Setzen von Links zu untersagen.\\u00a0<\\\/p>\\n\n\n<p><strong>Impressum\\u00a0<\\\/strong><\\\/p>\\n\n\n<p>AMK Holding\\u00a0GmbH &amp; Co. KG<br \\\/>Waldstra\\u00dfe 26 - 28<br \\\/>D-73773 Aichwald<\\\/p>\\n\n\n<p>Registergericht: Stuttgart HRA 231215<\\\/p>\\n\n\n<p>Ust.-Id-Nr.: DE 242 511 047<br \\\/>\\u00a0<\\\/p>\\n\n\n<p>Pers\\u00f6nlich haftende Gesellschafterin:\\u00a0AMK Holding\\u00a0Verwaltungsgesellschaft mbH<br \\\/>Sitz: 73773 Aichwald<br \\\/>Registergericht: Stuttgart HRB 230208\\u00a0<br \\\/>Gesch\\u00e4ftsf\\u00fchrer: Mi Zhou<\\\/p>\\n\n\n<p><\\\/p>\"}}]}]}],\"name\":\"Sektion - H2 + Text links, Bild rechts\"}],\"version\":\"2.7.22\"} --><\/p>\n","protected":false},"excerpt":{"rendered":"<p>Impressum AMK Holding GmbH &amp; Co. KGWaldstra\u00dfe 26 &#8211; 28D-73773 Aichwald Telefon: +49 711 90721-0 E-Mail: info@amk-group.com Copyright\u00a0 Alle Texte, Bilder und weitere hier ver\u00f6ffentlichte Informationen unterliegen dem Copyright der AMK Holding GmbH &amp; Co. KG bzw. AMK Automotive GmbH &amp; Co. KG, Deutschland. Eine Reproduktion oder Wiedergabe des Ganzen oder von Teilen ist ohne [&hellip;]<\/p>\n","protected":false},"author":1,"featured_media":0,"parent":0,"menu_order":0,"comment_status":"closed","ping_status":"closed","template":"","meta":{"_acf_changed":false,"footnotes":""},"class_list":["post-481","page","type-page","status-publish","hentry"],"acf":[],"yoast_head":"<!-- This site is optimized with the Yoast SEO plugin v26.4 - https:\/\/yoast.com\/wordpress\/plugins\/seo\/ -->\n<title>Impressum - AMK Automotive<\/title>\n<meta name=\"robots\" content=\"index, follow, max-snippet:-1, max-image-preview:large, max-video-preview:-1\" \/>\n<link rel=\"canonical\" href=\"https:\/\/amk-group.com\/de\/impressum\/\" \/>\n<meta property=\"og:locale\" content=\"de_DE\" \/>\n<meta property=\"og:type\" content=\"article\" \/>\n<meta property=\"og:title\" content=\"Impressum - AMK Automotive\" \/>\n<meta property=\"og:description\" content=\"Impressum AMK Holding GmbH &amp; Co. KGWaldstra\u00dfe 26 &#8211; 28D-73773 Aichwald Telefon: +49 711 90721-0 E-Mail: info@amk-group.com Copyright\u00a0 Alle Texte, Bilder und weitere hier ver\u00f6ffentlichte Informationen unterliegen dem Copyright der AMK Holding GmbH &amp; Co. KG bzw. AMK Automotive GmbH &amp; Co. KG, Deutschland. Eine Reproduktion oder Wiedergabe des Ganzen oder von Teilen ist ohne [&hellip;]\" \/>\n<meta property=\"og:url\" content=\"https:\/\/amk-group.com\/de\/impressum\/\" \/>\n<meta property=\"og:site_name\" content=\"AMK Automotive\" \/>\n<meta property=\"article:modified_time\" content=\"2022-09-13T06:39:57+00:00\" \/>\n<meta name=\"twitter:card\" content=\"summary_large_image\" \/>\n<meta name=\"twitter:label1\" content=\"Gesch\u00e4tzte Lesezeit\" \/>\n\t<meta name=\"twitter:data1\" content=\"2\u00a0Minuten\" \/>\n<script type=\"application\/ld+json\" class=\"yoast-schema-graph\">{\"@context\":\"https:\/\/schema.org\",\"@graph\":[{\"@type\":\"WebPage\",\"@id\":\"https:\/\/amk-group.com\/de\/impressum\/\",\"url\":\"https:\/\/amk-group.com\/de\/impressum\/\",\"name\":\"Impressum - AMK Automotive\",\"isPartOf\":{\"@id\":\"https:\/\/amk-group.com\/de\/#website\"},\"datePublished\":\"2022-04-06T14:31:50+00:00\",\"dateModified\":\"2022-09-13T06:39:57+00:00\",\"breadcrumb\":{\"@id\":\"https:\/\/amk-group.com\/de\/impressum\/#breadcrumb\"},\"inLanguage\":\"de\",\"potentialAction\":[{\"@type\":\"ReadAction\",\"target\":[\"https:\/\/amk-group.com\/de\/impressum\/\"]}]},{\"@type\":\"BreadcrumbList\",\"@id\":\"https:\/\/amk-group.com\/de\/impressum\/#breadcrumb\",\"itemListElement\":[{\"@type\":\"ListItem\",\"position\":1,\"name\":\"Startseite\",\"item\":\"https:\/\/amk-group.com\/de\/\"},{\"@type\":\"ListItem\",\"position\":2,\"name\":\"Impressum\"}]},{\"@type\":\"WebSite\",\"@id\":\"https:\/\/amk-group.com\/de\/#website\",\"url\":\"https:\/\/amk-group.com\/de\/\",\"name\":\"AMK Automotive\",\"description\":\"Drive your comfort!\",\"potentialAction\":[{\"@type\":\"SearchAction\",\"target\":{\"@type\":\"EntryPoint\",\"urlTemplate\":\"https:\/\/amk-group.com\/de\/?s={search_term_string}\"},\"query-input\":{\"@type\":\"PropertyValueSpecification\",\"valueRequired\":true,\"valueName\":\"search_term_string\"}}],\"inLanguage\":\"de\"}]}<\/script>\n<!-- \/ Yoast SEO plugin. -->","yoast_head_json":{"title":"Impressum - AMK Automotive","robots":{"index":"index","follow":"follow","max-snippet":"max-snippet:-1","max-image-preview":"max-image-preview:large","max-video-preview":"max-video-preview:-1"},"canonical":"https:\/\/amk-group.com\/de\/impressum\/","og_locale":"de_DE","og_type":"article","og_title":"Impressum - AMK Automotive","og_description":"Impressum AMK Holding GmbH &amp; Co. KGWaldstra\u00dfe 26 &#8211; 28D-73773 Aichwald Telefon: +49 711 90721-0 E-Mail: info@amk-group.com Copyright\u00a0 Alle Texte, Bilder und weitere hier ver\u00f6ffentlichte Informationen unterliegen dem Copyright der AMK Holding GmbH &amp; Co. KG bzw. AMK Automotive GmbH &amp; Co. KG, Deutschland. Eine Reproduktion oder Wiedergabe des Ganzen oder von Teilen ist ohne [&hellip;]","og_url":"https:\/\/amk-group.com\/de\/impressum\/","og_site_name":"AMK Automotive","article_modified_time":"2022-09-13T06:39:57+00:00","twitter_card":"summary_large_image","twitter_misc":{"Gesch\u00e4tzte Lesezeit":"2\u00a0Minuten"},"schema":{"@context":"https:\/\/schema.org","@graph":[{"@type":"WebPage","@id":"https:\/\/amk-group.com\/de\/impressum\/","url":"https:\/\/amk-group.com\/de\/impressum\/","name":"Impressum - AMK Automotive","isPartOf":{"@id":"https:\/\/amk-group.com\/de\/#website"},"datePublished":"2022-04-06T14:31:50+00:00","dateModified":"2022-09-13T06:39:57+00:00","breadcrumb":{"@id":"https:\/\/amk-group.com\/de\/impressum\/#breadcrumb"},"inLanguage":"de","potentialAction":[{"@type":"ReadAction","target":["https:\/\/amk-group.com\/de\/impressum\/"]}]},{"@type":"BreadcrumbList","@id":"https:\/\/amk-group.com\/de\/impressum\/#breadcrumb","itemListElement":[{"@type":"ListItem","position":1,"name":"Startseite","item":"https:\/\/amk-group.com\/de\/"},{"@type":"ListItem","position":2,"name":"Impressum"}]},{"@type":"WebSite","@id":"https:\/\/amk-group.com\/de\/#website","url":"https:\/\/amk-group.com\/de\/","name":"AMK Automotive","description":"Drive your comfort!","potentialAction":[{"@type":"SearchAction","target":{"@type":"EntryPoint","urlTemplate":"https:\/\/amk-group.com\/de\/?s={search_term_string}"},"query-input":{"@type":"PropertyValueSpecification","valueRequired":true,"valueName":"search_term_string"}}],"inLanguage":"de"}]}},"_links":{"self":[{"href":"https:\/\/amk-group.com\/de\/wp-json\/wp\/v2\/pages\/481","targetHints":{"allow":["GET"]}}],"collection":[{"href":"https:\/\/amk-group.com\/de\/wp-json\/wp\/v2\/pages"}],"about":[{"href":"https:\/\/amk-group.com\/de\/wp-json\/wp\/v2\/types\/page"}],"author":[{"embeddable":true,"href":"https:\/\/amk-group.com\/de\/wp-json\/wp\/v2\/users\/1"}],"replies":[{"embeddable":true,"href":"https:\/\/amk-group.com\/de\/wp-json\/wp\/v2\/comments?post=481"}],"version-history":[{"count":3,"href":"https:\/\/amk-group.com\/de\/wp-json\/wp\/v2\/pages\/481\/revisions"}],"predecessor-version":[{"id":1602,"href":"https:\/\/amk-group.com\/de\/wp-json\/wp\/v2\/pages\/481\/revisions\/1602"}],"wp:attachment":[{"href":"https:\/\/amk-group.com\/de\/wp-json\/wp\/v2\/media?parent=481"}],"curies":[{"name":"wp","href":"https:\/\/api.w.org\/{rel}","templated":true}]}}