{"id":4504,"date":"2024-01-10T15:04:02","date_gmt":"2024-01-10T14:04:02","guid":{"rendered":"https:\/\/amk-group.com\/?page_id=4504"},"modified":"2024-01-17T10:56:08","modified_gmt":"2024-01-17T09:56:08","slug":"sensor-cleaning","status":"publish","type":"page","link":"https:\/\/amk-group.com\/de\/autonomes-fahren\/sensor-cleaning\/","title":{"rendered":"Sensor Cleaning"},"content":{"rendered":"<div>Produkte &gt; Autonomes fahren<\/div>\n<h1>Sensor Cleaning<\/h1>\n<div>\n<p>In der faszinierenden Welt des autonomen Fahrens spielt die Pr\u00e4zision der Sensorik eine entscheidende Rolle f\u00fcr die Sicherheit und Effizienz des Fahrzeugbetriebs. Sensoren, die f\u00fcr die Navigation und Wahrnehmung der Umgebung verantwortlich sind, k\u00f6nnen durch verschiedene Umwelteinfl\u00fcsse beeintr\u00e4chtigt werden, darunter Staub, Schmutz und andere Partikel. Ein Kompressor zur Sensorreinigung ist daher unverzichtbar, um kontinuierlich klare Sichtverh\u00e4ltnisse und pr\u00e4zise Daten f\u00fcr die autonome Fahrzeugsteuerung zu gew\u00e4hrleisten. In diesem Kontext setzen wir uns daf\u00fcr ein, Ihnen eine umfassende L\u00f6sung anzubieten, die die essenzielle Rolle unseres Sensorreinigungskompressors f\u00fcr die kontinuierliche Sicherheit und Zuverl\u00e4ssigkeit autonomer Fahrzeuge betont.<\/p>\n<\/div>\n<div>\n<p>Passende Anwendungsf\u00e4lle f\u00fcr unseren Sensor Cleaning Compressor sind <strong>autonome<\/strong>:\u00a0<\/p>\n<\/div>\n<p><img decoding=\"async\" src=\"\/wp-content\/uploads\/2024\/01\/Autonome-Fahrzeuge-1.png\" alt=\"\"><\/p>\n<div>\n<p><strong><a href=\"https:\/\/amk-group.com\/de\/kontaktformular\/\">KONTAKTIEREN F\u00dcR MEHR INFOS<\/a><\/strong><\/p>\n<\/div>\n<p><!--more--><br \/>\n<!-- {\"type\":\"layout\",\"children\":[{\"type\":\"section\",\"props\":{\"class\":\"subpage-header\",\"header_transparent\":\"light\",\"header_transparent_noplaceholder\":true,\"image\":\"wp-content\\\/uploads\\\/2022\\\/04\\\/amk_bg_wave_l.jpg\",\"image_position\":\"center-center\",\"image_size\":\"cover\",\"image_width\":\"2560\",\"media_overlay\":\"rgba(0, 0, 0, 0)\",\"media_overlay_gradient\":\"linear-gradient(180deg, rgba(0,0,0,0.2) 0%, rgba(0,0,0,0.2) 15%, rgba(255,255,255,0) 100%);\",\"padding\":\"xlarge\",\"style\":\"primary\",\"title_breakpoint\":\"xl\",\"title_position\":\"top-left\",\"title_rotation\":\"left\",\"vertical_align\":\"middle\",\"width\":\"default\"},\"children\":[{\"type\":\"row\",\"children\":[{\"type\":\"column\",\"props\":{\"image_position\":\"center-center\",\"position_sticky_breakpoint\":\"m\",\"vertical_align\":\"middle\"},\"children\":[{\"type\":\"headline\",\"props\":{\"content\":\"Produkte &gt; Autonomes fahren\",\"margin_remove_bottom\":false,\"text_align\":\"center\",\"title_element\":\"div\",\"title_style\":\"text-meta\"}},{\"type\":\"headline\",\"props\":{\"content\":\"Sensor Cleaning\",\"margin_remove_top\":true,\"text_align\":\"center\",\"title_element\":\"h1\"}}]}]}],\"name\":\"Sektion - Header Unterseite\"},{\"type\":\"section\",\"props\":{\"image_position\":\"center-center\",\"style\":\"default\",\"title_breakpoint\":\"xl\",\"title_position\":\"top-left\",\"title_rotation\":\"left\",\"vertical_align\":\"middle\",\"width\":\"default\"},\"children\":[{\"type\":\"row\",\"children\":[{\"type\":\"column\",\"props\":{\"image_position\":\"center-center\",\"position_sticky_breakpoint\":\"m\"},\"children\":[{\"type\":\"text\",\"props\":{\"column_breakpoint\":\"m\",\"content\":\"\n\n<p>In der faszinierenden Welt des autonomen Fahrens spielt die Pr\\u00e4zision der Sensorik eine entscheidende Rolle f\\u00fcr die Sicherheit und Effizienz des Fahrzeugbetriebs. Sensoren, die f\\u00fcr die Navigation und Wahrnehmung der Umgebung verantwortlich sind, k\\u00f6nnen durch verschiedene Umwelteinfl\\u00fcsse beeintr\\u00e4chtigt werden, darunter Staub, Schmutz und andere Partikel. Ein Kompressor zur Sensorreinigung ist daher unverzichtbar, um kontinuierlich klare Sichtverh\\u00e4ltnisse und pr\\u00e4zise Daten f\\u00fcr die autonome Fahrzeugsteuerung zu gew\\u00e4hrleisten. In diesem Kontext setzen wir uns daf\\u00fcr ein, Ihnen eine umfassende L\\u00f6sung anzubieten, die die essenzielle Rolle unseres Sensorreinigungskompressors f\\u00fcr die kontinuierliche Sicherheit und Zuverl\\u00e4ssigkeit autonomer Fahrzeuge betont.<\\\/p>\",\"margin\":\"default\",\"text_align\":\"justify\"}},{\"type\":\"text\",\"props\":{\"column_breakpoint\":\"m\",\"content\":\"\n\n<p>Passende Anwendungsf\\u00e4lle f\\u00fcr unseren Sensor Cleaning Compressor sind <strong>autonome<\\\/strong>:\\u00a0<\\\/p>\",\"margin\":\"default\"}},{\"type\":\"image\",\"props\":{\"image\":\"wp-content\\\/uploads\\\/2024\\\/01\\\/Autonome-Fahrzeuge-1.png\",\"image_svg_color\":\"emphasis\",\"margin\":\"default\"}}]}]}]},{\"type\":\"section\",\"props\":{\"image_position\":\"center-center\",\"style\":\"default\",\"title_breakpoint\":\"xl\",\"title_position\":\"top-left\",\"title_rotation\":\"left\",\"vertical_align\":\"middle\",\"width\":\"default\"},\"children\":[{\"type\":\"row\",\"children\":[{\"type\":\"column\",\"props\":{\"image_position\":\"center-center\",\"position_sticky_breakpoint\":\"m\"},\"children\":[{\"type\":\"text\",\"props\":{\"column_breakpoint\":\"m\",\"content\":\"\n\n<p><strong><a href=\\\"https:\\\/\\\/amk-group.com\\\/de\\\/kontaktformular\\\/\\\">KONTAKTIEREN F\\u00dcR MEHR INFOS<\\\/a><\\\/strong><\\\/p>\",\"margin\":\"default\"}}]}]}]}],\"version\":\"4.2.6\"} --><\/p>\n","protected":false},"excerpt":{"rendered":"<p>Produkte &gt; Autonomes fahren Sensor Cleaning In der faszinierenden Welt des autonomen Fahrens spielt die Pr\u00e4zision der Sensorik eine entscheidende Rolle f\u00fcr die Sicherheit und Effizienz des Fahrzeugbetriebs. Sensoren, die f\u00fcr die Navigation und Wahrnehmung der Umgebung verantwortlich sind, k\u00f6nnen durch verschiedene Umwelteinfl\u00fcsse beeintr\u00e4chtigt werden, darunter Staub, Schmutz und andere Partikel. Ein Kompressor zur Sensorreinigung [&hellip;]<\/p>\n","protected":false},"author":3,"featured_media":0,"parent":4500,"menu_order":3,"comment_status":"closed","ping_status":"closed","template":"","meta":{"_acf_changed":false,"footnotes":""},"class_list":["post-4504","page","type-page","status-publish","hentry"],"acf":[],"yoast_head":"<!-- This site is optimized with the Yoast SEO plugin v26.4 - https:\/\/yoast.com\/wordpress\/plugins\/seo\/ -->\n<title>Sensor Cleaning - AMK Automotive<\/title>\n<meta name=\"robots\" content=\"index, follow, max-snippet:-1, max-image-preview:large, max-video-preview:-1\" \/>\n<link rel=\"canonical\" href=\"https:\/\/amk-group.com\/de\/autonomes-fahren\/sensor-cleaning\/\" \/>\n<meta property=\"og:locale\" content=\"de_DE\" \/>\n<meta property=\"og:type\" content=\"article\" \/>\n<meta property=\"og:title\" content=\"Sensor Cleaning - AMK Automotive\" \/>\n<meta property=\"og:description\" content=\"Produkte &gt; Autonomes fahren Sensor Cleaning In der faszinierenden Welt des autonomen Fahrens spielt die Pr\u00e4zision der Sensorik eine entscheidende Rolle f\u00fcr die Sicherheit und Effizienz des Fahrzeugbetriebs. Sensoren, die f\u00fcr die Navigation und Wahrnehmung der Umgebung verantwortlich sind, k\u00f6nnen durch verschiedene Umwelteinfl\u00fcsse beeintr\u00e4chtigt werden, darunter Staub, Schmutz und andere Partikel. Ein Kompressor zur Sensorreinigung [&hellip;]\" \/>\n<meta property=\"og:url\" content=\"https:\/\/amk-group.com\/de\/autonomes-fahren\/sensor-cleaning\/\" \/>\n<meta property=\"og:site_name\" content=\"AMK Automotive\" \/>\n<meta property=\"article:modified_time\" content=\"2024-01-17T09:56:08+00:00\" \/>\n<meta name=\"twitter:card\" content=\"summary_large_image\" \/>\n<meta name=\"twitter:label1\" content=\"Gesch\u00e4tzte Lesezeit\" \/>\n\t<meta name=\"twitter:data1\" content=\"1\u00a0Minute\" \/>\n<script type=\"application\/ld+json\" class=\"yoast-schema-graph\">{\"@context\":\"https:\/\/schema.org\",\"@graph\":[{\"@type\":\"WebPage\",\"@id\":\"https:\/\/amk-group.com\/de\/autonomes-fahren\/sensor-cleaning\/\",\"url\":\"https:\/\/amk-group.com\/de\/autonomes-fahren\/sensor-cleaning\/\",\"name\":\"Sensor Cleaning - AMK Automotive\",\"isPartOf\":{\"@id\":\"https:\/\/amk-group.com\/de\/#website\"},\"datePublished\":\"2024-01-10T14:04:02+00:00\",\"dateModified\":\"2024-01-17T09:56:08+00:00\",\"breadcrumb\":{\"@id\":\"https:\/\/amk-group.com\/de\/autonomes-fahren\/sensor-cleaning\/#breadcrumb\"},\"inLanguage\":\"de\",\"potentialAction\":[{\"@type\":\"ReadAction\",\"target\":[\"https:\/\/amk-group.com\/de\/autonomes-fahren\/sensor-cleaning\/\"]}]},{\"@type\":\"BreadcrumbList\",\"@id\":\"https:\/\/amk-group.com\/de\/autonomes-fahren\/sensor-cleaning\/#breadcrumb\",\"itemListElement\":[{\"@type\":\"ListItem\",\"position\":1,\"name\":\"Startseite\",\"item\":\"https:\/\/amk-group.com\/de\/\"},{\"@type\":\"ListItem\",\"position\":2,\"name\":\"Autonomes fahren\",\"item\":\"https:\/\/amk-group.com\/de\/autonomes-fahren\/\"},{\"@type\":\"ListItem\",\"position\":3,\"name\":\"Sensor Cleaning\"}]},{\"@type\":\"WebSite\",\"@id\":\"https:\/\/amk-group.com\/de\/#website\",\"url\":\"https:\/\/amk-group.com\/de\/\",\"name\":\"AMK Automotive\",\"description\":\"Drive your comfort!\",\"potentialAction\":[{\"@type\":\"SearchAction\",\"target\":{\"@type\":\"EntryPoint\",\"urlTemplate\":\"https:\/\/amk-group.com\/de\/?s={search_term_string}\"},\"query-input\":{\"@type\":\"PropertyValueSpecification\",\"valueRequired\":true,\"valueName\":\"search_term_string\"}}],\"inLanguage\":\"de\"}]}<\/script>\n<!-- \/ Yoast SEO plugin. -->","yoast_head_json":{"title":"Sensor Cleaning - AMK Automotive","robots":{"index":"index","follow":"follow","max-snippet":"max-snippet:-1","max-image-preview":"max-image-preview:large","max-video-preview":"max-video-preview:-1"},"canonical":"https:\/\/amk-group.com\/de\/autonomes-fahren\/sensor-cleaning\/","og_locale":"de_DE","og_type":"article","og_title":"Sensor Cleaning - AMK Automotive","og_description":"Produkte &gt; Autonomes fahren Sensor Cleaning In der faszinierenden Welt des autonomen Fahrens spielt die Pr\u00e4zision der Sensorik eine entscheidende Rolle f\u00fcr die Sicherheit und Effizienz des Fahrzeugbetriebs. Sensoren, die f\u00fcr die Navigation und Wahrnehmung der Umgebung verantwortlich sind, k\u00f6nnen durch verschiedene Umwelteinfl\u00fcsse beeintr\u00e4chtigt werden, darunter Staub, Schmutz und andere Partikel. Ein Kompressor zur Sensorreinigung [&hellip;]","og_url":"https:\/\/amk-group.com\/de\/autonomes-fahren\/sensor-cleaning\/","og_site_name":"AMK Automotive","article_modified_time":"2024-01-17T09:56:08+00:00","twitter_card":"summary_large_image","twitter_misc":{"Gesch\u00e4tzte Lesezeit":"1\u00a0Minute"},"schema":{"@context":"https:\/\/schema.org","@graph":[{"@type":"WebPage","@id":"https:\/\/amk-group.com\/de\/autonomes-fahren\/sensor-cleaning\/","url":"https:\/\/amk-group.com\/de\/autonomes-fahren\/sensor-cleaning\/","name":"Sensor Cleaning - AMK Automotive","isPartOf":{"@id":"https:\/\/amk-group.com\/de\/#website"},"datePublished":"2024-01-10T14:04:02+00:00","dateModified":"2024-01-17T09:56:08+00:00","breadcrumb":{"@id":"https:\/\/amk-group.com\/de\/autonomes-fahren\/sensor-cleaning\/#breadcrumb"},"inLanguage":"de","potentialAction":[{"@type":"ReadAction","target":["https:\/\/amk-group.com\/de\/autonomes-fahren\/sensor-cleaning\/"]}]},{"@type":"BreadcrumbList","@id":"https:\/\/amk-group.com\/de\/autonomes-fahren\/sensor-cleaning\/#breadcrumb","itemListElement":[{"@type":"ListItem","position":1,"name":"Startseite","item":"https:\/\/amk-group.com\/de\/"},{"@type":"ListItem","position":2,"name":"Autonomes fahren","item":"https:\/\/amk-group.com\/de\/autonomes-fahren\/"},{"@type":"ListItem","position":3,"name":"Sensor Cleaning"}]},{"@type":"WebSite","@id":"https:\/\/amk-group.com\/de\/#website","url":"https:\/\/amk-group.com\/de\/","name":"AMK Automotive","description":"Drive your comfort!","potentialAction":[{"@type":"SearchAction","target":{"@type":"EntryPoint","urlTemplate":"https:\/\/amk-group.com\/de\/?s={search_term_string}"},"query-input":{"@type":"PropertyValueSpecification","valueRequired":true,"valueName":"search_term_string"}}],"inLanguage":"de"}]}},"_links":{"self":[{"href":"https:\/\/amk-group.com\/de\/wp-json\/wp\/v2\/pages\/4504","targetHints":{"allow":["GET"]}}],"collection":[{"href":"https:\/\/amk-group.com\/de\/wp-json\/wp\/v2\/pages"}],"about":[{"href":"https:\/\/amk-group.com\/de\/wp-json\/wp\/v2\/types\/page"}],"author":[{"embeddable":true,"href":"https:\/\/amk-group.com\/de\/wp-json\/wp\/v2\/users\/3"}],"replies":[{"embeddable":true,"href":"https:\/\/amk-group.com\/de\/wp-json\/wp\/v2\/comments?post=4504"}],"version-history":[{"count":14,"href":"https:\/\/amk-group.com\/de\/wp-json\/wp\/v2\/pages\/4504\/revisions"}],"predecessor-version":[{"id":4533,"href":"https:\/\/amk-group.com\/de\/wp-json\/wp\/v2\/pages\/4504\/revisions\/4533"}],"up":[{"embeddable":true,"href":"https:\/\/amk-group.com\/de\/wp-json\/wp\/v2\/pages\/4500"}],"wp:attachment":[{"href":"https:\/\/amk-group.com\/de\/wp-json\/wp\/v2\/media?parent=4504"}],"curies":[{"name":"wp","href":"https:\/\/api.w.org\/{rel}","templated":true}]}}