{"id":431,"date":"2022-04-13T13:19:59","date_gmt":"2022-04-13T11:19:59","guid":{"rendered":"https:\/\/amk-group.com\/career\/employee-benefits\/"},"modified":"2023-02-14T16:03:34","modified_gmt":"2023-02-14T15:03:34","slug":"leistungen-fuer-arbeitnehmer","status":"publish","type":"page","link":"https:\/\/amk-group.com\/de\/karriere\/leistungen-fuer-arbeitnehmer\/","title":{"rendered":"Leistungen f\u00fcr Arbeitnehmer"},"content":{"rendered":"<div>Karriere<\/div>\n<h1>Leistungen f\u00fcr<br \/> Arbeitnehmer<\/h1>\n<h2>Wir als Arbeitgeber<\/h2>\n<div>\n<p style=\"text-align: left;\">Bei AMK leben wir flache Hierarchien, die eigenverantwortliches Handeln f\u00f6rdern. Eine ausgeglichene Work-Life-Balance unserer Mitarbeiter ist uns genauso wichtig wie eine vertrauensvolle Atmosph\u00e4re. Wir m\u00f6chten das mit verschiedenen Leistungen und Benefits f\u00f6rdern:<\/p>\n<\/div>\n<p><img decoding=\"async\" src=\"\/wp-content\/uploads\/2022\/08\/WEB502_karriere_leistungen_textbild.jpg\" alt=\"\"><\/p>\n<h2>Unsere Benefits<\/h2>\n<div>\n<h5><img loading=\"lazy\" decoding=\"async\" src=\"https:\/\/amk-group.com\/wp-content\/uploads\/2022\/07\/APFEL-1.png\" alt=\"\" class=\"alignnone size-full wp-image-1155\" width=\"50\" height=\"50\" \/>Essenszulage \/ Kantine<br \/><img loading=\"lazy\" decoding=\"async\" src=\"https:\/\/amk-group.com\/wp-content\/uploads\/2022\/07\/Handy.png\" alt=\"\" class=\"alignnone size-full wp-image-1157\" width=\"50\" height=\"50\" \/>Firmenhandy<br \/><img loading=\"lazy\" decoding=\"async\" src=\"https:\/\/amk-group.com\/wp-content\/uploads\/2022\/07\/GELD.png\" alt=\"\" class=\"alignnone size-full wp-image-1159\" width=\"50\" height=\"50\" \/>Verm\u00f6genswirksame Leistungen<br \/><img loading=\"lazy\" decoding=\"async\" src=\"https:\/\/amk-group.com\/wp-content\/uploads\/2022\/07\/APFEL-1.png\" alt=\"\" class=\"alignnone size-full wp-image-1155\" width=\"50\" height=\"50\" \/>Obst<br \/><img loading=\"lazy\" decoding=\"async\" src=\"https:\/\/amk-group.com\/wp-content\/uploads\/2022\/07\/UHR.png\" alt=\"\" class=\"alignnone size-full wp-image-1161\" width=\"50\" height=\"50\" \/>Flexible Arbeitszeiten<br \/><img loading=\"lazy\" decoding=\"async\" src=\"https:\/\/amk-group.com\/wp-content\/uploads\/2022\/07\/GELD.png\" alt=\"\" class=\"alignnone size-full wp-image-1159\" width=\"50\" height=\"50\" \/>Urlaubs- und Weihnachtsgeld<br \/><img loading=\"lazy\" decoding=\"async\" src=\"https:\/\/amk-group.com\/wp-content\/uploads\/2022\/07\/Bildung.png\" alt=\"\" class=\"alignnone size-full wp-image-1163\" width=\"50\" height=\"50\" \/>Aus-und Weiterbildung\u00a0<br \/><img loading=\"lazy\" decoding=\"async\" src=\"https:\/\/amk-group.com\/wp-content\/uploads\/2022\/07\/EVENT.png\" alt=\"\" class=\"alignnone size-full wp-image-1165\" width=\"50\" height=\"50\" \/>Firmenevents<\/h5>\n<\/div>\n<div>\n<h5><img loading=\"lazy\" decoding=\"async\" src=\"https:\/\/amk-group.com\/wp-content\/uploads\/2022\/07\/GESUNDL.png\" alt=\"\" class=\"alignnone size-full wp-image-1168\" width=\"50\" height=\"50\" \/>Gesundheitsangebote<br \/><img loading=\"lazy\" decoding=\"async\" src=\"https:\/\/amk-group.com\/wp-content\/uploads\/2022\/09\/Icon-Business-Bike.png\" alt=\"\" class=\"alignnone wp-image-1916 \" width=\"44\" height=\"28\" \/> Business Bike <br \/><img loading=\"lazy\" decoding=\"async\" src=\"https:\/\/amk-group.com\/wp-content\/uploads\/2022\/07\/Arzt.png\" alt=\"\" class=\"alignnone size-full wp-image-1172\" width=\"50\" height=\"50\" \/>Betriebs\u00e4rztliche Versorgung<br \/><img loading=\"lazy\" decoding=\"async\" src=\"https:\/\/amk-group.com\/wp-content\/uploads\/2022\/07\/LAPTOP.png\" alt=\"\" class=\"alignnone size-full wp-image-1174\" width=\"50\" height=\"50\" \/>Firmenlaptop<br \/><img loading=\"lazy\" decoding=\"async\" src=\"https:\/\/amk-group.com\/wp-content\/uploads\/2022\/07\/HAUS-2.png\" alt=\"\" class=\"alignnone size-full wp-image-1180\" width=\"50\" height=\"50\" \/>Mobiles Arbeiten <br \/><img loading=\"lazy\" decoding=\"async\" src=\"https:\/\/amk-group.com\/wp-content\/uploads\/2022\/07\/PARKEN.png\" alt=\"\" class=\"alignnone size-full wp-image-1182\" width=\"50\" height=\"50\" \/>Parkplatz <br \/><img loading=\"lazy\" decoding=\"async\" src=\"https:\/\/amk-group.com\/wp-content\/uploads\/2022\/07\/WASEER.png\" alt=\"\" class=\"alignnone size-full wp-image-1184\" width=\"50\" height=\"50\" \/>Wasserspender\u00a0<br \/><img loading=\"lazy\" decoding=\"async\" src=\"https:\/\/amk-group.com\/wp-content\/uploads\/2022\/07\/GELD.png\" alt=\"\" class=\"alignnone size-full wp-image-1159\" width=\"50\" height=\"50\" \/>Mitarbeiterrabatte\u00a0 (Corporate Benefits)<\/h5>\n<\/div>\n<p><!--more--><br \/>\n<!-- {\"name\":\"Template - Simple Subpage\",\"type\":\"layout\",\"children\":[{\"type\":\"section\",\"props\":{\"class\":\"subpage-header\",\"header_transparent\":\"light\",\"header_transparent_noplaceholder\":true,\"image\":\"wp-content\\\/uploads\\\/2022\\\/04\\\/amk_bg_wave_l.jpg\",\"image_position\":\"center-center\",\"image_size\":\"cover\",\"image_width\":\"2560\",\"media_overlay\":\"rgba(0, 0, 0, 0)\",\"media_overlay_gradient\":\"linear-gradient(180deg, rgba(0,0,0,0.2) 0%, rgba(0,0,0,0.2) 15%, rgba(255,255,255,0) 100%);\",\"padding\":\"xlarge\",\"style\":\"primary\",\"title_breakpoint\":\"xl\",\"title_position\":\"top-left\",\"title_rotation\":\"left\",\"vertical_align\":\"middle\",\"width\":\"default\"},\"children\":[{\"type\":\"row\",\"children\":[{\"type\":\"column\",\"props\":{\"image_position\":\"center-center\",\"media_overlay_gradient\":\"\",\"position_sticky_breakpoint\":\"m\",\"vertical_align\":\"middle\"},\"children\":[{\"type\":\"headline\",\"props\":{\"content\":\"Karriere\",\"margin_remove_bottom\":false,\"text_align\":\"center\",\"title_element\":\"div\",\"title_style\":\"text-meta\"}},{\"type\":\"headline\",\"props\":{\"content\":\"Leistungen f\\u00fcr<br \/> Arbeitnehmer\",\"margin_remove_top\":true,\"text_align\":\"center\",\"title_element\":\"h1\"}}]}]}],\"name\":\"Sektion - Header Unterseite\"},{\"type\":\"section\",\"props\":{\"image_position\":\"center-center\",\"style\":\"muted\",\"title_breakpoint\":\"xl\",\"title_position\":\"top-left\",\"title_rotation\":\"left\",\"vertical_align\":\"middle\",\"width\":\"default\"},\"children\":[{\"type\":\"row\",\"children\":[{\"type\":\"column\",\"props\":{\"image_position\":\"center-center\",\"media_overlay_gradient\":\"\",\"position_sticky_breakpoint\":\"m\",\"vertical_align\":\"middle\",\"width_medium\":\"1-2\"},\"children\":[{\"type\":\"headline\",\"props\":{\"content\":\"Wir als Arbeitgeber\",\"text_align\":\"left\",\"title_element\":\"h2\",\"title_style\":\"h2\"},\"name\":\"Headline: h2\"},{\"type\":\"text\",\"props\":{\"column_breakpoint\":\"m\",\"content\":\"\n\n<p style=\\\"text-align: left;\\\">Bei AMK leben wir flache Hierarchien, die eigenverantwortliches Handeln f\\u00f6rdern. Eine ausgeglichene Work-Life-Balance unserer Mitarbeiter ist uns genauso wichtig wie eine vertrauensvolle Atmosph\\u00e4re. Wir m\\u00f6chten das mit verschiedenen Leistungen und Benefits f\\u00f6rdern:<\\\/p>\",\"margin\":\"default\",\"text_align\":\"justify\"}}]},{\"type\":\"column\",\"props\":{\"image_position\":\"center-center\",\"media_overlay_gradient\":\"\",\"position_sticky_breakpoint\":\"m\",\"width_medium\":\"1-2\"},\"children\":[{\"type\":\"image\",\"props\":{\"image\":\"wp-content\\\/uploads\\\/2022\\\/08\\\/WEB502_karriere_leistungen_textbild.jpg\",\"image_svg_color\":\"emphasis\",\"image_width\":\"960\",\"margin\":\"default\"}}]}],\"props\":{\"column_gap\":\"large\",\"layout\":\"1-2,1-2\"}}],\"name\":\"Sektion - H2 + Text links, Bild rechts\"},{\"type\":\"section\",\"props\":{\"image_position\":\"center-center\",\"padding_remove_bottom\":true,\"style\":\"default\",\"title_breakpoint\":\"xl\",\"title_position\":\"top-left\",\"title_rotation\":\"left\",\"vertical_align\":\"middle\",\"width\":\"default\"},\"children\":[{\"type\":\"row\",\"children\":[{\"type\":\"column\",\"props\":{\"image_position\":\"center-center\",\"media_overlay_gradient\":\"\",\"position_sticky_breakpoint\":\"m\"},\"children\":[{\"type\":\"headline\",\"props\":{\"content\":\"Unsere Benefits\",\"text_align\":\"center\",\"title_element\":\"h2\",\"title_style\":\"h2\"},\"name\":\"Headline: h2\"}]}]}]},{\"type\":\"section\",\"props\":{\"image_position\":\"center-center\",\"style\":\"default\",\"title_breakpoint\":\"xl\",\"title_position\":\"top-left\",\"title_rotation\":\"left\",\"vertical_align\":\"middle\",\"width\":\"default\"},\"children\":[{\"type\":\"row\",\"props\":{\"layout\":\"1-2,1-2\"},\"children\":[{\"type\":\"column\",\"props\":{\"image_position\":\"center-center\",\"media_overlay_gradient\":\"\",\"position_sticky_breakpoint\":\"m\",\"width_medium\":\"1-2\"},\"children\":[{\"type\":\"text\",\"props\":{\"column_breakpoint\":\"m\",\"content\":\"\n\n<h5><img src=\\\"https:\\\/\\\/amk-group.com\\\/wp-content\\\/uploads\\\/2022\\\/07\\\/APFEL-1.png\\\" alt=\\\"\\\" class=\\\"alignnone size-full wp-image-1155\\\" width=\\\"50\\\" height=\\\"50\\\" \\\/>Essenszulage \\\/ Kantine<br \\\/><img src=\\\"https:\\\/\\\/amk-group.com\\\/wp-content\\\/uploads\\\/2022\\\/07\\\/Handy.png\\\" alt=\\\"\\\" class=\\\"alignnone size-full wp-image-1157\\\" width=\\\"50\\\" height=\\\"50\\\" \\\/>Firmenhandy<br \\\/><img src=\\\"https:\\\/\\\/amk-group.com\\\/wp-content\\\/uploads\\\/2022\\\/07\\\/GELD.png\\\" alt=\\\"\\\" class=\\\"alignnone size-full wp-image-1159\\\" width=\\\"50\\\" height=\\\"50\\\" \\\/>Verm\\u00f6genswirksame Leistungen<br \\\/><img src=\\\"https:\\\/\\\/amk-group.com\\\/wp-content\\\/uploads\\\/2022\\\/07\\\/APFEL-1.png\\\" alt=\\\"\\\" class=\\\"alignnone size-full wp-image-1155\\\" width=\\\"50\\\" height=\\\"50\\\" \\\/>Obst<br \\\/><img src=\\\"https:\\\/\\\/amk-group.com\\\/wp-content\\\/uploads\\\/2022\\\/07\\\/UHR.png\\\" alt=\\\"\\\" class=\\\"alignnone size-full wp-image-1161\\\" width=\\\"50\\\" height=\\\"50\\\" \\\/>Flexible Arbeitszeiten<br \\\/><img src=\\\"https:\\\/\\\/amk-group.com\\\/wp-content\\\/uploads\\\/2022\\\/07\\\/GELD.png\\\" alt=\\\"\\\" class=\\\"alignnone size-full wp-image-1159\\\" width=\\\"50\\\" height=\\\"50\\\" \\\/>Urlaubs- und Weihnachtsgeld<br \\\/><img src=\\\"https:\\\/\\\/amk-group.com\\\/wp-content\\\/uploads\\\/2022\\\/07\\\/Bildung.png\\\" alt=\\\"\\\" class=\\\"alignnone size-full wp-image-1163\\\" width=\\\"50\\\" height=\\\"50\\\" \\\/>Aus-und Weiterbildung\\u00a0<br \\\/><img src=\\\"https:\\\/\\\/amk-group.com\\\/wp-content\\\/uploads\\\/2022\\\/07\\\/EVENT.png\\\" alt=\\\"\\\" class=\\\"alignnone size-full wp-image-1165\\\" width=\\\"50\\\" height=\\\"50\\\" \\\/>Firmenevents<\\\/h5>\",\"margin\":\"default\"}},{\"type\":\"text\",\"props\":{\"column_breakpoint\":\"m\",\"content\":\"\",\"margin\":\"default\"}}]},{\"type\":\"column\",\"props\":{\"image_position\":\"center-center\",\"media_overlay_gradient\":\"\",\"position_sticky_breakpoint\":\"m\",\"width_medium\":\"1-2\"},\"children\":[{\"type\":\"text\",\"props\":{\"column_breakpoint\":\"m\",\"content\":\"\n\n<h5><img src=\\\"https:\\\/\\\/amk-group.com\\\/wp-content\\\/uploads\\\/2022\\\/07\\\/GESUNDL.png\\\" alt=\\\"\\\" class=\\\"alignnone size-full wp-image-1168\\\" width=\\\"50\\\" height=\\\"50\\\" \\\/>Gesundheitsangebote<br \\\/><img src=\\\"https:\\\/\\\/amk-group.com\\\/wp-content\\\/uploads\\\/2022\\\/09\\\/Icon-Business-Bike.png\\\" alt=\\\"\\\" class=\\\"alignnone wp-image-1916 \\\" width=\\\"44\\\" height=\\\"28\\\" \\\/> Business Bike <br \\\/><img src=\\\"https:\\\/\\\/amk-group.com\\\/wp-content\\\/uploads\\\/2022\\\/07\\\/Arzt.png\\\" alt=\\\"\\\" class=\\\"alignnone size-full wp-image-1172\\\" width=\\\"50\\\" height=\\\"50\\\" \\\/>Betriebs\\u00e4rztliche Versorgung<br \\\/><img src=\\\"https:\\\/\\\/amk-group.com\\\/wp-content\\\/uploads\\\/2022\\\/07\\\/LAPTOP.png\\\" alt=\\\"\\\" class=\\\"alignnone size-full wp-image-1174\\\" width=\\\"50\\\" height=\\\"50\\\" \\\/>Firmenlaptop<br \\\/><img src=\\\"https:\\\/\\\/amk-group.com\\\/wp-content\\\/uploads\\\/2022\\\/07\\\/HAUS-2.png\\\" alt=\\\"\\\" class=\\\"alignnone size-full wp-image-1180\\\" width=\\\"50\\\" height=\\\"50\\\" \\\/>Mobiles Arbeiten <br \\\/><img src=\\\"https:\\\/\\\/amk-group.com\\\/wp-content\\\/uploads\\\/2022\\\/07\\\/PARKEN.png\\\" alt=\\\"\\\" class=\\\"alignnone size-full wp-image-1182\\\" width=\\\"50\\\" height=\\\"50\\\" \\\/>Parkplatz <br \\\/><img src=\\\"https:\\\/\\\/amk-group.com\\\/wp-content\\\/uploads\\\/2022\\\/07\\\/WASEER.png\\\" alt=\\\"\\\" class=\\\"alignnone size-full wp-image-1184\\\" width=\\\"50\\\" height=\\\"50\\\" \\\/>Wasserspender\\u00a0<br \\\/><img src=\\\"https:\\\/\\\/amk-group.com\\\/wp-content\\\/uploads\\\/2022\\\/07\\\/GELD.png\\\" alt=\\\"\\\" class=\\\"alignnone size-full wp-image-1159\\\" width=\\\"50\\\" height=\\\"50\\\" \\\/>Mitarbeiterrabatte\\u00a0 (Corporate Benefits)<\\\/h5>\",\"margin\":\"default\"}},{\"type\":\"text\",\"props\":{\"column_breakpoint\":\"m\",\"content\":\"\",\"margin\":\"default\"}}]}]}]}],\"version\":\"3.0.10\"} --><\/p>\n","protected":false},"excerpt":{"rendered":"<p>Karriere Leistungen f\u00fcr Arbeitnehmer Wir als Arbeitgeber Bei AMK leben wir flache Hierarchien, die eigenverantwortliches Handeln f\u00f6rdern. Eine ausgeglichene Work-Life-Balance unserer Mitarbeiter ist uns genauso wichtig wie eine vertrauensvolle Atmosph\u00e4re. Wir m\u00f6chten das mit verschiedenen Leistungen und Benefits f\u00f6rdern: Unsere Benefits Essenszulage \/ KantineFirmenhandyVerm\u00f6genswirksame LeistungenObstFlexible ArbeitszeitenUrlaubs- und WeihnachtsgeldAus-und Weiterbildung\u00a0Firmenevents Gesundheitsangebote Business Bike Betriebs\u00e4rztliche VersorgungFirmenlaptopMobiles Arbeiten [&hellip;]<\/p>\n","protected":false},"author":1,"featured_media":0,"parent":403,"menu_order":2,"comment_status":"closed","ping_status":"closed","template":"","meta":{"_acf_changed":false,"footnotes":""},"class_list":["post-431","page","type-page","status-publish","hentry"],"acf":[],"yoast_head":"<!-- This site is optimized with the Yoast SEO plugin v26.4 - https:\/\/yoast.com\/wordpress\/plugins\/seo\/ -->\n<title>Unsere Benefits - AMK Automotive<\/title>\n<meta name=\"description\" content=\"Bei AMK leben wir flache Hierarchien, die eigenverantwortliches Handeln f\u00f6rdern. Zu unseren Benefits geh\u00f6rt eine ausgeglichene Work-Life-Balance.\" \/>\n<meta name=\"robots\" content=\"index, follow, max-snippet:-1, max-image-preview:large, max-video-preview:-1\" \/>\n<link rel=\"canonical\" href=\"https:\/\/amk-group.com\/de\/karriere\/leistungen-fuer-arbeitnehmer\/\" \/>\n<meta property=\"og:locale\" content=\"de_DE\" \/>\n<meta property=\"og:type\" content=\"article\" \/>\n<meta property=\"og:title\" content=\"Unsere Benefits - AMK Automotive\" \/>\n<meta property=\"og:description\" content=\"Bei AMK leben wir flache Hierarchien, die eigenverantwortliches Handeln f\u00f6rdern. Zu unseren Benefits geh\u00f6rt eine ausgeglichene Work-Life-Balance.\" \/>\n<meta property=\"og:url\" content=\"https:\/\/amk-group.com\/de\/karriere\/leistungen-fuer-arbeitnehmer\/\" \/>\n<meta property=\"og:site_name\" content=\"AMK Automotive\" \/>\n<meta property=\"article:modified_time\" content=\"2023-02-14T15:03:34+00:00\" \/>\n<meta property=\"og:image\" content=\"https:\/\/amk-group.com\/wp-content\/uploads\/2022\/07\/APFEL-1.png\" \/>\n<meta name=\"twitter:card\" content=\"summary_large_image\" \/>\n<meta name=\"twitter:label1\" content=\"Gesch\u00e4tzte Lesezeit\" \/>\n\t<meta name=\"twitter:data1\" content=\"8\u00a0Minuten\" \/>\n<script type=\"application\/ld+json\" class=\"yoast-schema-graph\">{\"@context\":\"https:\/\/schema.org\",\"@graph\":[{\"@type\":\"WebPage\",\"@id\":\"https:\/\/amk-group.com\/de\/karriere\/leistungen-fuer-arbeitnehmer\/\",\"url\":\"https:\/\/amk-group.com\/de\/karriere\/leistungen-fuer-arbeitnehmer\/\",\"name\":\"Unsere Benefits - AMK Automotive\",\"isPartOf\":{\"@id\":\"https:\/\/amk-group.com\/de\/#website\"},\"primaryImageOfPage\":{\"@id\":\"https:\/\/amk-group.com\/de\/karriere\/leistungen-fuer-arbeitnehmer\/#primaryimage\"},\"image\":{\"@id\":\"https:\/\/amk-group.com\/de\/karriere\/leistungen-fuer-arbeitnehmer\/#primaryimage\"},\"thumbnailUrl\":\"https:\/\/amk-group.com\/wp-content\/uploads\/2022\/07\/APFEL-1.png\",\"datePublished\":\"2022-04-13T11:19:59+00:00\",\"dateModified\":\"2023-02-14T15:03:34+00:00\",\"description\":\"Bei AMK leben wir flache Hierarchien, die eigenverantwortliches Handeln f\u00f6rdern. Zu unseren Benefits geh\u00f6rt eine ausgeglichene Work-Life-Balance.\",\"breadcrumb\":{\"@id\":\"https:\/\/amk-group.com\/de\/karriere\/leistungen-fuer-arbeitnehmer\/#breadcrumb\"},\"inLanguage\":\"de\",\"potentialAction\":[{\"@type\":\"ReadAction\",\"target\":[\"https:\/\/amk-group.com\/de\/karriere\/leistungen-fuer-arbeitnehmer\/\"]}]},{\"@type\":\"ImageObject\",\"inLanguage\":\"de\",\"@id\":\"https:\/\/amk-group.com\/de\/karriere\/leistungen-fuer-arbeitnehmer\/#primaryimage\",\"url\":\"https:\/\/amk-group.com\/wp-content\/uploads\/2022\/07\/APFEL-1.png\",\"contentUrl\":\"https:\/\/amk-group.com\/wp-content\/uploads\/2022\/07\/APFEL-1.png\"},{\"@type\":\"BreadcrumbList\",\"@id\":\"https:\/\/amk-group.com\/de\/karriere\/leistungen-fuer-arbeitnehmer\/#breadcrumb\",\"itemListElement\":[{\"@type\":\"ListItem\",\"position\":1,\"name\":\"Startseite\",\"item\":\"https:\/\/amk-group.com\/de\/\"},{\"@type\":\"ListItem\",\"position\":2,\"name\":\"Karriere\",\"item\":\"https:\/\/amk-group.com\/de\/karriere\/\"},{\"@type\":\"ListItem\",\"position\":3,\"name\":\"Leistungen f\u00fcr Arbeitnehmer\"}]},{\"@type\":\"WebSite\",\"@id\":\"https:\/\/amk-group.com\/de\/#website\",\"url\":\"https:\/\/amk-group.com\/de\/\",\"name\":\"AMK Automotive\",\"description\":\"Drive your comfort!\",\"potentialAction\":[{\"@type\":\"SearchAction\",\"target\":{\"@type\":\"EntryPoint\",\"urlTemplate\":\"https:\/\/amk-group.com\/de\/?s={search_term_string}\"},\"query-input\":{\"@type\":\"PropertyValueSpecification\",\"valueRequired\":true,\"valueName\":\"search_term_string\"}}],\"inLanguage\":\"de\"}]}<\/script>\n<!-- \/ Yoast SEO plugin. -->","yoast_head_json":{"title":"Unsere Benefits - AMK Automotive","description":"Bei AMK leben wir flache Hierarchien, die eigenverantwortliches Handeln f\u00f6rdern. Zu unseren Benefits geh\u00f6rt eine ausgeglichene Work-Life-Balance.","robots":{"index":"index","follow":"follow","max-snippet":"max-snippet:-1","max-image-preview":"max-image-preview:large","max-video-preview":"max-video-preview:-1"},"canonical":"https:\/\/amk-group.com\/de\/karriere\/leistungen-fuer-arbeitnehmer\/","og_locale":"de_DE","og_type":"article","og_title":"Unsere Benefits - AMK Automotive","og_description":"Bei AMK leben wir flache Hierarchien, die eigenverantwortliches Handeln f\u00f6rdern. Zu unseren Benefits geh\u00f6rt eine ausgeglichene Work-Life-Balance.","og_url":"https:\/\/amk-group.com\/de\/karriere\/leistungen-fuer-arbeitnehmer\/","og_site_name":"AMK Automotive","article_modified_time":"2023-02-14T15:03:34+00:00","og_image":[{"url":"https:\/\/amk-group.com\/wp-content\/uploads\/2022\/07\/APFEL-1.png","type":"","width":"","height":""}],"twitter_card":"summary_large_image","twitter_misc":{"Gesch\u00e4tzte Lesezeit":"8\u00a0Minuten"},"schema":{"@context":"https:\/\/schema.org","@graph":[{"@type":"WebPage","@id":"https:\/\/amk-group.com\/de\/karriere\/leistungen-fuer-arbeitnehmer\/","url":"https:\/\/amk-group.com\/de\/karriere\/leistungen-fuer-arbeitnehmer\/","name":"Unsere Benefits - AMK Automotive","isPartOf":{"@id":"https:\/\/amk-group.com\/de\/#website"},"primaryImageOfPage":{"@id":"https:\/\/amk-group.com\/de\/karriere\/leistungen-fuer-arbeitnehmer\/#primaryimage"},"image":{"@id":"https:\/\/amk-group.com\/de\/karriere\/leistungen-fuer-arbeitnehmer\/#primaryimage"},"thumbnailUrl":"https:\/\/amk-group.com\/wp-content\/uploads\/2022\/07\/APFEL-1.png","datePublished":"2022-04-13T11:19:59+00:00","dateModified":"2023-02-14T15:03:34+00:00","description":"Bei AMK leben wir flache Hierarchien, die eigenverantwortliches Handeln f\u00f6rdern. Zu unseren Benefits geh\u00f6rt eine ausgeglichene Work-Life-Balance.","breadcrumb":{"@id":"https:\/\/amk-group.com\/de\/karriere\/leistungen-fuer-arbeitnehmer\/#breadcrumb"},"inLanguage":"de","potentialAction":[{"@type":"ReadAction","target":["https:\/\/amk-group.com\/de\/karriere\/leistungen-fuer-arbeitnehmer\/"]}]},{"@type":"ImageObject","inLanguage":"de","@id":"https:\/\/amk-group.com\/de\/karriere\/leistungen-fuer-arbeitnehmer\/#primaryimage","url":"https:\/\/amk-group.com\/wp-content\/uploads\/2022\/07\/APFEL-1.png","contentUrl":"https:\/\/amk-group.com\/wp-content\/uploads\/2022\/07\/APFEL-1.png"},{"@type":"BreadcrumbList","@id":"https:\/\/amk-group.com\/de\/karriere\/leistungen-fuer-arbeitnehmer\/#breadcrumb","itemListElement":[{"@type":"ListItem","position":1,"name":"Startseite","item":"https:\/\/amk-group.com\/de\/"},{"@type":"ListItem","position":2,"name":"Karriere","item":"https:\/\/amk-group.com\/de\/karriere\/"},{"@type":"ListItem","position":3,"name":"Leistungen f\u00fcr Arbeitnehmer"}]},{"@type":"WebSite","@id":"https:\/\/amk-group.com\/de\/#website","url":"https:\/\/amk-group.com\/de\/","name":"AMK Automotive","description":"Drive your comfort!","potentialAction":[{"@type":"SearchAction","target":{"@type":"EntryPoint","urlTemplate":"https:\/\/amk-group.com\/de\/?s={search_term_string}"},"query-input":{"@type":"PropertyValueSpecification","valueRequired":true,"valueName":"search_term_string"}}],"inLanguage":"de"}]}},"_links":{"self":[{"href":"https:\/\/amk-group.com\/de\/wp-json\/wp\/v2\/pages\/431","targetHints":{"allow":["GET"]}}],"collection":[{"href":"https:\/\/amk-group.com\/de\/wp-json\/wp\/v2\/pages"}],"about":[{"href":"https:\/\/amk-group.com\/de\/wp-json\/wp\/v2\/types\/page"}],"author":[{"embeddable":true,"href":"https:\/\/amk-group.com\/de\/wp-json\/wp\/v2\/users\/1"}],"replies":[{"embeddable":true,"href":"https:\/\/amk-group.com\/de\/wp-json\/wp\/v2\/comments?post=431"}],"version-history":[{"count":27,"href":"https:\/\/amk-group.com\/de\/wp-json\/wp\/v2\/pages\/431\/revisions"}],"predecessor-version":[{"id":2820,"href":"https:\/\/amk-group.com\/de\/wp-json\/wp\/v2\/pages\/431\/revisions\/2820"}],"up":[{"embeddable":true,"href":"https:\/\/amk-group.com\/de\/wp-json\/wp\/v2\/pages\/403"}],"wp:attachment":[{"href":"https:\/\/amk-group.com\/de\/wp-json\/wp\/v2\/media?parent=431"}],"curies":[{"name":"wp","href":"https:\/\/api.w.org\/{rel}","templated":true}]}}