{"id":430,"date":"2022-04-13T13:19:44","date_gmt":"2022-04-13T11:19:44","guid":{"rendered":"https:\/\/amk-group.com\/career\/current-job-offers\/"},"modified":"2025-11-12T13:08:52","modified_gmt":"2025-11-12T12:08:52","slug":"aktuelle-jobangebote","status":"publish","type":"page","link":"https:\/\/amk-group.com\/de\/karriere\/aktuelle-jobangebote\/","title":{"rendered":"Aktuelle Jobangebote"},"content":{"rendered":"<div>Karriere<\/div>\n<h1>\n<p>Aktuelle Jobangebote<\/p>\n<\/h1>\n<h1>Flache Hierarchien \u2013 steile Karrieren<\/h1>\n<div>\n<p>Sie suchen einen sicheren Arbeitsplatz im Bereich Druckluft-versorgung mit viel Freiraum f\u00fcr Ihre Ideen? Dann sollten wir uns kennenlernen.<\/p>\n<p>Unsere Mitarbeiter tragen mit ihrem Know-how und ihrer Einsatzbereitschaft zum Unternehmenserfolg bei. Die aktive F\u00f6rderung der Mitarbeiter, ein gutes Betriebsklima sowie eine Atmosph\u00e4re des Vertrauens sind der N\u00e4hrboden f\u00fcr innovative Ideen.<\/p>\n<\/div>\n<p><video src=\"\/wp-content\/uploads\/2022\/09\/AMK-Imagefilm-Drive-your-comfort_2000.mp4\" poster=\"\"><\/video><\/p>\n<div>\n<div class=\"dvinci-job-widget ng-scope\" data-url=\"https:\/\/amkkarriere.dvinci-easy.com\/jobPublication\/list.json?fields=small\" lang=\"de\" ng-jq=\"\">\n<\/div>\n<p><script defer src=https:\/\/amkkarriere.dvinci-easy.com\/appo\/public\/jobWidgetLoader\/db8e49c3-c34f-4802-8d96-ae02b900699f.js><\/script><\/p>\n<div class=\"dvinci-job-widget\" \/>\n<\/div>\n<p><!--more--><br \/>\n<!-- {\"name\":\"Template - Career - Current Job Offers\",\"type\":\"layout\",\"children\":[{\"type\":\"section\",\"props\":{\"class\":\"subpage-header\",\"header_transparent\":true,\"header_transparent_noplaceholder\":true,\"header_transparent_text_color\":\"light\",\"image\":\"wp-content\\\/uploads\\\/2022\\\/08\\\/WEB501_karriere_aktuelle_jobangebote_headbanner.jpg\",\"image_position\":\"top-center\",\"image_size\":\"cover\",\"image_width\":\"2560\",\"media_overlay\":\"rgba(0, 0, 0, 0)\",\"media_overlay_gradient\":\"linear-gradient(180deg, rgba(0,0,0,0.2) 0%, rgba(0,0,0,0.2) 10%, rgba(0,0,0,0) 30%, rgba(255,255,255,0) 100%)\",\"padding\":\"xlarge\",\"style\":\"primary\",\"title_breakpoint\":\"xl\",\"title_position\":\"top-left\",\"title_rotation\":\"left\",\"vertical_align\":\"\",\"width\":\"default\"},\"children\":[{\"type\":\"row\",\"children\":[{\"type\":\"column\",\"props\":{\"image_position\":\"center-center\",\"position_sticky_breakpoint\":\"m\",\"vertical_align\":\"middle\"},\"children\":[{\"type\":\"headline\",\"props\":{\"content\":\"Karriere\",\"margin_remove_bottom\":false,\"text_align\":\"center\",\"title_element\":\"div\",\"title_style\":\"text-meta\"}},{\"type\":\"headline\",\"props\":{\"content\":\"\n\n<p>Aktuelle Jobangebote<\\\/p>\",\"margin_remove_top\":true,\"text_align\":\"center\",\"title_element\":\"h1\"}}]}]}],\"name\":\"Subpage Header\"},{\"type\":\"section\",\"props\":{\"image_position\":\"center-center\",\"style\":\"muted\",\"title_breakpoint\":\"xl\",\"title_position\":\"top-left\",\"title_rotation\":\"left\",\"vertical_align\":\"\",\"width\":\"default\"},\"children\":[{\"type\":\"row\",\"props\":{\"column_gap\":\"large\",\"layout\":\"1-2,1-2\"},\"children\":[{\"type\":\"column\",\"props\":{\"image_position\":\"center-center\",\"position_sticky_breakpoint\":\"m\",\"width_medium\":\"1-2\"},\"children\":[{\"type\":\"headline\",\"props\":{\"content\":\"Flache Hierarchien \\u2013 steile Karrieren\",\"title_element\":\"h1\"}},{\"type\":\"text\",\"props\":{\"column_breakpoint\":\"m\",\"content\":\"\n\n<p>Sie suchen einen sicheren Arbeitsplatz im Bereich Druckluft-versorgung mit viel Freiraum f\\u00fcr Ihre Ideen? Dann sollten wir uns kennenlernen.<\\\/p>\\n\n\n<p>Unsere Mitarbeiter tragen mit ihrem Know-how und ihrer Einsatzbereitschaft zum Unternehmenserfolg bei. Die aktive F\\u00f6rderung der Mitarbeiter, ein gutes Betriebsklima sowie eine Atmosph\\u00e4re des Vertrauens sind der N\\u00e4hrboden f\\u00fcr innovative Ideen.<\\\/p>\",\"margin\":\"default\",\"text_align\":\"justify\"}}]},{\"type\":\"column\",\"props\":{\"image_position\":\"center-center\",\"position_sticky_breakpoint\":\"m\",\"width_medium\":\"1-2\"},\"children\":[{\"type\":\"video\",\"props\":{\"margin\":\"default\",\"video\":\"wp-content\\\/uploads\\\/2022\\\/09\\\/AMK-Imagefilm-Drive-your-comfort_2000.mp4\",\"video_controls\":true}}]}]}]},{\"type\":\"section\",\"props\":{\"image_position\":\"center-center\",\"style\":\"default\",\"title_breakpoint\":\"xl\",\"title_position\":\"top-left\",\"title_rotation\":\"left\",\"vertical_align\":\"\",\"width\":\"default\"},\"children\":[{\"type\":\"row\",\"children\":[{\"type\":\"column\",\"props\":{\"image_position\":\"center-center\",\"position_sticky_breakpoint\":\"m\"},\"children\":[{\"type\":\"html\",\"props\":{\"content\":\"\n\n<div class=\\\"dvinci-job-widget ng-scope\\\" data-url=\\\"https:\\\/\\\/amkkarriere.dvinci-easy.com\\\/jobPublication\\\/list.json?fields=small\\\" lang=\\\"de\\\" ng-jq=\\\"\\\">\\n<\\\/div>\\n    \\n<script defer src=https:\\\/\\\/amkkarriere.dvinci-easy.com\\\/appo\\\/public\\\/jobWidgetLoader\\\/db8e49c3-c34f-4802-8d96-ae02b900699f.js><\\\/script>\\n\n\n<div class=\\\"dvinci-job-widget\\\" \\\/>\"}}]}]}]}],\"version\":\"4.4.16\"} --><\/p>\n","protected":false},"excerpt":{"rendered":"<p>Karriere Aktuelle Jobangebote Flache Hierarchien \u2013 steile Karrieren Sie suchen einen sicheren Arbeitsplatz im Bereich Druckluft-versorgung mit viel Freiraum f\u00fcr Ihre Ideen? Dann sollten wir uns kennenlernen. Unsere Mitarbeiter tragen mit ihrem Know-how und ihrer Einsatzbereitschaft zum Unternehmenserfolg bei. Die aktive F\u00f6rderung der Mitarbeiter, ein gutes Betriebsklima sowie eine Atmosph\u00e4re des Vertrauens sind der N\u00e4hrboden [&hellip;]<\/p>\n","protected":false},"author":1,"featured_media":0,"parent":403,"menu_order":1,"comment_status":"closed","ping_status":"closed","template":"","meta":{"_acf_changed":false,"footnotes":""},"class_list":["post-430","page","type-page","status-publish","hentry"],"acf":[],"yoast_head":"<!-- This site is optimized with the Yoast SEO plugin v26.4 - https:\/\/yoast.com\/wordpress\/plugins\/seo\/ -->\n<title>Aktuelle Jobangebote - AMK Automotive<\/title>\n<meta name=\"description\" content=\"Sie suchen einen sicheren Arbeitsplatz im Bereich der Druckluftversorgung mit Freiraum f\u00fcr Ihre Ideen? Dann sollten wir uns kennenlernen.\" \/>\n<meta name=\"robots\" content=\"index, follow, max-snippet:-1, max-image-preview:large, max-video-preview:-1\" \/>\n<link rel=\"canonical\" href=\"https:\/\/amk-group.com\/de\/karriere\/aktuelle-jobangebote\/\" \/>\n<meta property=\"og:locale\" content=\"de_DE\" \/>\n<meta property=\"og:type\" content=\"article\" \/>\n<meta property=\"og:title\" content=\"Aktuelle Jobangebote - AMK Automotive\" \/>\n<meta property=\"og:description\" content=\"Sie suchen einen sicheren Arbeitsplatz im Bereich der Druckluftversorgung mit Freiraum f\u00fcr Ihre Ideen? Dann sollten wir uns kennenlernen.\" \/>\n<meta property=\"og:url\" content=\"https:\/\/amk-group.com\/de\/karriere\/aktuelle-jobangebote\/\" \/>\n<meta property=\"og:site_name\" content=\"AMK Automotive\" \/>\n<meta property=\"article:modified_time\" content=\"2025-11-12T12:08:52+00:00\" \/>\n<meta name=\"twitter:card\" content=\"summary_large_image\" \/>\n<meta name=\"twitter:label1\" content=\"Gesch\u00e4tzte Lesezeit\" \/>\n\t<meta name=\"twitter:data1\" content=\"1\u00a0Minute\" \/>\n<script type=\"application\/ld+json\" class=\"yoast-schema-graph\">{\"@context\":\"https:\/\/schema.org\",\"@graph\":[{\"@type\":\"WebPage\",\"@id\":\"https:\/\/amk-group.com\/de\/karriere\/aktuelle-jobangebote\/\",\"url\":\"https:\/\/amk-group.com\/de\/karriere\/aktuelle-jobangebote\/\",\"name\":\"Aktuelle Jobangebote - AMK Automotive\",\"isPartOf\":{\"@id\":\"https:\/\/amk-group.com\/de\/#website\"},\"datePublished\":\"2022-04-13T11:19:44+00:00\",\"dateModified\":\"2025-11-12T12:08:52+00:00\",\"description\":\"Sie suchen einen sicheren Arbeitsplatz im Bereich der Druckluftversorgung mit Freiraum f\u00fcr Ihre Ideen? Dann sollten wir uns kennenlernen.\",\"breadcrumb\":{\"@id\":\"https:\/\/amk-group.com\/de\/karriere\/aktuelle-jobangebote\/#breadcrumb\"},\"inLanguage\":\"de\",\"potentialAction\":[{\"@type\":\"ReadAction\",\"target\":[\"https:\/\/amk-group.com\/de\/karriere\/aktuelle-jobangebote\/\"]}]},{\"@type\":\"BreadcrumbList\",\"@id\":\"https:\/\/amk-group.com\/de\/karriere\/aktuelle-jobangebote\/#breadcrumb\",\"itemListElement\":[{\"@type\":\"ListItem\",\"position\":1,\"name\":\"Startseite\",\"item\":\"https:\/\/amk-group.com\/de\/\"},{\"@type\":\"ListItem\",\"position\":2,\"name\":\"Karriere\",\"item\":\"https:\/\/amk-group.com\/de\/karriere\/\"},{\"@type\":\"ListItem\",\"position\":3,\"name\":\"Aktuelle Jobangebote\"}]},{\"@type\":\"WebSite\",\"@id\":\"https:\/\/amk-group.com\/de\/#website\",\"url\":\"https:\/\/amk-group.com\/de\/\",\"name\":\"AMK Automotive\",\"description\":\"Drive your comfort!\",\"potentialAction\":[{\"@type\":\"SearchAction\",\"target\":{\"@type\":\"EntryPoint\",\"urlTemplate\":\"https:\/\/amk-group.com\/de\/?s={search_term_string}\"},\"query-input\":{\"@type\":\"PropertyValueSpecification\",\"valueRequired\":true,\"valueName\":\"search_term_string\"}}],\"inLanguage\":\"de\"}]}<\/script>\n<!-- \/ Yoast SEO plugin. -->","yoast_head_json":{"title":"Aktuelle Jobangebote - AMK Automotive","description":"Sie suchen einen sicheren Arbeitsplatz im Bereich der Druckluftversorgung mit Freiraum f\u00fcr Ihre Ideen? Dann sollten wir uns kennenlernen.","robots":{"index":"index","follow":"follow","max-snippet":"max-snippet:-1","max-image-preview":"max-image-preview:large","max-video-preview":"max-video-preview:-1"},"canonical":"https:\/\/amk-group.com\/de\/karriere\/aktuelle-jobangebote\/","og_locale":"de_DE","og_type":"article","og_title":"Aktuelle Jobangebote - AMK Automotive","og_description":"Sie suchen einen sicheren Arbeitsplatz im Bereich der Druckluftversorgung mit Freiraum f\u00fcr Ihre Ideen? Dann sollten wir uns kennenlernen.","og_url":"https:\/\/amk-group.com\/de\/karriere\/aktuelle-jobangebote\/","og_site_name":"AMK Automotive","article_modified_time":"2025-11-12T12:08:52+00:00","twitter_card":"summary_large_image","twitter_misc":{"Gesch\u00e4tzte Lesezeit":"1\u00a0Minute"},"schema":{"@context":"https:\/\/schema.org","@graph":[{"@type":"WebPage","@id":"https:\/\/amk-group.com\/de\/karriere\/aktuelle-jobangebote\/","url":"https:\/\/amk-group.com\/de\/karriere\/aktuelle-jobangebote\/","name":"Aktuelle Jobangebote - AMK Automotive","isPartOf":{"@id":"https:\/\/amk-group.com\/de\/#website"},"datePublished":"2022-04-13T11:19:44+00:00","dateModified":"2025-11-12T12:08:52+00:00","description":"Sie suchen einen sicheren Arbeitsplatz im Bereich der Druckluftversorgung mit Freiraum f\u00fcr Ihre Ideen? Dann sollten wir uns kennenlernen.","breadcrumb":{"@id":"https:\/\/amk-group.com\/de\/karriere\/aktuelle-jobangebote\/#breadcrumb"},"inLanguage":"de","potentialAction":[{"@type":"ReadAction","target":["https:\/\/amk-group.com\/de\/karriere\/aktuelle-jobangebote\/"]}]},{"@type":"BreadcrumbList","@id":"https:\/\/amk-group.com\/de\/karriere\/aktuelle-jobangebote\/#breadcrumb","itemListElement":[{"@type":"ListItem","position":1,"name":"Startseite","item":"https:\/\/amk-group.com\/de\/"},{"@type":"ListItem","position":2,"name":"Karriere","item":"https:\/\/amk-group.com\/de\/karriere\/"},{"@type":"ListItem","position":3,"name":"Aktuelle Jobangebote"}]},{"@type":"WebSite","@id":"https:\/\/amk-group.com\/de\/#website","url":"https:\/\/amk-group.com\/de\/","name":"AMK Automotive","description":"Drive your comfort!","potentialAction":[{"@type":"SearchAction","target":{"@type":"EntryPoint","urlTemplate":"https:\/\/amk-group.com\/de\/?s={search_term_string}"},"query-input":{"@type":"PropertyValueSpecification","valueRequired":true,"valueName":"search_term_string"}}],"inLanguage":"de"}]}},"_links":{"self":[{"href":"https:\/\/amk-group.com\/de\/wp-json\/wp\/v2\/pages\/430","targetHints":{"allow":["GET"]}}],"collection":[{"href":"https:\/\/amk-group.com\/de\/wp-json\/wp\/v2\/pages"}],"about":[{"href":"https:\/\/amk-group.com\/de\/wp-json\/wp\/v2\/types\/page"}],"author":[{"embeddable":true,"href":"https:\/\/amk-group.com\/de\/wp-json\/wp\/v2\/users\/1"}],"replies":[{"embeddable":true,"href":"https:\/\/amk-group.com\/de\/wp-json\/wp\/v2\/comments?post=430"}],"version-history":[{"count":25,"href":"https:\/\/amk-group.com\/de\/wp-json\/wp\/v2\/pages\/430\/revisions"}],"predecessor-version":[{"id":4696,"href":"https:\/\/amk-group.com\/de\/wp-json\/wp\/v2\/pages\/430\/revisions\/4696"}],"up":[{"embeddable":true,"href":"https:\/\/amk-group.com\/de\/wp-json\/wp\/v2\/pages\/403"}],"wp:attachment":[{"href":"https:\/\/amk-group.com\/de\/wp-json\/wp\/v2\/media?parent=430"}],"curies":[{"name":"wp","href":"https:\/\/api.w.org\/{rel}","templated":true}]}}