{"id":380,"date":"2022-04-12T11:29:38","date_gmt":"2022-04-12T09:29:38","guid":{"rendered":"https:\/\/amk-group.com\/produkte\/retro-branch\/"},"modified":"2023-02-14T14:27:48","modified_gmt":"2023-02-14T13:27:48","slug":"retrofit-loesungen","status":"publish","type":"page","link":"https:\/\/amk-group.com\/de\/produkte\/retrofit-loesungen\/","title":{"rendered":"Retrofit L\u00f6sungen"},"content":{"rendered":"<div>Produkte<\/div>\n<h1>Retrofit-L\u00f6sungen<\/h1>\n<div>\n<p>Im Bereich Retrofit-L\u00f6sungen arbeiteten wir bereits Jahre lang mit dem irischen Luftfederungs-Spezialisten Drive-Rite zusammen. Im Jahr 2018 wurde die Kooperation weiter intensiviert und Drive-Rite wurde zu einem Unternehmen der AMK Gruppe.<\/p>\n<p>Diese Kooperation er\u00f6ffnet ein weites Spektrum an M\u00f6glichkeiten zur Marktbearbeitung und Produktentwicklung. Die Einhaltung h\u00f6chster Standards und die Flexibilit\u00e4t auf individuelle Anforderungen ein-zugehen, kombiniert mit einem umspannenden internationalen Vertriebsnetz bieten Ihnen innovative L\u00f6sungen f\u00fcr die Heraus-forderungen der Zukunft.<\/p>\n<\/div>\n<p>\n    <a href=\"https:\/\/www.driveriteair.com\/de\">Drive Rite<\/a>\n<\/p>\n<p><img decoding=\"async\" src=\"\/wp-content\/uploads\/2022\/08\/Retrofit.png\" alt=\"\"><\/p>\n<p><!--more--><br \/>\n<!-- {\"name\":\"Template - Simple Subpage\",\"type\":\"layout\",\"children\":[{\"type\":\"section\",\"props\":{\"class\":\"subpage-header\",\"header_transparent\":\"light\",\"header_transparent_noplaceholder\":true,\"image\":\"wp-content\\\/uploads\\\/2022\\\/04\\\/amk_bg_wave_l.jpg\",\"image_position\":\"center-center\",\"image_size\":\"cover\",\"image_width\":\"2560\",\"media_overlay\":\"rgba(0, 0, 0, 0)\",\"media_overlay_gradient\":\"linear-gradient(180deg, rgba(0,0,0,0.2) 0%, rgba(0,0,0,0.2) 15%, rgba(255,255,255,0) 100%);\",\"padding\":\"xlarge\",\"style\":\"primary\",\"title_breakpoint\":\"xl\",\"title_position\":\"top-left\",\"title_rotation\":\"left\",\"vertical_align\":\"middle\",\"width\":\"default\"},\"children\":[{\"type\":\"row\",\"children\":[{\"type\":\"column\",\"props\":{\"image_position\":\"center-center\",\"media_overlay_gradient\":\"\",\"position_sticky_breakpoint\":\"m\",\"vertical_align\":\"middle\"},\"children\":[{\"type\":\"headline\",\"props\":{\"content\":\"Produkte\",\"margin_remove_bottom\":false,\"text_align\":\"center\",\"title_element\":\"div\",\"title_style\":\"text-meta\"}},{\"type\":\"headline\",\"props\":{\"content\":\"Retrofit-L\\u00f6sungen\",\"margin_remove_top\":true,\"text_align\":\"center\",\"title_element\":\"h1\"}}]}]}],\"name\":\"Sektion - Header Unterseite\"},{\"type\":\"section\",\"props\":{\"image_position\":\"center-center\",\"style\":\"default\",\"title_breakpoint\":\"xl\",\"title_position\":\"top-left\",\"title_rotation\":\"left\",\"vertical_align\":\"middle\",\"width\":\"default\"},\"children\":[{\"type\":\"row\",\"children\":[{\"type\":\"column\",\"props\":{\"image_position\":\"center-center\",\"media_overlay_gradient\":\"\",\"position_sticky_breakpoint\":\"m\"},\"children\":[]}]},{\"type\":\"row\",\"children\":[{\"type\":\"column\",\"props\":{\"image_position\":\"center-center\",\"media_overlay_gradient\":\"\",\"position_sticky_breakpoint\":\"m\",\"width_medium\":\"1-2\"},\"children\":[{\"type\":\"text\",\"props\":{\"column_breakpoint\":\"m\",\"content\":\"\n\n<p>Im Bereich Retrofit-L\\u00f6sungen arbeiteten wir bereits Jahre lang mit dem irischen Luftfederungs-Spezialisten Drive-Rite zusammen. Im Jahr 2018 wurde die Kooperation weiter intensiviert und Drive-Rite wurde zu einem Unternehmen der AMK Gruppe.<\\\/p>\\n\n\n<p>Diese Kooperation er\\u00f6ffnet ein weites Spektrum an M\\u00f6glichkeiten zur Marktbearbeitung und Produktentwicklung. Die Einhaltung h\\u00f6chster Standards und die Flexibilit\\u00e4t auf individuelle Anforderungen ein-zugehen, kombiniert mit einem umspannenden internationalen Vertriebsnetz bieten Ihnen innovative L\\u00f6sungen f\\u00fcr die Heraus-forderungen der Zukunft.<\\\/p>\",\"margin\":\"default\",\"text_align\":\"justify\"}},{\"type\":\"button\",\"props\":{\"grid_column_gap\":\"small\",\"grid_row_gap\":\"small\",\"margin\":\"default\"},\"children\":[{\"type\":\"button_item\",\"props\":{\"button_style\":\"primary\",\"content\":\"Drive Rite\",\"icon_align\":\"left\",\"link\":\"https:\\\/\\\/www.driveriteair.com\\\/de\",\"link_target\":\"blank\",\"link_title\":\"\"}}]}]},{\"type\":\"column\",\"props\":{\"image_position\":\"center-center\",\"media_overlay_gradient\":\"\",\"position_sticky_breakpoint\":\"m\",\"width_medium\":\"1-2\"},\"children\":[{\"type\":\"image\",\"props\":{\"image\":\"wp-content\\\/uploads\\\/2022\\\/08\\\/Retrofit.png\",\"image_svg_color\":\"emphasis\",\"margin\":\"default\"}}]}],\"props\":{\"layout\":\"1-2,1-2\"}}],\"name\":\"Sektion - H2 + Text links, Bild rechts\"}],\"version\":\"3.0.10\"} --><\/p>\n","protected":false},"excerpt":{"rendered":"<p>Produkte Retrofit-L\u00f6sungen Im Bereich Retrofit-L\u00f6sungen arbeiteten wir bereits Jahre lang mit dem irischen Luftfederungs-Spezialisten Drive-Rite zusammen. Im Jahr 2018 wurde die Kooperation weiter intensiviert und Drive-Rite wurde zu einem Unternehmen der AMK Gruppe. Diese Kooperation er\u00f6ffnet ein weites Spektrum an M\u00f6glichkeiten zur Marktbearbeitung und Produktentwicklung. Die Einhaltung h\u00f6chster Standards und die Flexibilit\u00e4t auf individuelle Anforderungen [&hellip;]<\/p>\n","protected":false},"author":1,"featured_media":0,"parent":355,"menu_order":4,"comment_status":"closed","ping_status":"closed","template":"","meta":{"_acf_changed":false,"footnotes":""},"class_list":["post-380","page","type-page","status-publish","hentry"],"acf":[],"yoast_head":"<!-- This site is optimized with the Yoast SEO plugin v26.4 - https:\/\/yoast.com\/wordpress\/plugins\/seo\/ -->\n<title>Retrofit L\u00f6sungen - AMK Automotive<\/title>\n<meta name=\"description\" content=\"Wenn es um das nachr\u00fcsten bestehender Anlagen geht, arbeiteten wir bereits Jahre lang mit dem irischen Luftfederungs-Spezialisten Drive-Rite zusammen.\" \/>\n<meta name=\"robots\" content=\"index, follow, max-snippet:-1, max-image-preview:large, max-video-preview:-1\" \/>\n<link rel=\"canonical\" href=\"https:\/\/amk-group.com\/de\/produkte\/retrofit-loesungen\/\" \/>\n<meta property=\"og:locale\" content=\"de_DE\" \/>\n<meta property=\"og:type\" content=\"article\" \/>\n<meta property=\"og:title\" content=\"Retrofit L\u00f6sungen - AMK Automotive\" \/>\n<meta property=\"og:description\" content=\"Wenn es um das nachr\u00fcsten bestehender Anlagen geht, arbeiteten wir bereits Jahre lang mit dem irischen Luftfederungs-Spezialisten Drive-Rite zusammen.\" \/>\n<meta property=\"og:url\" content=\"https:\/\/amk-group.com\/de\/produkte\/retrofit-loesungen\/\" \/>\n<meta property=\"og:site_name\" content=\"AMK Automotive\" \/>\n<meta property=\"article:modified_time\" content=\"2023-02-14T13:27:48+00:00\" \/>\n<meta name=\"twitter:card\" content=\"summary_large_image\" \/>\n<meta name=\"twitter:label1\" content=\"Gesch\u00e4tzte Lesezeit\" \/>\n\t<meta name=\"twitter:data1\" content=\"2\u00a0Minuten\" \/>\n<script type=\"application\/ld+json\" class=\"yoast-schema-graph\">{\"@context\":\"https:\/\/schema.org\",\"@graph\":[{\"@type\":\"WebPage\",\"@id\":\"https:\/\/amk-group.com\/de\/produkte\/retrofit-loesungen\/\",\"url\":\"https:\/\/amk-group.com\/de\/produkte\/retrofit-loesungen\/\",\"name\":\"Retrofit L\u00f6sungen - AMK Automotive\",\"isPartOf\":{\"@id\":\"https:\/\/amk-group.com\/de\/#website\"},\"datePublished\":\"2022-04-12T09:29:38+00:00\",\"dateModified\":\"2023-02-14T13:27:48+00:00\",\"description\":\"Wenn es um das nachr\u00fcsten bestehender Anlagen geht, arbeiteten wir bereits Jahre lang mit dem irischen Luftfederungs-Spezialisten Drive-Rite zusammen.\",\"breadcrumb\":{\"@id\":\"https:\/\/amk-group.com\/de\/produkte\/retrofit-loesungen\/#breadcrumb\"},\"inLanguage\":\"de\",\"potentialAction\":[{\"@type\":\"ReadAction\",\"target\":[\"https:\/\/amk-group.com\/de\/produkte\/retrofit-loesungen\/\"]}]},{\"@type\":\"BreadcrumbList\",\"@id\":\"https:\/\/amk-group.com\/de\/produkte\/retrofit-loesungen\/#breadcrumb\",\"itemListElement\":[{\"@type\":\"ListItem\",\"position\":1,\"name\":\"Startseite\",\"item\":\"https:\/\/amk-group.com\/de\/\"},{\"@type\":\"ListItem\",\"position\":2,\"name\":\"Produkte\",\"item\":\"https:\/\/amk-group.com\/de\/produkte\/\"},{\"@type\":\"ListItem\",\"position\":3,\"name\":\"Retrofit L\u00f6sungen\"}]},{\"@type\":\"WebSite\",\"@id\":\"https:\/\/amk-group.com\/de\/#website\",\"url\":\"https:\/\/amk-group.com\/de\/\",\"name\":\"AMK Automotive\",\"description\":\"Drive your comfort!\",\"potentialAction\":[{\"@type\":\"SearchAction\",\"target\":{\"@type\":\"EntryPoint\",\"urlTemplate\":\"https:\/\/amk-group.com\/de\/?s={search_term_string}\"},\"query-input\":{\"@type\":\"PropertyValueSpecification\",\"valueRequired\":true,\"valueName\":\"search_term_string\"}}],\"inLanguage\":\"de\"}]}<\/script>\n<!-- \/ Yoast SEO plugin. -->","yoast_head_json":{"title":"Retrofit L\u00f6sungen - AMK Automotive","description":"Wenn es um das nachr\u00fcsten bestehender Anlagen geht, arbeiteten wir bereits Jahre lang mit dem irischen Luftfederungs-Spezialisten Drive-Rite zusammen.","robots":{"index":"index","follow":"follow","max-snippet":"max-snippet:-1","max-image-preview":"max-image-preview:large","max-video-preview":"max-video-preview:-1"},"canonical":"https:\/\/amk-group.com\/de\/produkte\/retrofit-loesungen\/","og_locale":"de_DE","og_type":"article","og_title":"Retrofit L\u00f6sungen - AMK Automotive","og_description":"Wenn es um das nachr\u00fcsten bestehender Anlagen geht, arbeiteten wir bereits Jahre lang mit dem irischen Luftfederungs-Spezialisten Drive-Rite zusammen.","og_url":"https:\/\/amk-group.com\/de\/produkte\/retrofit-loesungen\/","og_site_name":"AMK Automotive","article_modified_time":"2023-02-14T13:27:48+00:00","twitter_card":"summary_large_image","twitter_misc":{"Gesch\u00e4tzte Lesezeit":"2\u00a0Minuten"},"schema":{"@context":"https:\/\/schema.org","@graph":[{"@type":"WebPage","@id":"https:\/\/amk-group.com\/de\/produkte\/retrofit-loesungen\/","url":"https:\/\/amk-group.com\/de\/produkte\/retrofit-loesungen\/","name":"Retrofit L\u00f6sungen - AMK Automotive","isPartOf":{"@id":"https:\/\/amk-group.com\/de\/#website"},"datePublished":"2022-04-12T09:29:38+00:00","dateModified":"2023-02-14T13:27:48+00:00","description":"Wenn es um das nachr\u00fcsten bestehender Anlagen geht, arbeiteten wir bereits Jahre lang mit dem irischen Luftfederungs-Spezialisten Drive-Rite zusammen.","breadcrumb":{"@id":"https:\/\/amk-group.com\/de\/produkte\/retrofit-loesungen\/#breadcrumb"},"inLanguage":"de","potentialAction":[{"@type":"ReadAction","target":["https:\/\/amk-group.com\/de\/produkte\/retrofit-loesungen\/"]}]},{"@type":"BreadcrumbList","@id":"https:\/\/amk-group.com\/de\/produkte\/retrofit-loesungen\/#breadcrumb","itemListElement":[{"@type":"ListItem","position":1,"name":"Startseite","item":"https:\/\/amk-group.com\/de\/"},{"@type":"ListItem","position":2,"name":"Produkte","item":"https:\/\/amk-group.com\/de\/produkte\/"},{"@type":"ListItem","position":3,"name":"Retrofit L\u00f6sungen"}]},{"@type":"WebSite","@id":"https:\/\/amk-group.com\/de\/#website","url":"https:\/\/amk-group.com\/de\/","name":"AMK Automotive","description":"Drive your comfort!","potentialAction":[{"@type":"SearchAction","target":{"@type":"EntryPoint","urlTemplate":"https:\/\/amk-group.com\/de\/?s={search_term_string}"},"query-input":{"@type":"PropertyValueSpecification","valueRequired":true,"valueName":"search_term_string"}}],"inLanguage":"de"}]}},"_links":{"self":[{"href":"https:\/\/amk-group.com\/de\/wp-json\/wp\/v2\/pages\/380","targetHints":{"allow":["GET"]}}],"collection":[{"href":"https:\/\/amk-group.com\/de\/wp-json\/wp\/v2\/pages"}],"about":[{"href":"https:\/\/amk-group.com\/de\/wp-json\/wp\/v2\/types\/page"}],"author":[{"embeddable":true,"href":"https:\/\/amk-group.com\/de\/wp-json\/wp\/v2\/users\/1"}],"replies":[{"embeddable":true,"href":"https:\/\/amk-group.com\/de\/wp-json\/wp\/v2\/comments?post=380"}],"version-history":[{"count":12,"href":"https:\/\/amk-group.com\/de\/wp-json\/wp\/v2\/pages\/380\/revisions"}],"predecessor-version":[{"id":2811,"href":"https:\/\/amk-group.com\/de\/wp-json\/wp\/v2\/pages\/380\/revisions\/2811"}],"up":[{"embeddable":true,"href":"https:\/\/amk-group.com\/de\/wp-json\/wp\/v2\/pages\/355"}],"wp:attachment":[{"href":"https:\/\/amk-group.com\/de\/wp-json\/wp\/v2\/media?parent=380"}],"curies":[{"name":"wp","href":"https:\/\/api.w.org\/{rel}","templated":true}]}}