{"id":373,"date":"2022-04-12T11:29:38","date_gmt":"2022-04-12T09:29:38","guid":{"rendered":"https:\/\/amk-group.com\/produkte\/aftermarket\/"},"modified":"2023-02-14T14:26:35","modified_gmt":"2023-02-14T13:26:35","slug":"aftermarket","status":"publish","type":"page","link":"https:\/\/amk-group.com\/de\/produkte\/aftermarket\/","title":{"rendered":"Aftermarket"},"content":{"rendered":"<div>Produkte<\/div>\n<h1>Aftermarket<\/h1>\n<div>\n<p>AMK Automotive als weltweiter OEM Lieferant entwickelt und produziert best-in-class Luftfederkompressoren f\u00fcr Premiumfahrzeugherstellung wie BMW, MERCEDES, JAGUAR, LANDROVER, VOLVO und ASTON MARTIN. Bei uns gibt es auch Ersatzteile!<\/p>\n<p>Um eine schnelle und professionelle Reparatur in freien Werkst\u00e4tten zu erm\u00f6glichen bietet AMK ein Sortiment von Ersatzteilen an. Diese Luftfeder-kompressoren sind passend f\u00fcr bestimmte Fahrzeuge. Eine einfache Eins-zu-Eins-Zuordnung erleichtert die Teileidentifikation und sichert die Qualit\u00e4t der Reparatur.<\/p>\n<p>Die Kompressoren werden nach h\u00f6chsten automotiven Standards und entsprechend OEM-Spezifikationen hergestellt. Durch das Design der Kompressoren und die Qualit\u00e4t aller Komponenten werden eine hohe Zuverl\u00e4ssigkeit, lange Lebenszeit sowie eine leise und effiziente Performance erreicht.\u00a0<\/p>\n<\/div>\n<ul>\n<li>\n<\/li>\n<li>\n<div>Sonstiges<\/div>\n<\/li>\n<\/ul>\n<p><!--more--><br \/>\n<!-- {\"name\":\"Template - Aftermarket\",\"type\":\"layout\",\"children\":[{\"type\":\"section\",\"props\":{\"class\":\"subpage-header  product\",\"header_transparent\":\"light\",\"header_transparent_noplaceholder\":true,\"image\":\"wp-content\\\/uploads\\\/2022\\\/06\\\/KompressorFreisteller.png\",\"image_height\":\"556\",\"image_position\":\"center-center\",\"media_overlay\":\"rgba(0, 0, 0, 0)\",\"media_overlay_gradient\":\"linear-gradient(180deg, rgba(0,0,0,0.2) 0%, rgba(0,0,0,0.2) 15%, rgba(255,255,255,0) 100%);\",\"padding\":\"xlarge\",\"style\":\"primary\",\"title_breakpoint\":\"xl\",\"title_position\":\"top-left\",\"title_rotation\":\"left\",\"vertical_align\":\"middle\",\"width\":\"default\"},\"children\":[{\"type\":\"row\",\"children\":[{\"type\":\"column\",\"props\":{\"image_position\":\"center-center\",\"media_overlay_gradient\":\"\",\"position_sticky_breakpoint\":\"m\",\"vertical_align\":\"middle\"},\"children\":[{\"type\":\"headline\",\"props\":{\"content\":\"Produkte\",\"margin_remove_bottom\":false,\"text_align\":\"center\",\"title_element\":\"div\",\"title_style\":\"text-meta\"}},{\"type\":\"headline\",\"props\":{\"content\":\"Aftermarket\",\"margin_remove_top\":true,\"text_align\":\"center\",\"title_element\":\"h1\"}}]}]}],\"name\":\"Sektion - Header Unterseite\"},{\"type\":\"section\",\"props\":{\"image_position\":\"center-center\",\"style\":\"muted\",\"title_breakpoint\":\"xl\",\"title_position\":\"top-left\",\"title_rotation\":\"left\",\"vertical_align\":\"middle\",\"width\":\"default\"},\"children\":[{\"type\":\"row\",\"children\":[{\"type\":\"column\",\"props\":{\"image_position\":\"center-center\",\"media_overlay_gradient\":\"\",\"position_sticky_breakpoint\":\"m\"},\"children\":[{\"type\":\"text\",\"props\":{\"column_breakpoint\":\"m\",\"content\":\"\n\n<p>AMK Automotive als weltweiter OEM Lieferant entwickelt und produziert best-in-class Luftfederkompressoren f\\u00fcr Premiumfahrzeugherstellung wie BMW, MERCEDES, JAGUAR, LANDROVER, VOLVO und ASTON MARTIN. Bei uns gibt es auch Ersatzteile!<\\\/p>\\n\n\n<p>Um eine schnelle und professionelle Reparatur in freien Werkst\\u00e4tten zu erm\\u00f6glichen bietet AMK ein Sortiment von Ersatzteilen an. Diese Luftfeder-kompressoren sind passend f\\u00fcr bestimmte Fahrzeuge. Eine einfache Eins-zu-Eins-Zuordnung erleichtert die Teileidentifikation und sichert die Qualit\\u00e4t der Reparatur.<\\\/p>\\n\n\n<p>Die Kompressoren werden nach h\\u00f6chsten automotiven Standards und entsprechend OEM-Spezifikationen hergestellt. Durch das Design der Kompressoren und die Qualit\\u00e4t aller Komponenten werden eine hohe Zuverl\\u00e4ssigkeit, lange Lebenszeit sowie eine leise und effiziente Performance erreicht.\\u00a0<\\\/p>\",\"margin\":\"default\",\"text_align\":\"justify\"}}]}]}]},{\"type\":\"section\",\"props\":{\"image_position\":\"center-center\",\"style\":\"default\",\"title_breakpoint\":\"xl\",\"title_position\":\"top-left\",\"title_rotation\":\"left\",\"vertical_align\":\"middle\",\"width\":\"default\"},\"children\":[{\"type\":\"row\",\"children\":[{\"type\":\"column\",\"props\":{\"image_position\":\"center-center\",\"media_overlay_gradient\":\"\",\"position_sticky_breakpoint\":\"m\"},\"children\":[{\"type\":\"product-grid\",\"props\":{\"class\":\"wv-section-product-grid\",\"content_column_breakpoint\":\"m\",\"filter\":true,\"filter_align\":\"left\",\"filter_all\":true,\"filter_all_label\":\"Alle\",\"filter_animation\":\"\",\"filter_grid_breakpoint\":\"m\",\"filter_grid_width\":\"auto\",\"filter_position\":\"top\",\"filter_style\":\"subnav-pill\",\"grid_default\":\"1\",\"grid_medium\":\"1\",\"grid_row_gap\":\"collapse\",\"icon_width\":80,\"image_align\":\"top\",\"image_grid_breakpoint\":\"m\",\"image_grid_width\":\"1-2\",\"image_svg_color\":\"emphasis\",\"item_animation\":true,\"link_style\":\"default\",\"link_text\":\"\",\"margin\":\"default\",\"meta_align\":\"below-title\",\"meta_element\":\"div\",\"meta_style\":\"meta\",\"panel_link\":true,\"panel_padding\":\"small\",\"panel_style\":\"card-default\",\"parallax_easing\":\"1\",\"show_content\":true,\"show_image\":true,\"show_link\":true,\"show_meta\":true,\"show_title\":true,\"title_align\":\"top\",\"title_element\":\"div\",\"title_grid_breakpoint\":\"m\",\"title_grid_width\":\"1-2\",\"title_hover_style\":\"reset\",\"title_link\":false,\"title_style\":\"lead\"},\"children\":[{\"type\":\"product-grid_item\",\"source\":{\"query\":{\"name\":\"products.customProducts\",\"arguments\":{\"terms\":[4],\"product_category_operator\":\"IN\",\"users\":[],\"users_operator\":\"IN\",\"offset\":0,\"limit\":1000,\"order\":\"field:brand\",\"order_direction\":\"ASC\",\"order_alphanum\":false}},\"props\":{\"col2\":{\"filters\":{\"search\":\"\"},\"name\":\"field.vehicle_model\"},\"col3\":{\"filters\":{\"search\":\"\"},\"name\":\"field.vehicle_model_code\"},\"col4\":{\"filters\":{\"search\":\"\"},\"name\":\"field.oe_oes_amk_part_no\"},\"col5\":{\"filters\":{\"search\":\"\"},\"name\":\"field.oem_part_no\"},\"tags\":{\"filters\":{\"search\":\"\"},\"name\":\"field.brand.label\"},\"col1\":{\"filters\":{\"search\":\"\"},\"name\":\"field.amk_aftermarket_part_no\"},\"title\":{\"filters\":{\"search\":\"\"},\"name\":\"title\"},\"link\":{\"filters\":{\"search\":\"\"},\"name\":\"link\"}}}},{\"type\":\"product-grid_item\",\"props\":{\"col1\":\"A2958\",\"col2\":\"IAM version\",\"col3\":\"Retrofit ECAS Systems\",\"tags\":\"Light Commercial Vehicles (DR and VB)\",\"title\":\"Sonstiges\"}}]}]}]}]}],\"version\":\"3.0.10\"} --><\/p>\n","protected":false},"excerpt":{"rendered":"<p>Produkte Aftermarket AMK Automotive als weltweiter OEM Lieferant entwickelt und produziert best-in-class Luftfederkompressoren f\u00fcr Premiumfahrzeugherstellung wie BMW, MERCEDES, JAGUAR, LANDROVER, VOLVO und ASTON MARTIN. Bei uns gibt es auch Ersatzteile! Um eine schnelle und professionelle Reparatur in freien Werkst\u00e4tten zu erm\u00f6glichen bietet AMK ein Sortiment von Ersatzteilen an. Diese Luftfeder-kompressoren sind passend f\u00fcr bestimmte Fahrzeuge. [&hellip;]<\/p>\n","protected":false},"author":1,"featured_media":0,"parent":355,"menu_order":2,"comment_status":"closed","ping_status":"closed","template":"","meta":{"_acf_changed":false,"footnotes":""},"class_list":["post-373","page","type-page","status-publish","hentry"],"acf":[],"yoast_head":"<!-- This site is optimized with the Yoast SEO plugin v26.4 - https:\/\/yoast.com\/wordpress\/plugins\/seo\/ -->\n<title>Aftermarket f\u00fcr Ersatzteile - AMK Automotive<\/title>\n<meta name=\"description\" content=\"AMK als weltweiter OEM Lieferant entwickelt Luftfederkompressoren f\u00fcr Premiumfahrzeuge. Wir bieten au\u00dferdem ein Sortiment f\u00fcr Ersatzteile an.\" \/>\n<meta name=\"robots\" content=\"index, follow, max-snippet:-1, max-image-preview:large, max-video-preview:-1\" \/>\n<link rel=\"canonical\" href=\"https:\/\/amk-group.com\/de\/produkte\/aftermarket\/\" \/>\n<meta property=\"og:locale\" content=\"de_DE\" \/>\n<meta property=\"og:type\" content=\"article\" \/>\n<meta property=\"og:title\" content=\"Aftermarket f\u00fcr Ersatzteile - AMK Automotive\" \/>\n<meta property=\"og:description\" content=\"AMK als weltweiter OEM Lieferant entwickelt Luftfederkompressoren f\u00fcr Premiumfahrzeuge. Wir bieten au\u00dferdem ein Sortiment f\u00fcr Ersatzteile an.\" \/>\n<meta property=\"og:url\" content=\"https:\/\/amk-group.com\/de\/produkte\/aftermarket\/\" \/>\n<meta property=\"og:site_name\" content=\"AMK Automotive\" \/>\n<meta property=\"article:modified_time\" content=\"2023-02-14T13:26:35+00:00\" \/>\n<meta name=\"twitter:card\" content=\"summary_large_image\" \/>\n<meta name=\"twitter:label1\" content=\"Gesch\u00e4tzte Lesezeit\" \/>\n\t<meta name=\"twitter:data1\" content=\"2\u00a0Minuten\" \/>\n<script type=\"application\/ld+json\" class=\"yoast-schema-graph\">{\"@context\":\"https:\/\/schema.org\",\"@graph\":[{\"@type\":\"WebPage\",\"@id\":\"https:\/\/amk-group.com\/de\/produkte\/aftermarket\/\",\"url\":\"https:\/\/amk-group.com\/de\/produkte\/aftermarket\/\",\"name\":\"Aftermarket f\u00fcr Ersatzteile - AMK Automotive\",\"isPartOf\":{\"@id\":\"https:\/\/amk-group.com\/de\/#website\"},\"datePublished\":\"2022-04-12T09:29:38+00:00\",\"dateModified\":\"2023-02-14T13:26:35+00:00\",\"description\":\"AMK als weltweiter OEM Lieferant entwickelt Luftfederkompressoren f\u00fcr Premiumfahrzeuge. Wir bieten au\u00dferdem ein Sortiment f\u00fcr Ersatzteile an.\",\"breadcrumb\":{\"@id\":\"https:\/\/amk-group.com\/de\/produkte\/aftermarket\/#breadcrumb\"},\"inLanguage\":\"de\",\"potentialAction\":[{\"@type\":\"ReadAction\",\"target\":[\"https:\/\/amk-group.com\/de\/produkte\/aftermarket\/\"]}]},{\"@type\":\"BreadcrumbList\",\"@id\":\"https:\/\/amk-group.com\/de\/produkte\/aftermarket\/#breadcrumb\",\"itemListElement\":[{\"@type\":\"ListItem\",\"position\":1,\"name\":\"Startseite\",\"item\":\"https:\/\/amk-group.com\/de\/\"},{\"@type\":\"ListItem\",\"position\":2,\"name\":\"Produkte\",\"item\":\"https:\/\/amk-group.com\/de\/produkte\/\"},{\"@type\":\"ListItem\",\"position\":3,\"name\":\"Aftermarket\"}]},{\"@type\":\"WebSite\",\"@id\":\"https:\/\/amk-group.com\/de\/#website\",\"url\":\"https:\/\/amk-group.com\/de\/\",\"name\":\"AMK Automotive\",\"description\":\"Drive your comfort!\",\"potentialAction\":[{\"@type\":\"SearchAction\",\"target\":{\"@type\":\"EntryPoint\",\"urlTemplate\":\"https:\/\/amk-group.com\/de\/?s={search_term_string}\"},\"query-input\":{\"@type\":\"PropertyValueSpecification\",\"valueRequired\":true,\"valueName\":\"search_term_string\"}}],\"inLanguage\":\"de\"}]}<\/script>\n<!-- \/ Yoast SEO plugin. -->","yoast_head_json":{"title":"Aftermarket f\u00fcr Ersatzteile - AMK Automotive","description":"AMK als weltweiter OEM Lieferant entwickelt Luftfederkompressoren f\u00fcr Premiumfahrzeuge. Wir bieten au\u00dferdem ein Sortiment f\u00fcr Ersatzteile an.","robots":{"index":"index","follow":"follow","max-snippet":"max-snippet:-1","max-image-preview":"max-image-preview:large","max-video-preview":"max-video-preview:-1"},"canonical":"https:\/\/amk-group.com\/de\/produkte\/aftermarket\/","og_locale":"de_DE","og_type":"article","og_title":"Aftermarket f\u00fcr Ersatzteile - AMK Automotive","og_description":"AMK als weltweiter OEM Lieferant entwickelt Luftfederkompressoren f\u00fcr Premiumfahrzeuge. Wir bieten au\u00dferdem ein Sortiment f\u00fcr Ersatzteile an.","og_url":"https:\/\/amk-group.com\/de\/produkte\/aftermarket\/","og_site_name":"AMK Automotive","article_modified_time":"2023-02-14T13:26:35+00:00","twitter_card":"summary_large_image","twitter_misc":{"Gesch\u00e4tzte Lesezeit":"2\u00a0Minuten"},"schema":{"@context":"https:\/\/schema.org","@graph":[{"@type":"WebPage","@id":"https:\/\/amk-group.com\/de\/produkte\/aftermarket\/","url":"https:\/\/amk-group.com\/de\/produkte\/aftermarket\/","name":"Aftermarket f\u00fcr Ersatzteile - AMK Automotive","isPartOf":{"@id":"https:\/\/amk-group.com\/de\/#website"},"datePublished":"2022-04-12T09:29:38+00:00","dateModified":"2023-02-14T13:26:35+00:00","description":"AMK als weltweiter OEM Lieferant entwickelt Luftfederkompressoren f\u00fcr Premiumfahrzeuge. Wir bieten au\u00dferdem ein Sortiment f\u00fcr Ersatzteile an.","breadcrumb":{"@id":"https:\/\/amk-group.com\/de\/produkte\/aftermarket\/#breadcrumb"},"inLanguage":"de","potentialAction":[{"@type":"ReadAction","target":["https:\/\/amk-group.com\/de\/produkte\/aftermarket\/"]}]},{"@type":"BreadcrumbList","@id":"https:\/\/amk-group.com\/de\/produkte\/aftermarket\/#breadcrumb","itemListElement":[{"@type":"ListItem","position":1,"name":"Startseite","item":"https:\/\/amk-group.com\/de\/"},{"@type":"ListItem","position":2,"name":"Produkte","item":"https:\/\/amk-group.com\/de\/produkte\/"},{"@type":"ListItem","position":3,"name":"Aftermarket"}]},{"@type":"WebSite","@id":"https:\/\/amk-group.com\/de\/#website","url":"https:\/\/amk-group.com\/de\/","name":"AMK Automotive","description":"Drive your comfort!","potentialAction":[{"@type":"SearchAction","target":{"@type":"EntryPoint","urlTemplate":"https:\/\/amk-group.com\/de\/?s={search_term_string}"},"query-input":{"@type":"PropertyValueSpecification","valueRequired":true,"valueName":"search_term_string"}}],"inLanguage":"de"}]}},"_links":{"self":[{"href":"https:\/\/amk-group.com\/de\/wp-json\/wp\/v2\/pages\/373","targetHints":{"allow":["GET"]}}],"collection":[{"href":"https:\/\/amk-group.com\/de\/wp-json\/wp\/v2\/pages"}],"about":[{"href":"https:\/\/amk-group.com\/de\/wp-json\/wp\/v2\/types\/page"}],"author":[{"embeddable":true,"href":"https:\/\/amk-group.com\/de\/wp-json\/wp\/v2\/users\/1"}],"replies":[{"embeddable":true,"href":"https:\/\/amk-group.com\/de\/wp-json\/wp\/v2\/comments?post=373"}],"version-history":[{"count":29,"href":"https:\/\/amk-group.com\/de\/wp-json\/wp\/v2\/pages\/373\/revisions"}],"predecessor-version":[{"id":2810,"href":"https:\/\/amk-group.com\/de\/wp-json\/wp\/v2\/pages\/373\/revisions\/2810"}],"up":[{"embeddable":true,"href":"https:\/\/amk-group.com\/de\/wp-json\/wp\/v2\/pages\/355"}],"wp:attachment":[{"href":"https:\/\/amk-group.com\/de\/wp-json\/wp\/v2\/media?parent=373"}],"curies":[{"name":"wp","href":"https:\/\/api.w.org\/{rel}","templated":true}]}}