{"id":363,"date":"2022-04-12T15:21:33","date_gmt":"2022-04-12T13:21:33","guid":{"rendered":"https:\/\/amk-group.com\/produkte\/luftfederkompressoren\/additional-information-for-iam-customers\/"},"modified":"2023-08-16T16:51:06","modified_gmt":"2023-08-16T14:51:06","slug":"passenger-cars","status":"publish","type":"page","link":"https:\/\/amk-group.com\/de\/produkte\/luftfederkompressoren\/passenger-cars\/","title":{"rendered":"Passenger Cars"},"content":{"rendered":"<div>Produkte &gt; Luftfederkompressoren<\/div>\n<h1>Passenger Cars<\/h1>\n<div>\n<p>F\u00fcr Sicherheit und Komfort im PKW werden \u2013 vor allem im Premiumsektor heute Luftfedersysteme eingesetzt. Die Luftfederung h\u00e4lt das Fahrzeug auf einem konstanten Niveau \u2013 egal wie schwer es gerade beladen ist. Bei unterschiedlichen Stra\u00dfenverh\u00e4ltnissen sorgt die Luftfederung f\u00fcr eine individuell angepasste Einstellung.<\/p>\n<p>Die Luftfederkompressoren (LFK) von AMK sind innovative Komponenten zur Luftversorgung von Luftfedersystemen. Unsere Kompressoren zeichnen sich durch ihre kompakte und modulare Bauweise aus.<\/p>\n<p>Die integrierte Lufttrocknereinheit mit optionaler Quick Release Funktion (Schnellentl\u00fcften) stellt unter allen Klimabedingungen eine Versorgung mit sauberer und trockener Druckluft sicher. Der Lufttrockner arbeitet regenerativ und ist 100% wartungsfrei. Ein elektrisches Vorsteuerventil und ein mechanisches \u00dcberdruckventil garantieren den zuverl\u00e4ssigen und sicheren Betrieb ohne zus\u00e4tzliche externe Komponenten.<\/p>\n<\/p>\n<\/div>\n<p><img decoding=\"async\" src=\"\/wp-content\/uploads\/2022\/08\/AMK_LandRover_auf_grau_kl_1.jpg\" alt=\"\"><\/p>\n<div>\n<p>Lassen Sie sich von deutscher Qualit\u00e4t begeistern: Wir fertigen mit modernsten, vollautomatischen Produktionsanlagen am Standort Deutschland. Mit h\u00f6chster, zertifizierter Qualit\u00e4t nach VDA 6.1. Wenn auch Ihre Unternehmensphilosophie nur Spitzenleistungen erlaubt, setzen Sie auf Qualit\u00e4t von AMK.<\/p>\n<\/div>\n<div>\n<h5 style=\"text-align: center;\"><a href=\"https:\/\/amk-group.com\/de\/produkte\/luftfederkompressoren\/passenger-cars\/lfk\/\">LFK<\/a><\/h5>\n<\/div>\n<div>\n<h5 style=\"text-align: center;\"><a href=\"https:\/\/amk-group.com\/de\/produkte\/luftfederkompressoren\/passenger-cars\/ek\/\">EK<\/a><\/h5>\n<\/div>\n<div>\n<h5 style=\"text-align: center;\"><a href=\"https:\/\/amk-group.com\/de\/produkte\/luftfederkompressoren\/passenger-cars\/dlk\/\">DLK<\/a><\/h5>\n<\/div>\n<div>\n<h5 style=\"text-align: center;\"><a href=\"https:\/\/amk-group.com\/de\/produkte\/luftfederkompressoren\/passenger-cars\/next-generation\/\">Next Generation<\/a><\/h5>\n<\/div>\n<p><!--more--><br \/>\n<!-- {\"name\":\"Template - Simple Subpage\",\"type\":\"layout\",\"children\":[{\"type\":\"section\",\"props\":{\"class\":\"subpage-header\",\"header_transparent\":\"light\",\"header_transparent_noplaceholder\":true,\"image\":\"wp-content\\\/uploads\\\/2022\\\/04\\\/amk_bg_wave_l.jpg\",\"image_position\":\"center-center\",\"image_size\":\"cover\",\"image_width\":\"2560\",\"media_overlay\":\"rgba(0, 0, 0, 0)\",\"media_overlay_gradient\":\"linear-gradient(180deg, rgba(0,0,0,0.2) 0%, rgba(0,0,0,0.2) 15%, rgba(255,255,255,0) 100%);\",\"padding\":\"xlarge\",\"style\":\"primary\",\"title_breakpoint\":\"xl\",\"title_position\":\"top-left\",\"title_rotation\":\"left\",\"vertical_align\":\"middle\",\"width\":\"default\"},\"children\":[{\"type\":\"row\",\"children\":[{\"type\":\"column\",\"props\":{\"image_position\":\"center-center\",\"position_sticky_breakpoint\":\"m\",\"vertical_align\":\"middle\"},\"children\":[{\"type\":\"headline\",\"props\":{\"content\":\"Produkte &gt; Luftfederkompressoren\",\"margin_remove_bottom\":false,\"text_align\":\"center\",\"title_element\":\"div\",\"title_style\":\"text-meta\"}},{\"type\":\"headline\",\"props\":{\"content\":\"Passenger Cars\",\"margin_remove_top\":true,\"text_align\":\"center\",\"title_element\":\"h1\"}}]}]}],\"name\":\"Sektion - Header Unterseite\"},{\"type\":\"section\",\"props\":{\"image_position\":\"center-center\",\"padding_remove_bottom\":true,\"style\":\"muted\",\"title_breakpoint\":\"xl\",\"title_position\":\"top-left\",\"title_rotation\":\"left\",\"vertical_align\":\"middle\",\"width\":\"default\"},\"children\":[{\"type\":\"row\",\"children\":[{\"type\":\"column\",\"props\":{\"image_position\":\"center-center\",\"position_sticky_breakpoint\":\"m\"}}]},{\"type\":\"row\",\"children\":[{\"type\":\"column\",\"props\":{\"image_position\":\"center-center\",\"position_sticky_breakpoint\":\"m\",\"width_medium\":\"1-2\"},\"children\":[{\"type\":\"text\",\"props\":{\"column_breakpoint\":\"m\",\"content\":\"\n\n<p>F\\u00fcr Sicherheit und Komfort im PKW werden \\u2013 vor allem im Premiumsektor heute Luftfedersysteme eingesetzt. Die Luftfederung h\\u00e4lt das Fahrzeug auf einem konstanten Niveau \\u2013 egal wie schwer es gerade beladen ist. Bei unterschiedlichen Stra\\u00dfenverh\\u00e4ltnissen sorgt die Luftfederung f\\u00fcr eine individuell angepasste Einstellung.<\\\/p>\\n\n\n<p>Die Luftfederkompressoren (LFK) von AMK sind innovative Komponenten zur Luftversorgung von Luftfedersystemen. Unsere Kompressoren zeichnen sich durch ihre kompakte und modulare Bauweise aus.<\\\/p>\\n\n\n<p>Die integrierte Lufttrocknereinheit mit optionaler Quick Release Funktion (Schnellentl\\u00fcften) stellt unter allen Klimabedingungen eine Versorgung mit sauberer und trockener Druckluft sicher. Der Lufttrockner arbeitet regenerativ und ist 100% wartungsfrei. Ein elektrisches Vorsteuerventil und ein mechanisches \\u00dcberdruckventil garantieren den zuverl\\u00e4ssigen und sicheren Betrieb ohne zus\\u00e4tzliche externe Komponenten.<\\\/p>\\n\n\n<p><\\\/p>\",\"margin\":\"default\",\"text_align\":\"justify\"}}]},{\"type\":\"column\",\"props\":{\"image_position\":\"center-center\",\"position_sticky_breakpoint\":\"m\",\"width_medium\":\"1-2\"},\"children\":[{\"type\":\"image\",\"props\":{\"image\":\"wp-content\\\/uploads\\\/2022\\\/08\\\/AMK_LandRover_auf_grau_kl_1.jpg\",\"image_svg_color\":\"emphasis\",\"image_width\":\"960\",\"margin\":\"default\"}}]}],\"props\":{\"column_gap\":\"large\",\"divider\":false,\"layout\":\"1-2,1-2\"}}],\"name\":\"Sektion - H2 + Text links, Bild rechts\"},{\"type\":\"section\",\"props\":{\"image_position\":\"center-center\",\"padding_remove_top\":true,\"style\":\"muted\",\"title_breakpoint\":\"xl\",\"title_position\":\"top-left\",\"title_rotation\":\"left\",\"vertical_align\":\"middle\",\"width\":\"default\"},\"children\":[{\"type\":\"row\",\"children\":[{\"type\":\"column\",\"props\":{\"image_position\":\"center-center\",\"position_sticky_breakpoint\":\"m\"},\"children\":[{\"type\":\"text\",\"props\":{\"column_breakpoint\":\"m\",\"content\":\"\n\n<p>Lassen Sie sich von deutscher Qualit\\u00e4t begeistern: Wir fertigen mit modernsten, vollautomatischen Produktionsanlagen am Standort Deutschland. Mit h\\u00f6chster, zertifizierter Qualit\\u00e4t nach VDA 6.1. Wenn auch Ihre Unternehmensphilosophie nur Spitzenleistungen erlaubt, setzen Sie auf Qualit\\u00e4t von AMK.<\\\/p>\",\"margin\":\"default\",\"text_align\":\"justify\"}}]}]}]},{\"type\":\"section\",\"props\":{\"image_position\":\"center-center\",\"style\":\"default\",\"title_breakpoint\":\"xl\",\"title_position\":\"top-left\",\"title_rotation\":\"left\",\"vertical_align\":\"middle\",\"width\":\"default\"},\"children\":[{\"type\":\"row\",\"props\":{\"layout\":\"1-4,1-4,1-4,1-4|1-2,1-2,1-2,1-2\",\"margin\":\"remove-vertical\"},\"children\":[{\"type\":\"column\",\"props\":{\"image_position\":\"center-center\",\"position_sticky_breakpoint\":\"m\",\"style\":\"tile-primary\",\"width_medium\":\"1-4\",\"width_small\":\"1-2\"},\"children\":[{\"type\":\"text\",\"props\":{\"column_breakpoint\":\"m\",\"content\":\"\n\n<h5 style=\\\"text-align: center;\\\"><a href=\\\"https:\\\/\\\/amk-group.com\\\/de\\\/produkte\\\/luftfederkompressoren\\\/passenger-cars\\\/lfk\\\/\\\">LFK<\\\/a><\\\/h5>\",\"margin\":\"default\"}}]},{\"type\":\"column\",\"props\":{\"image_position\":\"center-center\",\"position_sticky_breakpoint\":\"m\",\"style\":\"tile-primary\",\"width_medium\":\"1-4\",\"width_small\":\"1-2\"},\"children\":[{\"type\":\"text\",\"props\":{\"column_breakpoint\":\"m\",\"content\":\"\n\n<h5 style=\\\"text-align: center;\\\"><a href=\\\"https:\\\/\\\/amk-group.com\\\/de\\\/produkte\\\/luftfederkompressoren\\\/passenger-cars\\\/ek\\\/\\\">EK<\\\/a><\\\/h5>\",\"margin\":\"default\"}}]},{\"type\":\"column\",\"props\":{\"image_position\":\"center-center\",\"position_sticky_breakpoint\":\"m\",\"style\":\"tile-primary\",\"width_medium\":\"1-4\",\"width_small\":\"1-2\"},\"children\":[{\"type\":\"text\",\"props\":{\"column_breakpoint\":\"m\",\"content\":\"\n\n<h5 style=\\\"text-align: center;\\\"><a href=\\\"https:\\\/\\\/amk-group.com\\\/de\\\/produkte\\\/luftfederkompressoren\\\/passenger-cars\\\/dlk\\\/\\\">DLK<\\\/a><\\\/h5>\",\"margin\":\"default\"}}]},{\"type\":\"column\",\"props\":{\"image_position\":\"center-center\",\"position_sticky_breakpoint\":\"m\",\"style\":\"tile-primary\",\"width_medium\":\"1-4\",\"width_small\":\"1-2\"},\"children\":[{\"type\":\"text\",\"props\":{\"column_breakpoint\":\"m\",\"content\":\"\n\n<h5 style=\\\"text-align: center;\\\"><a href=\\\"https:\\\/\\\/amk-group.com\\\/de\\\/produkte\\\/luftfederkompressoren\\\/passenger-cars\\\/next-generation\\\/\\\">Next Generation<\\\/a><\\\/h5>\",\"margin\":\"default\"}}]}]}]}],\"version\":\"4.0.8\"} --><\/p>\n","protected":false},"excerpt":{"rendered":"<p>Produkte &gt; Luftfederkompressoren Passenger Cars F\u00fcr Sicherheit und Komfort im PKW werden \u2013 vor allem im Premiumsektor heute Luftfedersysteme eingesetzt. Die Luftfederung h\u00e4lt das Fahrzeug auf einem konstanten Niveau \u2013 egal wie schwer es gerade beladen ist. Bei unterschiedlichen Stra\u00dfenverh\u00e4ltnissen sorgt die Luftfederung f\u00fcr eine individuell angepasste Einstellung. Die Luftfederkompressoren (LFK) von AMK sind innovative [&hellip;]<\/p>\n","protected":false},"author":1,"featured_media":0,"parent":357,"menu_order":2,"comment_status":"closed","ping_status":"closed","template":"","meta":{"_acf_changed":false,"footnotes":""},"class_list":["post-363","page","type-page","status-publish","hentry"],"acf":[],"yoast_head":"<!-- This site is optimized with the Yoast SEO plugin v26.4 - https:\/\/yoast.com\/wordpress\/plugins\/seo\/ -->\n<title>Passenger Cars - AMK Automotive<\/title>\n<meta name=\"description\" content=\"Hochqualitative Luftfedersysteme f\u00fcr Autos. Unsere Luftfederkompressoren zeichnen sich durch ihre kompakte und modulare Bauweise aus.\" \/>\n<meta name=\"robots\" content=\"index, follow, max-snippet:-1, max-image-preview:large, max-video-preview:-1\" \/>\n<link rel=\"canonical\" href=\"https:\/\/amk-group.com\/de\/produkte\/luftfederkompressoren\/passenger-cars\/\" \/>\n<meta property=\"og:locale\" content=\"de_DE\" \/>\n<meta property=\"og:type\" content=\"article\" \/>\n<meta property=\"og:title\" content=\"Passenger Cars - AMK Automotive\" \/>\n<meta property=\"og:description\" content=\"Hochqualitative Luftfedersysteme f\u00fcr Autos. Unsere Luftfederkompressoren zeichnen sich durch ihre kompakte und modulare Bauweise aus.\" \/>\n<meta property=\"og:url\" content=\"https:\/\/amk-group.com\/de\/produkte\/luftfederkompressoren\/passenger-cars\/\" \/>\n<meta property=\"og:site_name\" content=\"AMK Automotive\" \/>\n<meta property=\"article:modified_time\" content=\"2023-08-16T14:51:06+00:00\" \/>\n<meta name=\"twitter:card\" content=\"summary_large_image\" \/>\n<meta name=\"twitter:label1\" content=\"Gesch\u00e4tzte Lesezeit\" \/>\n\t<meta name=\"twitter:data1\" content=\"3\u00a0Minuten\" \/>\n<script type=\"application\/ld+json\" class=\"yoast-schema-graph\">{\"@context\":\"https:\/\/schema.org\",\"@graph\":[{\"@type\":\"WebPage\",\"@id\":\"https:\/\/amk-group.com\/de\/produkte\/luftfederkompressoren\/passenger-cars\/\",\"url\":\"https:\/\/amk-group.com\/de\/produkte\/luftfederkompressoren\/passenger-cars\/\",\"name\":\"Passenger Cars - AMK Automotive\",\"isPartOf\":{\"@id\":\"https:\/\/amk-group.com\/de\/#website\"},\"datePublished\":\"2022-04-12T13:21:33+00:00\",\"dateModified\":\"2023-08-16T14:51:06+00:00\",\"description\":\"Hochqualitative Luftfedersysteme f\u00fcr Autos. Unsere Luftfederkompressoren zeichnen sich durch ihre kompakte und modulare Bauweise aus.\",\"breadcrumb\":{\"@id\":\"https:\/\/amk-group.com\/de\/produkte\/luftfederkompressoren\/passenger-cars\/#breadcrumb\"},\"inLanguage\":\"de\",\"potentialAction\":[{\"@type\":\"ReadAction\",\"target\":[\"https:\/\/amk-group.com\/de\/produkte\/luftfederkompressoren\/passenger-cars\/\"]}]},{\"@type\":\"BreadcrumbList\",\"@id\":\"https:\/\/amk-group.com\/de\/produkte\/luftfederkompressoren\/passenger-cars\/#breadcrumb\",\"itemListElement\":[{\"@type\":\"ListItem\",\"position\":1,\"name\":\"Startseite\",\"item\":\"https:\/\/amk-group.com\/de\/\"},{\"@type\":\"ListItem\",\"position\":2,\"name\":\"Produkte\",\"item\":\"https:\/\/amk-group.com\/de\/produkte\/\"},{\"@type\":\"ListItem\",\"position\":3,\"name\":\"Luftfederkompressoren alt\",\"item\":\"https:\/\/amk-group.com\/de\/produkte\/luftfederkompressoren\/\"},{\"@type\":\"ListItem\",\"position\":4,\"name\":\"Passenger Cars\"}]},{\"@type\":\"WebSite\",\"@id\":\"https:\/\/amk-group.com\/de\/#website\",\"url\":\"https:\/\/amk-group.com\/de\/\",\"name\":\"AMK Automotive\",\"description\":\"Drive your comfort!\",\"potentialAction\":[{\"@type\":\"SearchAction\",\"target\":{\"@type\":\"EntryPoint\",\"urlTemplate\":\"https:\/\/amk-group.com\/de\/?s={search_term_string}\"},\"query-input\":{\"@type\":\"PropertyValueSpecification\",\"valueRequired\":true,\"valueName\":\"search_term_string\"}}],\"inLanguage\":\"de\"}]}<\/script>\n<!-- \/ Yoast SEO plugin. -->","yoast_head_json":{"title":"Passenger Cars - AMK Automotive","description":"Hochqualitative Luftfedersysteme f\u00fcr Autos. Unsere Luftfederkompressoren zeichnen sich durch ihre kompakte und modulare Bauweise aus.","robots":{"index":"index","follow":"follow","max-snippet":"max-snippet:-1","max-image-preview":"max-image-preview:large","max-video-preview":"max-video-preview:-1"},"canonical":"https:\/\/amk-group.com\/de\/produkte\/luftfederkompressoren\/passenger-cars\/","og_locale":"de_DE","og_type":"article","og_title":"Passenger Cars - AMK Automotive","og_description":"Hochqualitative Luftfedersysteme f\u00fcr Autos. Unsere Luftfederkompressoren zeichnen sich durch ihre kompakte und modulare Bauweise aus.","og_url":"https:\/\/amk-group.com\/de\/produkte\/luftfederkompressoren\/passenger-cars\/","og_site_name":"AMK Automotive","article_modified_time":"2023-08-16T14:51:06+00:00","twitter_card":"summary_large_image","twitter_misc":{"Gesch\u00e4tzte Lesezeit":"3\u00a0Minuten"},"schema":{"@context":"https:\/\/schema.org","@graph":[{"@type":"WebPage","@id":"https:\/\/amk-group.com\/de\/produkte\/luftfederkompressoren\/passenger-cars\/","url":"https:\/\/amk-group.com\/de\/produkte\/luftfederkompressoren\/passenger-cars\/","name":"Passenger Cars - AMK Automotive","isPartOf":{"@id":"https:\/\/amk-group.com\/de\/#website"},"datePublished":"2022-04-12T13:21:33+00:00","dateModified":"2023-08-16T14:51:06+00:00","description":"Hochqualitative Luftfedersysteme f\u00fcr Autos. Unsere Luftfederkompressoren zeichnen sich durch ihre kompakte und modulare Bauweise aus.","breadcrumb":{"@id":"https:\/\/amk-group.com\/de\/produkte\/luftfederkompressoren\/passenger-cars\/#breadcrumb"},"inLanguage":"de","potentialAction":[{"@type":"ReadAction","target":["https:\/\/amk-group.com\/de\/produkte\/luftfederkompressoren\/passenger-cars\/"]}]},{"@type":"BreadcrumbList","@id":"https:\/\/amk-group.com\/de\/produkte\/luftfederkompressoren\/passenger-cars\/#breadcrumb","itemListElement":[{"@type":"ListItem","position":1,"name":"Startseite","item":"https:\/\/amk-group.com\/de\/"},{"@type":"ListItem","position":2,"name":"Produkte","item":"https:\/\/amk-group.com\/de\/produkte\/"},{"@type":"ListItem","position":3,"name":"Luftfederkompressoren alt","item":"https:\/\/amk-group.com\/de\/produkte\/luftfederkompressoren\/"},{"@type":"ListItem","position":4,"name":"Passenger Cars"}]},{"@type":"WebSite","@id":"https:\/\/amk-group.com\/de\/#website","url":"https:\/\/amk-group.com\/de\/","name":"AMK Automotive","description":"Drive your comfort!","potentialAction":[{"@type":"SearchAction","target":{"@type":"EntryPoint","urlTemplate":"https:\/\/amk-group.com\/de\/?s={search_term_string}"},"query-input":{"@type":"PropertyValueSpecification","valueRequired":true,"valueName":"search_term_string"}}],"inLanguage":"de"}]}},"_links":{"self":[{"href":"https:\/\/amk-group.com\/de\/wp-json\/wp\/v2\/pages\/363","targetHints":{"allow":["GET"]}}],"collection":[{"href":"https:\/\/amk-group.com\/de\/wp-json\/wp\/v2\/pages"}],"about":[{"href":"https:\/\/amk-group.com\/de\/wp-json\/wp\/v2\/types\/page"}],"author":[{"embeddable":true,"href":"https:\/\/amk-group.com\/de\/wp-json\/wp\/v2\/users\/1"}],"replies":[{"embeddable":true,"href":"https:\/\/amk-group.com\/de\/wp-json\/wp\/v2\/comments?post=363"}],"version-history":[{"count":50,"href":"https:\/\/amk-group.com\/de\/wp-json\/wp\/v2\/pages\/363\/revisions"}],"predecessor-version":[{"id":4299,"href":"https:\/\/amk-group.com\/de\/wp-json\/wp\/v2\/pages\/363\/revisions\/4299"}],"up":[{"embeddable":true,"href":"https:\/\/amk-group.com\/de\/wp-json\/wp\/v2\/pages\/357"}],"wp:attachment":[{"href":"https:\/\/amk-group.com\/de\/wp-json\/wp\/v2\/media?parent=363"}],"curies":[{"name":"wp","href":"https:\/\/api.w.org\/{rel}","templated":true}]}}