{"id":360,"date":"2022-04-12T15:21:07","date_gmt":"2022-04-12T13:21:07","guid":{"rendered":"https:\/\/amk-group.com\/produkte\/luftfederkompressoren\/basic-information-for-oe-customers\/"},"modified":"2023-02-13T11:24:59","modified_gmt":"2023-02-13T10:24:59","slug":"light-commercial-vehicles","status":"publish","type":"page","link":"https:\/\/amk-group.com\/de\/produkte\/luftfederkompressoren\/light-commercial-vehicles\/","title":{"rendered":"Light Commercial Vehicles"},"content":{"rendered":"<div>Produkte<\/div>\n<h1>Light Commercial Vehicles<\/h1>\n<div>\n<p>Damit Transporter bequem und ergonomisch Be- und Entladen werden k\u00f6nnen, sorgen Luftfedersysteme f\u00fcr ein entsprechendes Absenken des Fahrzeugniveaus.<\/p>\n<p>Das zus\u00e4tzliche Gewicht soll sich dann nicht negativ auf das Fahrverhalten auswirken. Schlie\u00dflich geht es darum, dass das Transportgut sicher und wohlbehalten am Ziel ankommt. Das gilt umso mehr, wenn es um die Bef\u00f6rderung von Menschen geht. Mit der richtigen Luftfederung erh\u00f6hen Sie den Fahrkomfort und die Sicherheit erheblich. So profitieren Sie von einer deutlich reduzierten Wankneigung, einem wesentlich stabilerem Fahrverhalten und letztlich einem verk\u00fcrzten Bremsweg.<\/p>\n<\/div>\n<p>\n    <a href=\"https:\/\/amk-group.com\/de\/produkte\/luftfederkompressoren\/light-commercial-vehicles\/ecas\/\">ECAS<\/a>\n<\/p>\n<p><img decoding=\"async\" src=\"\/wp-content\/uploads\/2022\/08\/LCV.png\" alt=\"\"><\/p>\n<p><!--more--><br \/>\n<!-- {\"name\":\"Template - Simple Subpage\",\"type\":\"layout\",\"children\":[{\"type\":\"section\",\"props\":{\"class\":\"subpage-header\",\"header_transparent\":\"light\",\"header_transparent_noplaceholder\":true,\"image\":\"wp-content\\\/uploads\\\/2022\\\/04\\\/amk_bg_wave_l.jpg\",\"image_position\":\"center-center\",\"image_size\":\"cover\",\"image_width\":\"2560\",\"media_overlay\":\"rgba(0, 0, 0, 0)\",\"media_overlay_gradient\":\"linear-gradient(180deg, rgba(0,0,0,0.2) 0%, rgba(0,0,0,0.2) 15%, rgba(255,255,255,0) 100%);\",\"padding\":\"xlarge\",\"style\":\"primary\",\"title_breakpoint\":\"xl\",\"title_position\":\"top-left\",\"title_rotation\":\"left\",\"vertical_align\":\"middle\",\"width\":\"default\"},\"children\":[{\"type\":\"row\",\"children\":[{\"type\":\"column\",\"props\":{\"image_position\":\"center-center\",\"media_overlay_gradient\":\"\",\"position_sticky_breakpoint\":\"m\",\"vertical_align\":\"middle\"},\"children\":[{\"type\":\"headline\",\"props\":{\"content\":\"Produkte\",\"margin_remove_bottom\":false,\"text_align\":\"center\",\"title_element\":\"div\",\"title_style\":\"text-meta\"}},{\"type\":\"headline\",\"props\":{\"content\":\"Light Commercial Vehicles\",\"margin_remove_top\":true,\"text_align\":\"center\",\"title_element\":\"h1\"}}]}]}],\"name\":\"Sektion - Header Unterseite\"},{\"type\":\"section\",\"props\":{\"image_position\":\"center-center\",\"style\":\"default\",\"title_breakpoint\":\"xl\",\"title_position\":\"top-left\",\"title_rotation\":\"left\",\"vertical_align\":\"middle\",\"width\":\"default\"},\"children\":[{\"type\":\"row\",\"children\":[{\"type\":\"column\",\"props\":{\"image_position\":\"center-center\",\"media_overlay_gradient\":\"\",\"position_sticky_breakpoint\":\"m\"},\"children\":[]}]},{\"type\":\"row\",\"children\":[{\"type\":\"column\",\"props\":{\"image_position\":\"center-center\",\"media_overlay_gradient\":\"\",\"position_sticky_breakpoint\":\"m\",\"width_medium\":\"1-2\"},\"children\":[{\"type\":\"text\",\"props\":{\"column_breakpoint\":\"m\",\"content\":\"\n\n<p>Damit Transporter bequem und ergonomisch Be- und Entladen werden k\\u00f6nnen, sorgen Luftfedersysteme f\\u00fcr ein entsprechendes Absenken des Fahrzeugniveaus.<\\\/p>\\n\n\n<p>Das zus\\u00e4tzliche Gewicht soll sich dann nicht negativ auf das Fahrverhalten auswirken. Schlie\\u00dflich geht es darum, dass das Transportgut sicher und wohlbehalten am Ziel ankommt. Das gilt umso mehr, wenn es um die Bef\\u00f6rderung von Menschen geht. Mit der richtigen Luftfederung erh\\u00f6hen Sie den Fahrkomfort und die Sicherheit erheblich. So profitieren Sie von einer deutlich reduzierten Wankneigung, einem wesentlich stabilerem Fahrverhalten und letztlich einem verk\\u00fcrzten Bremsweg.<\\\/p>\",\"margin\":\"default\",\"text_align\":\"justify\"}},{\"type\":\"button\",\"props\":{\"grid_column_gap\":\"small\",\"grid_row_gap\":\"small\",\"margin\":\"default\"},\"children\":[{\"type\":\"button_item\",\"props\":{\"button_style\":\"primary\",\"content\":\"ECAS\",\"icon_align\":\"left\",\"link\":\"https:\\\/\\\/amk-group.com\\\/de\\\/produkte\\\/luftfederkompressoren\\\/light-commercial-vehicles\\\/ecas\\\/\"}}]}]},{\"type\":\"column\",\"props\":{\"image_position\":\"center-center\",\"media_overlay_gradient\":\"\",\"position_sticky_breakpoint\":\"m\",\"width_medium\":\"1-2\"},\"children\":[{\"type\":\"image\",\"props\":{\"image\":\"wp-content\\\/uploads\\\/2022\\\/08\\\/LCV.png\",\"image_svg_color\":\"emphasis\",\"image_width\":\"960\",\"margin\":\"default\"}}]}],\"props\":{\"layout\":\"1-2,1-2\"}}],\"name\":\"Sektion - H2 + Text links, Bild rechts\"}],\"version\":\"3.0.10\"} --><\/p>\n","protected":false},"excerpt":{"rendered":"<p>Produkte Light Commercial Vehicles Damit Transporter bequem und ergonomisch Be- und Entladen werden k\u00f6nnen, sorgen Luftfedersysteme f\u00fcr ein entsprechendes Absenken des Fahrzeugniveaus. Das zus\u00e4tzliche Gewicht soll sich dann nicht negativ auf das Fahrverhalten auswirken. Schlie\u00dflich geht es darum, dass das Transportgut sicher und wohlbehalten am Ziel ankommt. Das gilt umso mehr, wenn es um die [&hellip;]<\/p>\n","protected":false},"author":1,"featured_media":0,"parent":357,"menu_order":1,"comment_status":"closed","ping_status":"closed","template":"","meta":{"_acf_changed":false,"footnotes":""},"class_list":["post-360","page","type-page","status-publish","hentry"],"acf":[],"yoast_head":"<!-- This site is optimized with the Yoast SEO plugin v26.4 - https:\/\/yoast.com\/wordpress\/plugins\/seo\/ -->\n<title>Light Commercial Vehicles - AMK Automotive<\/title>\n<meta name=\"description\" content=\"Einfaches Be- und Entladen mit dem richtigen Luftfedersystem von AMK. Mit der richtigen Luftfederung werden Transporter ergonomisch beladen\" \/>\n<meta name=\"robots\" content=\"index, follow, max-snippet:-1, max-image-preview:large, max-video-preview:-1\" \/>\n<link rel=\"canonical\" href=\"https:\/\/amk-group.com\/de\/produkte\/luftfederkompressoren\/light-commercial-vehicles\/\" \/>\n<meta property=\"og:locale\" content=\"de_DE\" \/>\n<meta property=\"og:type\" content=\"article\" \/>\n<meta property=\"og:title\" content=\"Light Commercial Vehicles - AMK Automotive\" \/>\n<meta property=\"og:description\" content=\"Einfaches Be- und Entladen mit dem richtigen Luftfedersystem von AMK. Mit der richtigen Luftfederung werden Transporter ergonomisch beladen\" \/>\n<meta property=\"og:url\" content=\"https:\/\/amk-group.com\/de\/produkte\/luftfederkompressoren\/light-commercial-vehicles\/\" \/>\n<meta property=\"og:site_name\" content=\"AMK Automotive\" \/>\n<meta property=\"article:modified_time\" content=\"2023-02-13T10:24:59+00:00\" \/>\n<meta name=\"twitter:card\" content=\"summary_large_image\" \/>\n<meta name=\"twitter:label1\" content=\"Gesch\u00e4tzte Lesezeit\" \/>\n\t<meta name=\"twitter:data1\" content=\"2\u00a0Minuten\" \/>\n<script type=\"application\/ld+json\" class=\"yoast-schema-graph\">{\"@context\":\"https:\/\/schema.org\",\"@graph\":[{\"@type\":\"WebPage\",\"@id\":\"https:\/\/amk-group.com\/de\/produkte\/luftfederkompressoren\/light-commercial-vehicles\/\",\"url\":\"https:\/\/amk-group.com\/de\/produkte\/luftfederkompressoren\/light-commercial-vehicles\/\",\"name\":\"Light Commercial Vehicles - AMK Automotive\",\"isPartOf\":{\"@id\":\"https:\/\/amk-group.com\/de\/#website\"},\"datePublished\":\"2022-04-12T13:21:07+00:00\",\"dateModified\":\"2023-02-13T10:24:59+00:00\",\"description\":\"Einfaches Be- und Entladen mit dem richtigen Luftfedersystem von AMK. Mit der richtigen Luftfederung werden Transporter ergonomisch beladen\",\"breadcrumb\":{\"@id\":\"https:\/\/amk-group.com\/de\/produkte\/luftfederkompressoren\/light-commercial-vehicles\/#breadcrumb\"},\"inLanguage\":\"de\",\"potentialAction\":[{\"@type\":\"ReadAction\",\"target\":[\"https:\/\/amk-group.com\/de\/produkte\/luftfederkompressoren\/light-commercial-vehicles\/\"]}]},{\"@type\":\"BreadcrumbList\",\"@id\":\"https:\/\/amk-group.com\/de\/produkte\/luftfederkompressoren\/light-commercial-vehicles\/#breadcrumb\",\"itemListElement\":[{\"@type\":\"ListItem\",\"position\":1,\"name\":\"Startseite\",\"item\":\"https:\/\/amk-group.com\/de\/\"},{\"@type\":\"ListItem\",\"position\":2,\"name\":\"Produkte\",\"item\":\"https:\/\/amk-group.com\/de\/produkte\/\"},{\"@type\":\"ListItem\",\"position\":3,\"name\":\"Luftfederkompressoren alt\",\"item\":\"https:\/\/amk-group.com\/de\/produkte\/luftfederkompressoren\/\"},{\"@type\":\"ListItem\",\"position\":4,\"name\":\"Light Commercial Vehicles\"}]},{\"@type\":\"WebSite\",\"@id\":\"https:\/\/amk-group.com\/de\/#website\",\"url\":\"https:\/\/amk-group.com\/de\/\",\"name\":\"AMK Automotive\",\"description\":\"Drive your comfort!\",\"potentialAction\":[{\"@type\":\"SearchAction\",\"target\":{\"@type\":\"EntryPoint\",\"urlTemplate\":\"https:\/\/amk-group.com\/de\/?s={search_term_string}\"},\"query-input\":{\"@type\":\"PropertyValueSpecification\",\"valueRequired\":true,\"valueName\":\"search_term_string\"}}],\"inLanguage\":\"de\"}]}<\/script>\n<!-- \/ Yoast SEO plugin. -->","yoast_head_json":{"title":"Light Commercial Vehicles - AMK Automotive","description":"Einfaches Be- und Entladen mit dem richtigen Luftfedersystem von AMK. Mit der richtigen Luftfederung werden Transporter ergonomisch beladen","robots":{"index":"index","follow":"follow","max-snippet":"max-snippet:-1","max-image-preview":"max-image-preview:large","max-video-preview":"max-video-preview:-1"},"canonical":"https:\/\/amk-group.com\/de\/produkte\/luftfederkompressoren\/light-commercial-vehicles\/","og_locale":"de_DE","og_type":"article","og_title":"Light Commercial Vehicles - AMK Automotive","og_description":"Einfaches Be- und Entladen mit dem richtigen Luftfedersystem von AMK. Mit der richtigen Luftfederung werden Transporter ergonomisch beladen","og_url":"https:\/\/amk-group.com\/de\/produkte\/luftfederkompressoren\/light-commercial-vehicles\/","og_site_name":"AMK Automotive","article_modified_time":"2023-02-13T10:24:59+00:00","twitter_card":"summary_large_image","twitter_misc":{"Gesch\u00e4tzte Lesezeit":"2\u00a0Minuten"},"schema":{"@context":"https:\/\/schema.org","@graph":[{"@type":"WebPage","@id":"https:\/\/amk-group.com\/de\/produkte\/luftfederkompressoren\/light-commercial-vehicles\/","url":"https:\/\/amk-group.com\/de\/produkte\/luftfederkompressoren\/light-commercial-vehicles\/","name":"Light Commercial Vehicles - AMK Automotive","isPartOf":{"@id":"https:\/\/amk-group.com\/de\/#website"},"datePublished":"2022-04-12T13:21:07+00:00","dateModified":"2023-02-13T10:24:59+00:00","description":"Einfaches Be- und Entladen mit dem richtigen Luftfedersystem von AMK. Mit der richtigen Luftfederung werden Transporter ergonomisch beladen","breadcrumb":{"@id":"https:\/\/amk-group.com\/de\/produkte\/luftfederkompressoren\/light-commercial-vehicles\/#breadcrumb"},"inLanguage":"de","potentialAction":[{"@type":"ReadAction","target":["https:\/\/amk-group.com\/de\/produkte\/luftfederkompressoren\/light-commercial-vehicles\/"]}]},{"@type":"BreadcrumbList","@id":"https:\/\/amk-group.com\/de\/produkte\/luftfederkompressoren\/light-commercial-vehicles\/#breadcrumb","itemListElement":[{"@type":"ListItem","position":1,"name":"Startseite","item":"https:\/\/amk-group.com\/de\/"},{"@type":"ListItem","position":2,"name":"Produkte","item":"https:\/\/amk-group.com\/de\/produkte\/"},{"@type":"ListItem","position":3,"name":"Luftfederkompressoren alt","item":"https:\/\/amk-group.com\/de\/produkte\/luftfederkompressoren\/"},{"@type":"ListItem","position":4,"name":"Light Commercial Vehicles"}]},{"@type":"WebSite","@id":"https:\/\/amk-group.com\/de\/#website","url":"https:\/\/amk-group.com\/de\/","name":"AMK Automotive","description":"Drive your comfort!","potentialAction":[{"@type":"SearchAction","target":{"@type":"EntryPoint","urlTemplate":"https:\/\/amk-group.com\/de\/?s={search_term_string}"},"query-input":{"@type":"PropertyValueSpecification","valueRequired":true,"valueName":"search_term_string"}}],"inLanguage":"de"}]}},"_links":{"self":[{"href":"https:\/\/amk-group.com\/de\/wp-json\/wp\/v2\/pages\/360","targetHints":{"allow":["GET"]}}],"collection":[{"href":"https:\/\/amk-group.com\/de\/wp-json\/wp\/v2\/pages"}],"about":[{"href":"https:\/\/amk-group.com\/de\/wp-json\/wp\/v2\/types\/page"}],"author":[{"embeddable":true,"href":"https:\/\/amk-group.com\/de\/wp-json\/wp\/v2\/users\/1"}],"replies":[{"embeddable":true,"href":"https:\/\/amk-group.com\/de\/wp-json\/wp\/v2\/comments?post=360"}],"version-history":[{"count":19,"href":"https:\/\/amk-group.com\/de\/wp-json\/wp\/v2\/pages\/360\/revisions"}],"predecessor-version":[{"id":2751,"href":"https:\/\/amk-group.com\/de\/wp-json\/wp\/v2\/pages\/360\/revisions\/2751"}],"up":[{"embeddable":true,"href":"https:\/\/amk-group.com\/de\/wp-json\/wp\/v2\/pages\/357"}],"wp:attachment":[{"href":"https:\/\/amk-group.com\/de\/wp-json\/wp\/v2\/media?parent=360"}],"curies":[{"name":"wp","href":"https:\/\/api.w.org\/{rel}","templated":true}]}}