{"id":348,"date":"2022-04-12T11:27:09","date_gmt":"2022-04-12T09:27:09","guid":{"rendered":"https:\/\/amk-group.com\/unternehmen\/responsibility\/"},"modified":"2024-01-08T09:41:05","modified_gmt":"2024-01-08T08:41:05","slug":"nachhaltigkeit","status":"publish","type":"page","link":"https:\/\/amk-group.com\/de\/nachhaltigkeit\/","title":{"rendered":"Nachhaltigkeit"},"content":{"rendered":"<div>Nachhaltigkeit<\/div>\n<h1>Verantwortung<\/h1>\n<div>\n<p>Als Familienunternehmen haben wir den Anspruch, verl\u00e4sslich und verantwortlich zu handeln \u2013 nicht nur gegen\u00fcber unseren Mitarbeitern, sondern auch gegen\u00fcber der Region und den Menschen rund um unsere Standorte weltweit.<\/p>\n<p>Der nachhaltige Schutz der Umwelt ist ein wesentliches Unternehmensziel der AMK-Unternehmensgruppe. AMK will damit seiner Verantwortung, \u00f6konomische Herausforderungen eng mit \u00f6kologischen Erfordernissen in Einklang zu bringen, gerecht werden und zugleich Vorbildfunktion \u00fcbernehmen. Wir handeln vorrausschauend: Durch vorsorgenden Umweltschutz laufen die gesamten Produktionsprozesse, vom Einzelteil bis zum Fertigprodukt, unter Beachtung der ermittelten Umwelt- und Energieaspekte ab. Die AMK-Werke sind nach ISO 14001:2015 zertifiziert.<\/p>\n<p>Wir nehmen unsere unternehmerische Verantwortung gegen\u00fcber der Gesellschaft ernst und unterst\u00fctzen soziale Projekte, die helfen, Leid und Krankheit zu mindern und die Entwicklung und Ausbildung von Kindern zu f\u00f6rdern. Als Arbeitgeber und F\u00f6rderer in der jeweiligen Region unserer Standorte unterst\u00fctzen wir bevorzugt dort Projekte und Vereine.<\/p>\n<\/div>\n<p><img decoding=\"async\" src=\"\/wp-content\/uploads\/2022\/08\/WEB601_nachhaltigkeit_textbild.jpg\" alt=\"\"><\/p>\n<div>\n<p>Der nachhaltige Schutz der Umwelt ist ein wesentliches Unternehmensziel der AMK-Unternehmensgruppe. AMK will damit seiner Verantwortung, \u00f6konomische Herausforderungen eng mit \u00f6kologischen Erfordernissen in Einklang zu bringen, gerecht werden und zugleich Vorbildfunktion \u00fcbernehmen. Umweltschutz betrifft alle Mitarbeiter. Durch Schulungen wird ein hohes Ma\u00df an Umweltbewusstsein erreicht. Wir handeln vorrausschauend: Durch vorsorgenden Umweltschutz laufen die gesamten Produktions-prozesse, vom Einzelteil bis zum Fertigprodukt, unter Beachtung der ermittelten Umwelt- und Energieaspekte ab. Ein bestehendes Notfallkonzept garantiert sicheres Handeln in Ausnahmesituationen. Die AMK-Werke sind nach <a href=\"https:\/\/amk-group.com\/wp-content\/uploads\/2022\/11\/iso-zertifikat-14001-doe-09102023-de-5.pdf\">ISO 14001:2015 <\/a>zertifiziert.<\/p>\n<\/div>\n<p><img decoding=\"async\" src=\"\/wp-content\/uploads\/2023\/09\/14001_ger_tc_p.png\" alt=\"\"><\/p>\n<div>\n<p><strong>Ma\u00dfnahmen:<\/strong><\/p>\n<p>Die von AMK hergestellten hochinnovativen Produkte erf\u00fcllen bereits heute hohe Anspr\u00fcche in Bezug auf Energieausnutzung und Umweltvertr\u00e4glichkeit. Bei der Weiterentwicklung wird darauf ein besonderes Augenmerk gelegt. Durch Optimierung der betrieblichen Prozesse und Abl\u00e4ufe sollen der Ressourceneinsatz und der Energieverbrauch verringert sowie vorhandene Energien und Ressourcen optimal eingesetzt werden. Bei Produktionsverfahren werden umweltfreundliche Entwicklungen implementiert. Beim Einkauf von Roh-, Hilfs- und Betriebsstoffen achten wir auf den Einsatz umweltvertr\u00e4glicher Stoffe. Bei der Lieferantenauswahl z\u00e4hlen f\u00fcr uns neben \u00f6konomischen Erfordernissen auch \u00f6kologische Gesichts-punkte wie umweltfreundliche Produktionsverfahren und kurze Transportwege. Wichtigste Grundlage f\u00fcr die Erf\u00fcllung des Qualit\u00e4ts-anspruches im Bereich Umwelt ist f\u00fcr uns die Einhaltung der gesetzlichen Vorgaben und Auflagen. Ein breites Feld nimmt die Aufkl\u00e4rung und Motivation der Mitarbeiter ein. Durch eine stetige Schulung und eine nachhaltige Information sind Verbesserungen in \u00f6konomischer und \u00f6kologischer Sicht zu erzielen.<\/p>\n<\/div>\n<p><a href=\"https:\/\/amk-group.com\/wp-content\/uploads\/2023\/08\/WIN-Charta-Certificate.pdf\"><img decoding=\"async\" src=\"\/wp-content\/uploads\/2023\/08\/WIN-Charta-Certificate-scaled.jpg\" alt=\"\"><\/a><br \/>\n<a href=\"https:\/\/amk-group.com\/wp-content\/uploads\/2023\/08\/AMK-WIN-Charta-Nachhaltigkeitsbericht_2022.pdf\"><img decoding=\"async\" src=\"\/wp-content\/uploads\/2023\/08\/AMK-WIN-Charta-Nachhaltigkeitsbericht_2022-scaled.jpg\" alt=\"\"><\/a><\/p>\n<p><!--more--><br \/>\n<!-- {\"name\":\"Template - Simple Subpage\",\"type\":\"layout\",\"children\":[{\"type\":\"section\",\"props\":{\"class\":\"subpage-header\",\"header_transparent\":\"light\",\"header_transparent_noplaceholder\":true,\"image\":\"wp-content\\\/uploads\\\/2022\\\/08\\\/WEB601_nachhaltigkeit_headbanner.jpg\",\"image_position\":\"center-center\",\"image_size\":\"cover\",\"image_width\":\"2560\",\"media_overlay\":\"rgba(0, 0, 0, 0)\",\"media_overlay_gradient\":\"linear-gradient(180deg, rgba(0,0,0,0.2) 0%, rgba(0,0,0,0.2) 15%, rgba(255,255,255,0) 100%);\",\"padding\":\"xlarge\",\"style\":\"primary\",\"title_breakpoint\":\"xl\",\"title_position\":\"top-left\",\"title_rotation\":\"left\",\"vertical_align\":\"middle\",\"width\":\"default\"},\"children\":[{\"type\":\"row\",\"children\":[{\"type\":\"column\",\"props\":{\"image_position\":\"center-center\",\"position_sticky_breakpoint\":\"m\",\"vertical_align\":\"middle\"},\"children\":[{\"type\":\"headline\",\"props\":{\"content\":\"Nachhaltigkeit\",\"margin_remove_bottom\":false,\"text_align\":\"center\",\"title_element\":\"div\",\"title_style\":\"text-meta\"}},{\"type\":\"headline\",\"props\":{\"content\":\"Verantwortung\",\"margin_remove_top\":true,\"text_align\":\"center\",\"title_element\":\"h1\"}}]}]}],\"name\":\"Sektion - Header Unterseite\"},{\"type\":\"section\",\"props\":{\"image_position\":\"center-center\",\"style\":\"muted\",\"title_breakpoint\":\"xl\",\"title_position\":\"top-left\",\"title_rotation\":\"left\",\"vertical_align\":\"middle\",\"width\":\"default\"},\"children\":[{\"type\":\"row\",\"children\":[{\"type\":\"column\",\"props\":{\"image_position\":\"center-center\",\"position_sticky_breakpoint\":\"m\"}}]},{\"type\":\"row\",\"children\":[{\"type\":\"column\",\"props\":{\"image_position\":\"center-center\",\"position_sticky_breakpoint\":\"m\",\"vertical_align\":\"middle\",\"width_medium\":\"1-2\"},\"children\":[{\"type\":\"text\",\"props\":{\"column_breakpoint\":\"m\",\"content\":\"\n\n<p>Als Familienunternehmen haben wir den Anspruch, verl\\u00e4sslich und verantwortlich zu handeln \\u2013 nicht nur gegen\\u00fcber unseren Mitarbeitern, sondern auch gegen\\u00fcber der Region und den Menschen rund um unsere Standorte weltweit.<\\\/p>\\n\n\n<p>Der nachhaltige Schutz der Umwelt ist ein wesentliches Unternehmensziel der AMK-Unternehmensgruppe. AMK will damit seiner Verantwortung, \\u00f6konomische Herausforderungen eng mit \\u00f6kologischen Erfordernissen in Einklang zu bringen, gerecht werden und zugleich Vorbildfunktion \\u00fcbernehmen. Wir handeln vorrausschauend: Durch vorsorgenden Umweltschutz laufen die gesamten Produktionsprozesse, vom Einzelteil bis zum Fertigprodukt, unter Beachtung der ermittelten Umwelt- und Energieaspekte ab. Die AMK-Werke sind nach ISO 14001:2015 zertifiziert.<\\\/p>\\n\n\n<p>Wir nehmen unsere unternehmerische Verantwortung gegen\\u00fcber der Gesellschaft ernst und unterst\\u00fctzen soziale Projekte, die helfen, Leid und Krankheit zu mindern und die Entwicklung und Ausbildung von Kindern zu f\\u00f6rdern. Als Arbeitgeber und F\\u00f6rderer in der jeweiligen Region unserer Standorte unterst\\u00fctzen wir bevorzugt dort Projekte und Vereine.<\\\/p>\",\"margin\":\"default\",\"text_align\":\"justify\"}}]},{\"type\":\"column\",\"props\":{\"image_position\":\"center-center\",\"position_sticky_breakpoint\":\"m\",\"vertical_align\":\"middle\",\"width_medium\":\"1-2\"},\"children\":[{\"type\":\"image\",\"props\":{\"image\":\"wp-content\\\/uploads\\\/2022\\\/08\\\/WEB601_nachhaltigkeit_textbild.jpg\",\"image_svg_color\":\"emphasis\",\"image_width\":\"960\",\"margin\":\"default\"}}]}],\"props\":{\"column_gap\":\"large\",\"layout\":\"1-2,1-2\",\"match\":true}}],\"name\":\"Sektion - H2 + Text links, Bild rechts\"},{\"type\":\"section\",\"props\":{\"class\":\"subpage-header\",\"header_transparent\":\"light\",\"header_transparent_noplaceholder\":true,\"image\":\"wp-content\\\/uploads\\\/2024\\\/01\\\/umwelt_fussabdruecke-scaled.jpg\",\"image_position\":\"center-center\",\"image_size\":\"cover\",\"image_width\":\"2560\",\"media_overlay\":\"rgba(0, 0, 0, 0)\",\"media_overlay_gradient\":\"linear-gradient(180deg, rgba(0,0,0,0.2) 0%, rgba(0,0,0,0.2) 15%, rgba(255,255,255,0) 100%);\",\"padding\":\"xlarge\",\"style\":\"primary\",\"title_breakpoint\":\"xl\",\"title_position\":\"top-left\",\"title_rotation\":\"left\",\"vertical_align\":\"middle\",\"width\":\"default\"},\"children\":[{\"type\":\"row\",\"children\":[{\"type\":\"column\",\"props\":{\"image_position\":\"center-center\",\"position_sticky_breakpoint\":\"m\",\"vertical_align\":\"middle\"}}]}],\"name\":\"Sektion - Header Unterseite\"},{\"type\":\"section\",\"props\":{\"image_position\":\"center-center\",\"style\":\"default\",\"title_breakpoint\":\"xl\",\"title_position\":\"top-left\",\"title_rotation\":\"left\",\"vertical_align\":\"middle\",\"width\":\"default\"},\"children\":[{\"type\":\"row\",\"children\":[{\"type\":\"column\",\"props\":{\"image_position\":\"center-center\",\"position_sticky_breakpoint\":\"m\",\"vertical_align\":\"middle\",\"width_medium\":\"1-2\"},\"children\":[{\"type\":\"text\",\"props\":{\"column_breakpoint\":\"m\",\"content\":\"\n\n<p>Der nachhaltige Schutz der Umwelt ist ein wesentliches Unternehmensziel der AMK-Unternehmensgruppe. AMK will damit seiner Verantwortung, \\u00f6konomische Herausforderungen eng mit \\u00f6kologischen Erfordernissen in Einklang zu bringen, gerecht werden und zugleich Vorbildfunktion \\u00fcbernehmen. Umweltschutz betrifft alle Mitarbeiter. Durch Schulungen wird ein hohes Ma\\u00df an Umweltbewusstsein erreicht. Wir handeln vorrausschauend: Durch vorsorgenden Umweltschutz laufen die gesamten Produktions-prozesse, vom Einzelteil bis zum Fertigprodukt, unter Beachtung der ermittelten Umwelt- und Energieaspekte ab. Ein bestehendes Notfallkonzept garantiert sicheres Handeln in Ausnahmesituationen. Die AMK-Werke sind nach <a href=\\\"https:\\\/\\\/amk-group.com\\\/wp-content\\\/uploads\\\/2022\\\/11\\\/iso-zertifikat-14001-doe-09102023-de-5.pdf\\\">ISO 14001:2015 <\\\/a>zertifiziert.<\\\/p>\",\"margin\":\"default\",\"text_align\":\"justify\"}},{\"type\":\"image\",\"props\":{\"image\":\"wp-content\\\/uploads\\\/2023\\\/09\\\/14001_ger_tc_p.png\",\"image_svg_color\":\"emphasis\",\"margin\":\"default\"}}]},{\"type\":\"column\",\"props\":{\"image_position\":\"center-center\",\"position_sticky_breakpoint\":\"m\",\"width_medium\":\"1-2\"},\"children\":[{\"type\":\"text\",\"props\":{\"column_breakpoint\":\"m\",\"content\":\"\n\n<p><strong>Ma\\u00dfnahmen:<\\\/strong><\\\/p>\\n\n\n<p>Die von AMK hergestellten hochinnovativen Produkte erf\\u00fcllen bereits heute hohe Anspr\\u00fcche in Bezug auf Energieausnutzung und Umweltvertr\\u00e4glichkeit. Bei der Weiterentwicklung wird darauf ein besonderes Augenmerk gelegt. Durch Optimierung der betrieblichen Prozesse und Abl\\u00e4ufe sollen der Ressourceneinsatz und der Energieverbrauch verringert sowie vorhandene Energien und Ressourcen optimal eingesetzt werden. Bei Produktionsverfahren werden umweltfreundliche Entwicklungen implementiert. Beim Einkauf von Roh-, Hilfs- und Betriebsstoffen achten wir auf den Einsatz umweltvertr\\u00e4glicher Stoffe. Bei der Lieferantenauswahl z\\u00e4hlen f\\u00fcr uns neben \\u00f6konomischen Erfordernissen auch \\u00f6kologische Gesichts-punkte wie umweltfreundliche Produktionsverfahren und kurze Transportwege. Wichtigste Grundlage f\\u00fcr die Erf\\u00fcllung des Qualit\\u00e4ts-anspruches im Bereich Umwelt ist f\\u00fcr uns die Einhaltung der gesetzlichen Vorgaben und Auflagen. Ein breites Feld nimmt die Aufkl\\u00e4rung und Motivation der Mitarbeiter ein. Durch eine stetige Schulung und eine nachhaltige Information sind Verbesserungen in \\u00f6konomischer und \\u00f6kologischer Sicht zu erzielen.<\\\/p>\",\"margin\":\"default\",\"text_align\":\"justify\"}}]}],\"props\":{\"column_gap\":\"large\",\"layout\":\"1-2,1-2\",\"match\":true}}],\"name\":\"Sektion - H2 + Text links, Bild rechts\"},{\"type\":\"section\",\"props\":{\"image_position\":\"center-center\",\"style\":\"default\",\"title_breakpoint\":\"xl\",\"title_position\":\"top-left\",\"title_rotation\":\"left\",\"vertical_align\":\"middle\",\"width\":\"default\"},\"children\":[{\"type\":\"row\",\"props\":{\"layout\":\"1-2,1-2\"},\"children\":[{\"type\":\"column\",\"props\":{\"image_position\":\"center-center\",\"position_sticky_breakpoint\":\"m\",\"width_medium\":\"1-2\"},\"children\":[{\"type\":\"image\",\"props\":{\"image\":\"wp-content\\\/uploads\\\/2023\\\/08\\\/WIN-Charta-Certificate-scaled.jpg\",\"image_svg_color\":\"emphasis\",\"link\":\"https:\\\/\\\/amk-group.com\\\/wp-content\\\/uploads\\\/2023\\\/08\\\/WIN-Charta-Certificate.pdf\",\"margin\":\"default\"}}]},{\"type\":\"column\",\"props\":{\"image_position\":\"center-center\",\"position_sticky_breakpoint\":\"m\",\"width_medium\":\"1-2\"},\"children\":[{\"type\":\"image\",\"props\":{\"image\":\"wp-content\\\/uploads\\\/2023\\\/08\\\/AMK-WIN-Charta-Nachhaltigkeitsbericht_2022-scaled.jpg\",\"image_svg_color\":\"emphasis\",\"link\":\"https:\\\/\\\/amk-group.com\\\/wp-content\\\/uploads\\\/2023\\\/08\\\/AMK-WIN-Charta-Nachhaltigkeitsbericht_2022.pdf\",\"margin\":\"default\"}}]}]}]}],\"version\":\"4.2.6\"} --><\/p>\n","protected":false},"excerpt":{"rendered":"<p>Nachhaltigkeit Verantwortung Als Familienunternehmen haben wir den Anspruch, verl\u00e4sslich und verantwortlich zu handeln \u2013 nicht nur gegen\u00fcber unseren Mitarbeitern, sondern auch gegen\u00fcber der Region und den Menschen rund um unsere Standorte weltweit. Der nachhaltige Schutz der Umwelt ist ein wesentliches Unternehmensziel der AMK-Unternehmensgruppe. AMK will damit seiner Verantwortung, \u00f6konomische Herausforderungen eng mit \u00f6kologischen Erfordernissen in [&hellip;]<\/p>\n","protected":false},"author":1,"featured_media":0,"parent":0,"menu_order":7,"comment_status":"closed","ping_status":"closed","template":"","meta":{"_acf_changed":false,"footnotes":""},"class_list":["post-348","page","type-page","status-publish","hentry"],"acf":[],"yoast_head":"<!-- This site is optimized with the Yoast SEO plugin v26.4 - https:\/\/yoast.com\/wordpress\/plugins\/seo\/ -->\n<title>Nachhaltigkeit - AMK Automotive<\/title>\n<meta name=\"description\" content=\"Nachhaltigkeit ist uns wichtig. Unsere innovativen Produkte erf\u00fcllen bereits heute hohe Anspr\u00fcche in Bezug auf Energieausnutzung und Umweltvertr\u00e4glichkeit.\" \/>\n<meta name=\"robots\" content=\"index, follow, max-snippet:-1, max-image-preview:large, max-video-preview:-1\" \/>\n<link rel=\"canonical\" href=\"https:\/\/amk-group.com\/de\/nachhaltigkeit\/\" \/>\n<meta property=\"og:locale\" content=\"de_DE\" \/>\n<meta property=\"og:type\" content=\"article\" \/>\n<meta property=\"og:title\" content=\"Nachhaltigkeit - AMK Automotive\" \/>\n<meta property=\"og:description\" content=\"Nachhaltigkeit ist uns wichtig. Unsere innovativen Produkte erf\u00fcllen bereits heute hohe Anspr\u00fcche in Bezug auf Energieausnutzung und Umweltvertr\u00e4glichkeit.\" \/>\n<meta property=\"og:url\" content=\"https:\/\/amk-group.com\/de\/nachhaltigkeit\/\" \/>\n<meta property=\"og:site_name\" content=\"AMK Automotive\" \/>\n<meta property=\"article:modified_time\" content=\"2024-01-08T08:41:05+00:00\" \/>\n<meta name=\"twitter:card\" content=\"summary_large_image\" \/>\n<meta name=\"twitter:label1\" content=\"Gesch\u00e4tzte Lesezeit\" \/>\n\t<meta name=\"twitter:data1\" content=\"5\u00a0Minuten\" \/>\n<script type=\"application\/ld+json\" class=\"yoast-schema-graph\">{\"@context\":\"https:\/\/schema.org\",\"@graph\":[{\"@type\":\"WebPage\",\"@id\":\"https:\/\/amk-group.com\/de\/nachhaltigkeit\/\",\"url\":\"https:\/\/amk-group.com\/de\/nachhaltigkeit\/\",\"name\":\"Nachhaltigkeit - AMK Automotive\",\"isPartOf\":{\"@id\":\"https:\/\/amk-group.com\/de\/#website\"},\"datePublished\":\"2022-04-12T09:27:09+00:00\",\"dateModified\":\"2024-01-08T08:41:05+00:00\",\"description\":\"Nachhaltigkeit ist uns wichtig. Unsere innovativen Produkte erf\u00fcllen bereits heute hohe Anspr\u00fcche in Bezug auf Energieausnutzung und Umweltvertr\u00e4glichkeit.\",\"breadcrumb\":{\"@id\":\"https:\/\/amk-group.com\/de\/nachhaltigkeit\/#breadcrumb\"},\"inLanguage\":\"de\",\"potentialAction\":[{\"@type\":\"ReadAction\",\"target\":[\"https:\/\/amk-group.com\/de\/nachhaltigkeit\/\"]}]},{\"@type\":\"BreadcrumbList\",\"@id\":\"https:\/\/amk-group.com\/de\/nachhaltigkeit\/#breadcrumb\",\"itemListElement\":[{\"@type\":\"ListItem\",\"position\":1,\"name\":\"Startseite\",\"item\":\"https:\/\/amk-group.com\/de\/\"},{\"@type\":\"ListItem\",\"position\":2,\"name\":\"Nachhaltigkeit\"}]},{\"@type\":\"WebSite\",\"@id\":\"https:\/\/amk-group.com\/de\/#website\",\"url\":\"https:\/\/amk-group.com\/de\/\",\"name\":\"AMK Automotive\",\"description\":\"Drive your comfort!\",\"potentialAction\":[{\"@type\":\"SearchAction\",\"target\":{\"@type\":\"EntryPoint\",\"urlTemplate\":\"https:\/\/amk-group.com\/de\/?s={search_term_string}\"},\"query-input\":{\"@type\":\"PropertyValueSpecification\",\"valueRequired\":true,\"valueName\":\"search_term_string\"}}],\"inLanguage\":\"de\"}]}<\/script>\n<!-- \/ Yoast SEO plugin. -->","yoast_head_json":{"title":"Nachhaltigkeit - AMK Automotive","description":"Nachhaltigkeit ist uns wichtig. Unsere innovativen Produkte erf\u00fcllen bereits heute hohe Anspr\u00fcche in Bezug auf Energieausnutzung und Umweltvertr\u00e4glichkeit.","robots":{"index":"index","follow":"follow","max-snippet":"max-snippet:-1","max-image-preview":"max-image-preview:large","max-video-preview":"max-video-preview:-1"},"canonical":"https:\/\/amk-group.com\/de\/nachhaltigkeit\/","og_locale":"de_DE","og_type":"article","og_title":"Nachhaltigkeit - AMK Automotive","og_description":"Nachhaltigkeit ist uns wichtig. Unsere innovativen Produkte erf\u00fcllen bereits heute hohe Anspr\u00fcche in Bezug auf Energieausnutzung und Umweltvertr\u00e4glichkeit.","og_url":"https:\/\/amk-group.com\/de\/nachhaltigkeit\/","og_site_name":"AMK Automotive","article_modified_time":"2024-01-08T08:41:05+00:00","twitter_card":"summary_large_image","twitter_misc":{"Gesch\u00e4tzte Lesezeit":"5\u00a0Minuten"},"schema":{"@context":"https:\/\/schema.org","@graph":[{"@type":"WebPage","@id":"https:\/\/amk-group.com\/de\/nachhaltigkeit\/","url":"https:\/\/amk-group.com\/de\/nachhaltigkeit\/","name":"Nachhaltigkeit - AMK Automotive","isPartOf":{"@id":"https:\/\/amk-group.com\/de\/#website"},"datePublished":"2022-04-12T09:27:09+00:00","dateModified":"2024-01-08T08:41:05+00:00","description":"Nachhaltigkeit ist uns wichtig. Unsere innovativen Produkte erf\u00fcllen bereits heute hohe Anspr\u00fcche in Bezug auf Energieausnutzung und Umweltvertr\u00e4glichkeit.","breadcrumb":{"@id":"https:\/\/amk-group.com\/de\/nachhaltigkeit\/#breadcrumb"},"inLanguage":"de","potentialAction":[{"@type":"ReadAction","target":["https:\/\/amk-group.com\/de\/nachhaltigkeit\/"]}]},{"@type":"BreadcrumbList","@id":"https:\/\/amk-group.com\/de\/nachhaltigkeit\/#breadcrumb","itemListElement":[{"@type":"ListItem","position":1,"name":"Startseite","item":"https:\/\/amk-group.com\/de\/"},{"@type":"ListItem","position":2,"name":"Nachhaltigkeit"}]},{"@type":"WebSite","@id":"https:\/\/amk-group.com\/de\/#website","url":"https:\/\/amk-group.com\/de\/","name":"AMK Automotive","description":"Drive your comfort!","potentialAction":[{"@type":"SearchAction","target":{"@type":"EntryPoint","urlTemplate":"https:\/\/amk-group.com\/de\/?s={search_term_string}"},"query-input":{"@type":"PropertyValueSpecification","valueRequired":true,"valueName":"search_term_string"}}],"inLanguage":"de"}]}},"_links":{"self":[{"href":"https:\/\/amk-group.com\/de\/wp-json\/wp\/v2\/pages\/348","targetHints":{"allow":["GET"]}}],"collection":[{"href":"https:\/\/amk-group.com\/de\/wp-json\/wp\/v2\/pages"}],"about":[{"href":"https:\/\/amk-group.com\/de\/wp-json\/wp\/v2\/types\/page"}],"author":[{"embeddable":true,"href":"https:\/\/amk-group.com\/de\/wp-json\/wp\/v2\/users\/1"}],"replies":[{"embeddable":true,"href":"https:\/\/amk-group.com\/de\/wp-json\/wp\/v2\/comments?post=348"}],"version-history":[{"count":46,"href":"https:\/\/amk-group.com\/de\/wp-json\/wp\/v2\/pages\/348\/revisions"}],"predecessor-version":[{"id":4479,"href":"https:\/\/amk-group.com\/de\/wp-json\/wp\/v2\/pages\/348\/revisions\/4479"}],"wp:attachment":[{"href":"https:\/\/amk-group.com\/de\/wp-json\/wp\/v2\/media?parent=348"}],"curies":[{"name":"wp","href":"https:\/\/api.w.org\/{rel}","templated":true}]}}