{"id":240,"date":"2022-04-06T15:37:16","date_gmt":"2022-04-06T13:37:16","guid":{"rendered":"https:\/\/amk-group.com\/company\/"},"modified":"2022-10-11T13:38:03","modified_gmt":"2022-10-11T11:38:03","slug":"ueber-uns","status":"publish","type":"page","link":"https:\/\/amk-group.com\/de\/ueber-uns\/","title":{"rendered":"\u00dcber uns"},"content":{"rendered":"<h1>Unternehmen<\/h1>\n<p>\n    <a href=\"\/de\/unternehmen\/unternehmen\/\">Weiter zu Unternehmen<\/a>\n<\/p>\n<p><!--more--><br \/>\n<!-- {\"name\":\"Template - Simple Subpage\",\"type\":\"layout\",\"children\":[{\"type\":\"section\",\"props\":{\"style\":\"primary\",\"width\":\"default\",\"vertical_align\":\"middle\",\"title_position\":\"top-left\",\"title_rotation\":\"left\",\"title_breakpoint\":\"xl\",\"image_position\":\"center-center\",\"image\":\"wp-content\\\/uploads\\\/2022\\\/04\\\/amk_bg_wave_l.jpg\",\"image_size\":\"cover\",\"image_width\":\"2560\",\"class\":\"subpage-header\",\"header_transparent\":\"light\",\"header_transparent_noplaceholder\":true,\"padding\":\"xlarge\",\"media_overlay\":\"rgba(0, 0, 0, 0)\",\"media_overlay_gradient\":\"linear-gradient(180deg, rgba(0,0,0,0.2) 0%, rgba(0,0,0,0.2) 15%, rgba(255,255,255,0) 100%);\"},\"children\":[{\"type\":\"row\",\"children\":[{\"type\":\"column\",\"props\":{\"position_sticky_breakpoint\":\"m\",\"image_position\":\"center-center\",\"media_overlay_gradient\":\"\",\"vertical_align\":\"middle\"},\"children\":[{\"type\":\"headline\",\"props\":{\"title_element\":\"h1\",\"content\":\"Unternehmen\",\"text_align\":\"center\",\"margin_remove_top\":true}}]}]}],\"name\":\"Sektion - Header Unterseite\"},{\"type\":\"section\",\"props\":{\"style\":\"default\",\"width\":\"default\",\"vertical_align\":\"middle\",\"title_position\":\"top-left\",\"title_rotation\":\"left\",\"title_breakpoint\":\"xl\",\"image_position\":\"center-center\",\"padding\":\"large\"},\"children\":[{\"type\":\"row\",\"children\":[{\"type\":\"column\",\"props\":{\"position_sticky_breakpoint\":\"m\",\"image_position\":\"center-center\",\"media_overlay_gradient\":\"\"},\"children\":[{\"type\":\"button\",\"props\":{\"grid_column_gap\":\"small\",\"grid_row_gap\":\"small\",\"margin\":\"default\",\"button_size\":\"large\",\"text_align\":\"center\"},\"children\":[{\"type\":\"button_item\",\"props\":{\"button_style\":\"primary\",\"icon_align\":\"left\",\"content\":\"Weiter zu Unternehmen\",\"link\":\"de\\\/unternehmen\\\/unternehmen\\\/\",\"icon\":\"chevron-double-right\"}}]}]}]}],\"name\":\"Sektion - H2 + Text links, Bild rechts\"}],\"version\":\"2.7.21\"} --><\/p>\n","protected":false},"excerpt":{"rendered":"<p>Unternehmen Weiter zu Unternehmen<\/p>\n","protected":false},"author":1,"featured_media":0,"parent":0,"menu_order":2,"comment_status":"closed","ping_status":"closed","template":"","meta":{"_acf_changed":false,"footnotes":""},"class_list":["post-240","page","type-page","status-publish","hentry"],"acf":[],"yoast_head":"<!-- This site is optimized with the Yoast SEO plugin v26.4 - https:\/\/yoast.com\/wordpress\/plugins\/seo\/ -->\n<title>\u00dcber uns - Druckluftversorgung &amp; Federsysteme - AMK Automotive<\/title>\n<meta name=\"description\" content=\"AMK steht f\u00fcr innovative L\u00f6sungen f\u00fcr die Druckluftversorgung in Fahrzeugen. Wir sind etablierter Zulieferer f\u00fcr zahlreiche namhafte OEMs.\" \/>\n<meta name=\"robots\" content=\"index, follow, max-snippet:-1, max-image-preview:large, max-video-preview:-1\" \/>\n<link rel=\"canonical\" href=\"https:\/\/amk-group.com\/de\/ueber-uns\/\" \/>\n<meta property=\"og:locale\" content=\"de_DE\" \/>\n<meta property=\"og:type\" content=\"article\" \/>\n<meta property=\"og:title\" content=\"\u00dcber uns - Druckluftversorgung &amp; Federsysteme - AMK Automotive\" \/>\n<meta property=\"og:description\" content=\"AMK steht f\u00fcr innovative L\u00f6sungen f\u00fcr die Druckluftversorgung in Fahrzeugen. Wir sind etablierter Zulieferer f\u00fcr zahlreiche namhafte OEMs.\" \/>\n<meta property=\"og:url\" content=\"https:\/\/amk-group.com\/de\/ueber-uns\/\" \/>\n<meta property=\"og:site_name\" content=\"AMK Automotive\" \/>\n<meta property=\"article:modified_time\" content=\"2022-10-11T11:38:03+00:00\" \/>\n<meta name=\"twitter:card\" content=\"summary_large_image\" \/>\n<meta name=\"twitter:label1\" content=\"Gesch\u00e4tzte Lesezeit\" \/>\n\t<meta name=\"twitter:data1\" content=\"1\u00a0Minute\" \/>\n<script type=\"application\/ld+json\" class=\"yoast-schema-graph\">{\"@context\":\"https:\/\/schema.org\",\"@graph\":[{\"@type\":\"WebPage\",\"@id\":\"https:\/\/amk-group.com\/de\/ueber-uns\/\",\"url\":\"https:\/\/amk-group.com\/de\/ueber-uns\/\",\"name\":\"\u00dcber uns - Druckluftversorgung & Federsysteme - AMK Automotive\",\"isPartOf\":{\"@id\":\"https:\/\/amk-group.com\/de\/#website\"},\"datePublished\":\"2022-04-06T13:37:16+00:00\",\"dateModified\":\"2022-10-11T11:38:03+00:00\",\"description\":\"AMK steht f\u00fcr innovative L\u00f6sungen f\u00fcr die Druckluftversorgung in Fahrzeugen. Wir sind etablierter Zulieferer f\u00fcr zahlreiche namhafte OEMs.\",\"breadcrumb\":{\"@id\":\"https:\/\/amk-group.com\/de\/ueber-uns\/#breadcrumb\"},\"inLanguage\":\"de\",\"potentialAction\":[{\"@type\":\"ReadAction\",\"target\":[\"https:\/\/amk-group.com\/de\/ueber-uns\/\"]}]},{\"@type\":\"BreadcrumbList\",\"@id\":\"https:\/\/amk-group.com\/de\/ueber-uns\/#breadcrumb\",\"itemListElement\":[{\"@type\":\"ListItem\",\"position\":1,\"name\":\"Startseite\",\"item\":\"https:\/\/amk-group.com\/de\/\"},{\"@type\":\"ListItem\",\"position\":2,\"name\":\"\u00dcber uns\"}]},{\"@type\":\"WebSite\",\"@id\":\"https:\/\/amk-group.com\/de\/#website\",\"url\":\"https:\/\/amk-group.com\/de\/\",\"name\":\"AMK Automotive\",\"description\":\"Drive your comfort!\",\"potentialAction\":[{\"@type\":\"SearchAction\",\"target\":{\"@type\":\"EntryPoint\",\"urlTemplate\":\"https:\/\/amk-group.com\/de\/?s={search_term_string}\"},\"query-input\":{\"@type\":\"PropertyValueSpecification\",\"valueRequired\":true,\"valueName\":\"search_term_string\"}}],\"inLanguage\":\"de\"}]}<\/script>\n<!-- \/ Yoast SEO plugin. -->","yoast_head_json":{"title":"\u00dcber uns - Druckluftversorgung & Federsysteme - AMK Automotive","description":"AMK steht f\u00fcr innovative L\u00f6sungen f\u00fcr die Druckluftversorgung in Fahrzeugen. Wir sind etablierter Zulieferer f\u00fcr zahlreiche namhafte OEMs.","robots":{"index":"index","follow":"follow","max-snippet":"max-snippet:-1","max-image-preview":"max-image-preview:large","max-video-preview":"max-video-preview:-1"},"canonical":"https:\/\/amk-group.com\/de\/ueber-uns\/","og_locale":"de_DE","og_type":"article","og_title":"\u00dcber uns - Druckluftversorgung & Federsysteme - AMK Automotive","og_description":"AMK steht f\u00fcr innovative L\u00f6sungen f\u00fcr die Druckluftversorgung in Fahrzeugen. Wir sind etablierter Zulieferer f\u00fcr zahlreiche namhafte OEMs.","og_url":"https:\/\/amk-group.com\/de\/ueber-uns\/","og_site_name":"AMK Automotive","article_modified_time":"2022-10-11T11:38:03+00:00","twitter_card":"summary_large_image","twitter_misc":{"Gesch\u00e4tzte Lesezeit":"1\u00a0Minute"},"schema":{"@context":"https:\/\/schema.org","@graph":[{"@type":"WebPage","@id":"https:\/\/amk-group.com\/de\/ueber-uns\/","url":"https:\/\/amk-group.com\/de\/ueber-uns\/","name":"\u00dcber uns - Druckluftversorgung & Federsysteme - AMK Automotive","isPartOf":{"@id":"https:\/\/amk-group.com\/de\/#website"},"datePublished":"2022-04-06T13:37:16+00:00","dateModified":"2022-10-11T11:38:03+00:00","description":"AMK steht f\u00fcr innovative L\u00f6sungen f\u00fcr die Druckluftversorgung in Fahrzeugen. Wir sind etablierter Zulieferer f\u00fcr zahlreiche namhafte OEMs.","breadcrumb":{"@id":"https:\/\/amk-group.com\/de\/ueber-uns\/#breadcrumb"},"inLanguage":"de","potentialAction":[{"@type":"ReadAction","target":["https:\/\/amk-group.com\/de\/ueber-uns\/"]}]},{"@type":"BreadcrumbList","@id":"https:\/\/amk-group.com\/de\/ueber-uns\/#breadcrumb","itemListElement":[{"@type":"ListItem","position":1,"name":"Startseite","item":"https:\/\/amk-group.com\/de\/"},{"@type":"ListItem","position":2,"name":"\u00dcber uns"}]},{"@type":"WebSite","@id":"https:\/\/amk-group.com\/de\/#website","url":"https:\/\/amk-group.com\/de\/","name":"AMK Automotive","description":"Drive your comfort!","potentialAction":[{"@type":"SearchAction","target":{"@type":"EntryPoint","urlTemplate":"https:\/\/amk-group.com\/de\/?s={search_term_string}"},"query-input":{"@type":"PropertyValueSpecification","valueRequired":true,"valueName":"search_term_string"}}],"inLanguage":"de"}]}},"_links":{"self":[{"href":"https:\/\/amk-group.com\/de\/wp-json\/wp\/v2\/pages\/240","targetHints":{"allow":["GET"]}}],"collection":[{"href":"https:\/\/amk-group.com\/de\/wp-json\/wp\/v2\/pages"}],"about":[{"href":"https:\/\/amk-group.com\/de\/wp-json\/wp\/v2\/types\/page"}],"author":[{"embeddable":true,"href":"https:\/\/amk-group.com\/de\/wp-json\/wp\/v2\/users\/1"}],"replies":[{"embeddable":true,"href":"https:\/\/amk-group.com\/de\/wp-json\/wp\/v2\/comments?post=240"}],"version-history":[{"count":9,"href":"https:\/\/amk-group.com\/de\/wp-json\/wp\/v2\/pages\/240\/revisions"}],"predecessor-version":[{"id":2167,"href":"https:\/\/amk-group.com\/de\/wp-json\/wp\/v2\/pages\/240\/revisions\/2167"}],"wp:attachment":[{"href":"https:\/\/amk-group.com\/de\/wp-json\/wp\/v2\/media?parent=240"}],"curies":[{"name":"wp","href":"https:\/\/api.w.org\/{rel}","templated":true}]}}