{"id":198,"date":"2022-04-06T15:37:09","date_gmt":"2022-04-06T13:37:09","guid":{"rendered":"https:\/\/amk-group.com\/home\/"},"modified":"2023-09-12T09:36:39","modified_gmt":"2023-09-12T07:36:39","slug":"home","status":"publish","type":"page","link":"https:\/\/amk-group.com\/de\/","title":{"rendered":"Home"},"content":{"rendered":"<ul>\n<li>\n<p>        <img decoding=\"async\" src=\"\/wp-content\/uploads\/2022\/05\/SLIDER1-2.jpg\" alt=\"\"><\/p>\n<div><small>Drive your comfort&#8230;<\/small><span>&#8230;f\u00fcr s\u00fc\u00dfe Tr\u00e4ume<\/span><br \/> <span>auf allen Stra\u00dfen.<\/span><\/div>\n<p><a href=\"#more\">Mehr<\/a><\/p>\n<\/li>\n<li>\n<p>        <img decoding=\"async\" src=\"\/wp-content\/uploads\/2022\/04\/amk_slide_02.jpg\" alt=\"\"><\/p>\n<div><small>Drive your comfort&#8230;<\/small>&#8230;f\u00fcr ein entspannteres<br \/> Business.<\/div>\n<p><a href=\"#more\">Mehr<\/a><\/p>\n<\/li>\n<li>\n<p>        <img decoding=\"async\" src=\"\/wp-content\/uploads\/2022\/05\/SLIDER5.jpg\" alt=\"\"><\/p>\n<div><small>Drive your comfort&#8230;<\/small>\u2026auch auf Strecken<br \/> voller Abenteuer.<\/div>\n<p><a href=\"#more\">Mehr<\/a><\/p>\n<\/li>\n<li>\n<p>        <img decoding=\"async\" src=\"\/wp-content\/uploads\/2022\/05\/SLIDER4.jpg\" alt=\"\"><\/p>\n<div><small>Drive your comfort&#8230;<\/small>\u2026und Arbeit wird  leichter<br \/>und sicherer.<\/div>\n<p><a href=\"#more\">Mehr<\/a><\/p>\n<\/li>\n<\/ul>\n<h1>Drive your comfort.<\/h1>\n<h2>Sicherheit und Komfort sind unser Metier.<\/h2>\n<div>\n<p>Mit unseren Luftfederkompressoren und Luftfedersystemen sorgen wir daf\u00fcr, dass Menschen und Waren sicher und wohlbehalten an ihrem Ziel ankommen. Seit 25 Jahren stehen wir mit unserer Systemkompetenz immer ganz nah an der Seite unserer Kunden. Unsere globale Ausrichtung verbinden wir mit einer starken, regionalen Verwurzelung: Alle unsere Produkte fertigen wir mitten im Biosph\u00e4rengebiet Schw\u00e4bische Alb und leben unsere Verantwortung f\u00fcr Mensch und Umwelt bei der Mitgestaltung der automotiven Zukunft.<\/p>\n<\/div>\n<p><video src=\"\/wp-content\/uploads\/2022\/09\/AMK-Imagefilm-Drive-your-comfort_2000.mp4\" poster=\"\"><\/video><\/p>\n<div>\n<p>Wir entwickeln und produzieren Luftfederkompressoren und Luftfedersysteme \u2013 alles aus einer und aus eigener Hand.<\/p>\n<\/div>\n<h2>Lernen Sie AMK Automotive<br \/>besser kennen<\/h2>\n<div>\n<p>Unsere Mitarbeiter begleiten Sie mit Know-how, innovativen Ideen und viel Herzblut bei der Realisierung Ihrer Projekte rund um Luftfederkompressoren und Luftfedersysteme. Dabei \u00fcbernehmen wir auch die Systemintegration von Hard- und Software in das gesamte Luftversorgungssystem.<\/p>\n<\/div>\n<ul>\n<li>\n<h3>Unternehmen<\/h3>\n<div>\n<p>Die Erfolgsgeschichte von AMK begann bereits 1963<\/p>\n<\/div>\n<p><a href=\"\/de\/ueber-uns\/unternehmen\/\"><\/a><\/p>\n<\/li>\n<li>\n<h3>Portfolio<\/h3>\n<div>\n<p>Von der Idee zum Serienprodukt: Wir entwickeln, produzieren und integrieren Luftfederkompressoren und Luftversorgungssysteme.<\/p>\n<\/div>\n<p><a href=\"https:\/\/amk-group.com\/de\/produkte\/luftfederkompressoren\/passenger-cars\/\"><\/a><\/p>\n<\/li>\n<li>\n<h3>News<\/h3>\n<div>\n<p>Erfahren Sie die neusten Highlights aus der AMK-Welt.<\/p>\n<\/div>\n<p><a href=\"\/de\/news\/\"><\/a><\/p>\n<\/li>\n<li>\n<h3>Stellenangebote<\/h3>\n<div>\n<p>Verst\u00e4rken Sie unser Team! Wir suchen engagierte Pers\u00f6nlichkeiten mit Leidenschaft f\u00fcr Technologie und neue Wege.<\/p>\n<\/div>\n<p><a href=\"\/de\/karriere\/aktuelle-jobangebote\/\"><\/a><\/p>\n<\/li>\n<\/ul>\n<ul>\n<li>\n<p>        <img decoding=\"async\" src=\"\/wp-content\/uploads\/2022\/08\/WEB104_home_rollbanner_unten.jpg\" alt=\"\"><\/p>\n<h3>slide_01<\/h3>\n<\/li>\n<li>\n<p>        <img decoding=\"async\" src=\"\/wp-content\/uploads\/2022\/08\/WEB102_home_rollbanner_unten.jpg\" alt=\"\"><\/p>\n<h3>slide_03<\/h3>\n<\/li>\n<li>\n<p>        <img decoding=\"async\" src=\"\/wp-content\/uploads\/2022\/08\/WEB105_home_rollbanner_unten.jpg\" alt=\"\"><\/p>\n<h3>slide_02<\/h3>\n<\/li>\n<li>\n<p>        <img decoding=\"async\" src=\"\/wp-content\/uploads\/2022\/08\/WEB103_home_rollbanner_unten.jpg\" alt=\"\"><\/p>\n<h3>slide_01<\/h3>\n<\/li>\n<\/ul>\n<p><!--more--><br \/>\n<!-- {\"name\":\"Template - Home - 3\",\"type\":\"layout\",\"children\":[{\"type\":\"section\",\"props\":{\"header_transparent\":\"light\",\"header_transparent_noplaceholder\":true,\"image_position\":\"center-center\",\"padding_remove_bottom\":true,\"padding_remove_top\":true,\"style\":\"default\",\"title_breakpoint\":\"xl\",\"title_position\":\"top-left\",\"title_rotation\":\"left\",\"vertical_align\":\"middle\",\"width\":\"\"},\"children\":[{\"type\":\"row\",\"children\":[{\"type\":\"column\",\"props\":{\"image_position\":\"center-center\",\"position_sticky_breakpoint\":\"m\"},\"children\":[{\"type\":\"slideshow\",\"props\":{\"class\":\"home-slideshow\",\"image_width\":\"2560\",\"link_style\":\"default\",\"link_text\":\"Read more\",\"margin\":\"default\",\"meta_align\":\"below-title\",\"meta_element\":\"div\",\"meta_style\":\"text-meta\",\"nav\":\"dotnav\",\"nav_align\":\"center\",\"nav_breakpoint\":\"s\",\"nav_position\":\"bottom-center\",\"nav_position_margin\":\"medium\",\"overlay_animation\":\"parallax\",\"overlay_container\":\"default\",\"overlay_margin\":\"large\",\"overlay_position\":\"center-left\",\"show_content\":true,\"show_link\":false,\"show_meta\":true,\"show_thumbnail\":true,\"show_title\":true,\"slidenav\":\"default\",\"slidenav_breakpoint\":\"\",\"slidenav_hover\":false,\"slidenav_margin\":\"medium\",\"slidenav_outside_breakpoint\":\"xl\",\"slideshow_animation\":\"pull\",\"slideshow_autoplay\":true,\"slideshow_autoplay_interval\":\"5\",\"slideshow_autoplay_pause\":false,\"slideshow_max_height\":\"700\",\"slideshow_min_height\":\"400\",\"thumbnav_height\":\"75\",\"thumbnav_svg_color\":\"emphasis\",\"thumbnav_width\":\"100\",\"title_element\":\"div\",\"title_style\":\"heading-medium\"},\"children\":[{\"type\":\"slideshow_item\",\"props\":{\"image\":\"wp-content\\\/uploads\\\/2022\\\/05\\\/SLIDER1-2.jpg\",\"link\":\"#more\",\"link_text\":\"Mehr\",\"media_overlay\":\"rgba(0, 0, 0, 0.2)\",\"text_color\":\"light\",\"title\":\"<small>Drive your comfort...<\\\/small><span>...f\\u00fcr s\\u00fc\\u00dfe Tr\\u00e4ume<\\\/span><br \/> <span>auf allen Stra\\u00dfen.<\\\/span>\"}},{\"type\":\"slideshow_item\",\"props\":{\"image\":\"wp-content\\\/uploads\\\/2022\\\/04\\\/amk_slide_02.jpg\",\"link\":\"#more\",\"link_text\":\"Mehr\",\"media_overlay\":\"rgba(0, 0, 0, 0.2)\",\"text_color\":\"light\",\"title\":\"<small>Drive your comfort...<\\\/small>...f\\u00fcr ein entspannteres<br \/> Business.\"}},{\"type\":\"slideshow_item\",\"props\":{\"image\":\"wp-content\\\/uploads\\\/2022\\\/05\\\/SLIDER5.jpg\",\"link\":\"#more\",\"link_text\":\"Mehr\",\"media_overlay\":\"rgba(0, 0, 0, 0.2)\",\"text_color\":\"light\",\"title\":\"<small>Drive your comfort...<\\\/small>\\u2026auch auf Strecken<br \/> voller Abenteuer.\"}},{\"type\":\"slideshow_item\",\"props\":{\"image\":\"wp-content\\\/uploads\\\/2022\\\/05\\\/SLIDER4.jpg\",\"link\":\"#more\",\"link_text\":\"Mehr\",\"media_overlay\":\"rgba(0, 0, 0, 0.2)\",\"text_color\":\"light\",\"title\":\"<small>Drive your comfort...<\\\/small>\\u2026und Arbeit wird  leichter<br \/>und sicherer.\"}}]}]}]}],\"name\":\"Home Slideshow\"},{\"type\":\"section\",\"props\":{\"class\":\"pos-rel\",\"image_position\":\"center-center\",\"style\":\"default\",\"title_breakpoint\":\"xl\",\"title_position\":\"top-left\",\"title_rotation\":\"left\",\"vertical_align\":\"middle\",\"width\":\"default\"},\"children\":[{\"type\":\"row\",\"props\":{\"column_gap\":\"large\",\"layout\":\"1-2,1-2\"},\"children\":[{\"type\":\"column\",\"props\":{\"image_position\":\"center-center\",\"position_sticky_breakpoint\":\"m\",\"width_medium\":\"1-2\"},\"children\":[{\"type\":\"headline\",\"props\":{\"content\":\"Drive your comfort.\",\"title_element\":\"h1\",\"title_style\":\"h1\"},\"name\":\"Headline: h1\"},{\"type\":\"headline\",\"props\":{\"content\":\"Sicherheit und Komfort sind unser Metier.\",\"title_element\":\"h2\",\"title_style\":\"h3\"},\"name\":\"Headline: h2 -> h3\"},{\"type\":\"text\",\"props\":{\"column_breakpoint\":\"m\",\"content\":\"\n\n<p>Mit unseren Luftfederkompressoren und Luftfedersystemen sorgen wir daf\\u00fcr, dass Menschen und Waren sicher und wohlbehalten an ihrem Ziel ankommen. Seit 25 Jahren stehen wir mit unserer Systemkompetenz immer ganz nah an der Seite unserer Kunden. Unsere globale Ausrichtung verbinden wir mit einer starken, regionalen Verwurzelung: Alle unsere Produkte fertigen wir mitten im Biosph\\u00e4rengebiet Schw\\u00e4bische Alb und leben unsere Verantwortung f\\u00fcr Mensch und Umwelt bei der Mitgestaltung der automotiven Zukunft.<\\\/p>\",\"margin\":\"default\",\"text_align\":\"justify\"}}]},{\"type\":\"column\",\"props\":{\"image_position\":\"center-center\",\"position_sticky_breakpoint\":\"m\",\"vertical_align\":\"bottom\",\"width_medium\":\"1-2\"},\"children\":[{\"type\":\"video\",\"props\":{\"margin\":\"default\",\"video\":\"wp-content\\\/uploads\\\/2022\\\/09\\\/AMK-Imagefilm-Drive-your-comfort_2000.mp4\",\"video_controls\":true}}]}]}],\"name\":\"Sektion - H1 + H2 + Text links, Bild rechts\"},{\"type\":\"section\",\"props\":{\"class\":\"pos-rel\",\"image\":\"wp-content\\\/uploads\\\/2022\\\/04\\\/amk_bg_wave.jpg\",\"image_position\":\"center-center\",\"image_size\":\"cover\",\"image_width\":\"1920\",\"style\":\"primary\",\"title_breakpoint\":\"xl\",\"title_position\":\"top-left\",\"title_rotation\":\"left\",\"vertical_align\":\"middle\",\"width\":\"default\"},\"children\":[{\"type\":\"row\",\"children\":[{\"type\":\"column\",\"props\":{\"image_position\":\"center-center\",\"position_sticky_breakpoint\":\"m\"},\"children\":[{\"type\":\"headline\",\"props\":{\"content\":\"\n\n<p>Wir entwickeln und produzieren Luftfederkompressoren und Luftfedersysteme \\u2013 alles aus einer und aus eigener Hand.<\\\/p>\",\"text_align\":\"center\",\"title_element\":\"div\",\"title_style\":\"h2\"},\"name\":\"Headline: div -> h2\"}]}]}],\"name\":\"Sektion - Wellenhintergrund, Text links, Button rechts\"},{\"type\":\"section\",\"props\":{\"image_position\":\"center-center\",\"style\":\"muted\",\"title_breakpoint\":\"xl\",\"title_position\":\"top-left\",\"title_rotation\":\"left\",\"vertical_align\":\"middle\",\"width\":\"xlarge\"},\"children\":[{\"type\":\"row\",\"children\":[{\"type\":\"column\",\"props\":{\"image_position\":\"center-center\",\"position_sticky_breakpoint\":\"m\"},\"children\":[{\"type\":\"headline\",\"props\":{\"content\":\"Lernen Sie AMK Automotive<br \\\/>besser kennen\",\"text_align\":\"center\",\"title_element\":\"h2\",\"title_style\":\"h2\"},\"name\":\"Headline: h2\"},{\"type\":\"text\",\"props\":{\"column_breakpoint\":\"m\",\"content\":\"\n\n<p>Unsere Mitarbeiter begleiten Sie mit Know-how, innovativen Ideen und viel Herzblut bei der Realisierung Ihrer Projekte rund um Luftfederkompressoren und Luftfedersysteme. Dabei \\u00fcbernehmen wir auch die Systemintegration von Hard- und Software in das gesamte Luftversorgungssystem.<\\\/p>\",\"margin\":\"default\",\"text_align\":\"center\"}}]}]},{\"type\":\"row\",\"children\":[{\"type\":\"column\",\"props\":{\"image_position\":\"center-center\",\"position_sticky_breakpoint\":\"m\"},\"children\":[{\"type\":\"grid\",\"props\":{\"class\":\"icon-grid\",\"content_column_breakpoint\":\"m\",\"filter_align\":\"left\",\"filter_all\":true,\"filter_grid_breakpoint\":\"m\",\"filter_grid_width\":\"auto\",\"filter_position\":\"top\",\"filter_style\":\"tab\",\"grid_column_gap\":\"small\",\"grid_default\":\"1\",\"grid_medium\":\"4\",\"grid_small\":\"2\",\"icon_width\":\"70\",\"image_align\":\"top\",\"image_border\":\"circle\",\"image_grid_breakpoint\":\"m\",\"image_grid_width\":\"1-2\",\"image_svg_color\":\"emphasis\",\"item_animation\":true,\"link_style\":\"default\",\"link_text\":\"\",\"margin\":\"default\",\"meta_align\":\"below-title\",\"meta_element\":\"div\",\"meta_style\":\"text-meta\",\"panel_link\":true,\"panel_padding\":\"default\",\"panel_style\":\"card-default\",\"parallax_easing\":\"1\",\"show_content\":true,\"show_image\":true,\"show_link\":true,\"show_meta\":true,\"show_title\":true,\"text_align\":\"center\",\"title_align\":\"top\",\"title_element\":\"h3\",\"title_grid_breakpoint\":\"m\",\"title_grid_width\":\"1-2\",\"title_hover_style\":\"\"},\"children\":[{\"type\":\"grid_item\",\"props\":{\"content\":\"\n\n<p>Die Erfolgsgeschichte von AMK begann bereits 1963<\\\/p>\",\"icon\":\"home\",\"link\":\"de\\\/ueber-uns\\\/unternehmen\\\/\",\"title\":\"Unternehmen\"}},{\"type\":\"grid_item\",\"props\":{\"content\":\"\n\n<p>Von der Idee zum Serienprodukt: Wir entwickeln, produzieren und integrieren Luftfederkompressoren und Luftversorgungssysteme.<\\\/p>\",\"icon\":\"file-edit\",\"link\":\"https:\\\/\\\/amk-group.com\\\/de\\\/produkte\\\/luftfederkompressoren\\\/passenger-cars\\\/\",\"title\":\"Portfolio\"}},{\"type\":\"grid_item\",\"props\":{\"content\":\"\n\n<p>Erfahren Sie die neusten Highlights aus der AMK-Welt.<\\\/p>\",\"icon\":\"comment\",\"link\":\"de\\\/news\\\/\",\"title\":\"News\"}},{\"type\":\"grid_item\",\"props\":{\"content\":\"\n\n<p>Verst\\u00e4rken Sie unser Team! Wir suchen engagierte Pers\\u00f6nlichkeiten mit Leidenschaft f\\u00fcr Technologie und neue Wege.<\\\/p>\",\"icon\":\"users\",\"link\":\"de\\\/karriere\\\/aktuelle-jobangebote\\\/\",\"title\":\"Stellenangebote\"}}],\"name\":\"Icon Grid\"}]}],\"props\":{\"margin\":\"default\"}}],\"name\":\"Sektion - H2 + Text + Icon Grid\"},{\"type\":\"section\",\"props\":{\"image_position\":\"center-center\",\"padding_remove_bottom\":true,\"padding_remove_top\":true,\"style\":\"default\",\"title_breakpoint\":\"xl\",\"title_position\":\"top-left\",\"title_rotation\":\"left\",\"vertical_align\":\"middle\",\"width\":\"\"},\"children\":[{\"type\":\"row\",\"children\":[{\"type\":\"column\",\"props\":{\"image_position\":\"center-center\",\"position_sticky_breakpoint\":\"m\"},\"children\":[{\"type\":\"overlay-slider\",\"props\":{\"image_height\":\"800\",\"image_width\":\"1000\",\"link_style\":\"default\",\"link_text\":\"Read more\",\"margin\":\"default\",\"meta_align\":\"below-title\",\"meta_element\":\"div\",\"meta_style\":\"text-meta\",\"nav\":\"\",\"nav_align\":\"center\",\"nav_breakpoint\":\"s\",\"overlay_mode\":\"cover\",\"overlay_position\":\"center\",\"overlay_transition\":\"fade\",\"show_content\":true,\"show_hover_image\":true,\"show_link\":true,\"show_meta\":true,\"show_title\":false,\"slidenav\":\"default\",\"slidenav_breakpoint\":\"\",\"slidenav_margin\":\"medium\",\"slidenav_outside_breakpoint\":\"xl\",\"slider_autoplay\":true,\"slider_autoplay_pause\":false,\"slider_gap\":\"\",\"slider_width\":\"fixed\",\"slider_width_default\":\"1-1\",\"slider_width_medium\":\"1-3\",\"text_align\":\"center\",\"title_element\":\"h3\",\"title_hover_style\":\"reset\"},\"children\":[{\"type\":\"overlay-slider_item\",\"props\":{\"image\":\"wp-content\\\/uploads\\\/2022\\\/08\\\/WEB104_home_rollbanner_unten.jpg\",\"title\":\"slide_01\"}},{\"type\":\"overlay-slider_item\",\"props\":{\"image\":\"wp-content\\\/uploads\\\/2022\\\/08\\\/WEB102_home_rollbanner_unten.jpg\",\"title\":\"slide_03\"}},{\"type\":\"overlay-slider_item\",\"props\":{\"image\":\"wp-content\\\/uploads\\\/2022\\\/08\\\/WEB105_home_rollbanner_unten.jpg\",\"title\":\"slide_02\"}},{\"type\":\"overlay-slider_item\",\"props\":{\"image\":\"wp-content\\\/uploads\\\/2022\\\/08\\\/WEB103_home_rollbanner_unten.jpg\",\"title\":\"slide_01\"}}]}]}]}],\"name\":\"Sektion - Overlayslider auf ganzer Breite, 3 Bilder sichtbar\"}],\"version\":\"4.0.8\"} --><\/p>\n","protected":false},"excerpt":{"rendered":"<p>Drive your comfort&#8230;&#8230;f\u00fcr s\u00fc\u00dfe Tr\u00e4ume auf allen Stra\u00dfen. Mehr Drive your comfort&#8230;&#8230;f\u00fcr ein entspannteres Business. Mehr Drive your comfort&#8230;\u2026auch auf Strecken voller Abenteuer. Mehr Drive your comfort&#8230;\u2026und Arbeit wird leichterund sicherer. Mehr Drive your comfort. Sicherheit und Komfort sind unser Metier. Mit unseren Luftfederkompressoren und Luftfedersystemen sorgen wir daf\u00fcr, dass Menschen und Waren sicher und [&hellip;]<\/p>\n","protected":false},"author":1,"featured_media":0,"parent":0,"menu_order":1,"comment_status":"closed","ping_status":"closed","template":"","meta":{"_acf_changed":false,"footnotes":""},"class_list":["post-198","page","type-page","status-publish","hentry"],"acf":[],"yoast_head":"<!-- This site is optimized with the Yoast SEO plugin v26.4 - https:\/\/yoast.com\/wordpress\/plugins\/seo\/ -->\n<title>AMK Automotive Luftfederkompressoren und Luftfedersysteme<\/title>\n<meta name=\"description\" content=\"Luftfederkompressoren und Luftfedersysteme f\u00fcr die Automobilindustrie von AMK setzen Zeichen in Sachen Sicherheit und Komfort.\" \/>\n<meta name=\"robots\" content=\"index, follow, max-snippet:-1, max-image-preview:large, max-video-preview:-1\" \/>\n<link rel=\"canonical\" href=\"https:\/\/amk-group.com\/de\/\" \/>\n<meta property=\"og:locale\" content=\"de_DE\" \/>\n<meta property=\"og:type\" content=\"article\" \/>\n<meta property=\"og:title\" content=\"AMK Automotive Luftfederkompressoren und Luftfedersysteme\" \/>\n<meta property=\"og:description\" content=\"Luftfederkompressoren und Luftfedersysteme f\u00fcr die Automobilindustrie von AMK setzen Zeichen in Sachen Sicherheit und Komfort.\" \/>\n<meta property=\"og:url\" content=\"https:\/\/amk-group.com\/de\/\" \/>\n<meta property=\"og:site_name\" content=\"AMK Automotive\" \/>\n<meta property=\"article:modified_time\" content=\"2023-09-12T07:36:39+00:00\" \/>\n<meta name=\"twitter:card\" content=\"summary_large_image\" \/>\n<meta name=\"twitter:label1\" content=\"Gesch\u00e4tzte Lesezeit\" \/>\n\t<meta name=\"twitter:data1\" content=\"5\u00a0Minuten\" \/>\n<script type=\"application\/ld+json\" class=\"yoast-schema-graph\">{\"@context\":\"https:\/\/schema.org\",\"@graph\":[{\"@type\":\"WebPage\",\"@id\":\"https:\/\/amk-group.com\/de\/\",\"url\":\"https:\/\/amk-group.com\/de\/\",\"name\":\"AMK Automotive Luftfederkompressoren und Luftfedersysteme\",\"isPartOf\":{\"@id\":\"https:\/\/amk-group.com\/de\/#website\"},\"datePublished\":\"2022-04-06T13:37:09+00:00\",\"dateModified\":\"2023-09-12T07:36:39+00:00\",\"description\":\"Luftfederkompressoren und Luftfedersysteme f\u00fcr die Automobilindustrie von AMK setzen Zeichen in Sachen Sicherheit und Komfort.\",\"breadcrumb\":{\"@id\":\"https:\/\/amk-group.com\/de\/#breadcrumb\"},\"inLanguage\":\"de\",\"potentialAction\":[{\"@type\":\"ReadAction\",\"target\":[\"https:\/\/amk-group.com\/de\/\"]}]},{\"@type\":\"BreadcrumbList\",\"@id\":\"https:\/\/amk-group.com\/de\/#breadcrumb\",\"itemListElement\":[{\"@type\":\"ListItem\",\"position\":1,\"name\":\"Startseite\",\"item\":\"https:\/\/amk-group.com\/de\/\"},{\"@type\":\"ListItem\",\"position\":2,\"name\":\"Home\"}]},{\"@type\":\"WebSite\",\"@id\":\"https:\/\/amk-group.com\/de\/#website\",\"url\":\"https:\/\/amk-group.com\/de\/\",\"name\":\"AMK Automotive\",\"description\":\"Drive your comfort!\",\"potentialAction\":[{\"@type\":\"SearchAction\",\"target\":{\"@type\":\"EntryPoint\",\"urlTemplate\":\"https:\/\/amk-group.com\/de\/?s={search_term_string}\"},\"query-input\":{\"@type\":\"PropertyValueSpecification\",\"valueRequired\":true,\"valueName\":\"search_term_string\"}}],\"inLanguage\":\"de\"}]}<\/script>\n<!-- \/ Yoast SEO plugin. -->","yoast_head_json":{"title":"AMK Automotive Luftfederkompressoren und Luftfedersysteme","description":"Luftfederkompressoren und Luftfedersysteme f\u00fcr die Automobilindustrie von AMK setzen Zeichen in Sachen Sicherheit und Komfort.","robots":{"index":"index","follow":"follow","max-snippet":"max-snippet:-1","max-image-preview":"max-image-preview:large","max-video-preview":"max-video-preview:-1"},"canonical":"https:\/\/amk-group.com\/de\/","og_locale":"de_DE","og_type":"article","og_title":"AMK Automotive Luftfederkompressoren und Luftfedersysteme","og_description":"Luftfederkompressoren und Luftfedersysteme f\u00fcr die Automobilindustrie von AMK setzen Zeichen in Sachen Sicherheit und Komfort.","og_url":"https:\/\/amk-group.com\/de\/","og_site_name":"AMK Automotive","article_modified_time":"2023-09-12T07:36:39+00:00","twitter_card":"summary_large_image","twitter_misc":{"Gesch\u00e4tzte Lesezeit":"5\u00a0Minuten"},"schema":{"@context":"https:\/\/schema.org","@graph":[{"@type":"WebPage","@id":"https:\/\/amk-group.com\/de\/","url":"https:\/\/amk-group.com\/de\/","name":"AMK Automotive Luftfederkompressoren und Luftfedersysteme","isPartOf":{"@id":"https:\/\/amk-group.com\/de\/#website"},"datePublished":"2022-04-06T13:37:09+00:00","dateModified":"2023-09-12T07:36:39+00:00","description":"Luftfederkompressoren und Luftfedersysteme f\u00fcr die Automobilindustrie von AMK setzen Zeichen in Sachen Sicherheit und Komfort.","breadcrumb":{"@id":"https:\/\/amk-group.com\/de\/#breadcrumb"},"inLanguage":"de","potentialAction":[{"@type":"ReadAction","target":["https:\/\/amk-group.com\/de\/"]}]},{"@type":"BreadcrumbList","@id":"https:\/\/amk-group.com\/de\/#breadcrumb","itemListElement":[{"@type":"ListItem","position":1,"name":"Startseite","item":"https:\/\/amk-group.com\/de\/"},{"@type":"ListItem","position":2,"name":"Home"}]},{"@type":"WebSite","@id":"https:\/\/amk-group.com\/de\/#website","url":"https:\/\/amk-group.com\/de\/","name":"AMK Automotive","description":"Drive your comfort!","potentialAction":[{"@type":"SearchAction","target":{"@type":"EntryPoint","urlTemplate":"https:\/\/amk-group.com\/de\/?s={search_term_string}"},"query-input":{"@type":"PropertyValueSpecification","valueRequired":true,"valueName":"search_term_string"}}],"inLanguage":"de"}]}},"_links":{"self":[{"href":"https:\/\/amk-group.com\/de\/wp-json\/wp\/v2\/pages\/198","targetHints":{"allow":["GET"]}}],"collection":[{"href":"https:\/\/amk-group.com\/de\/wp-json\/wp\/v2\/pages"}],"about":[{"href":"https:\/\/amk-group.com\/de\/wp-json\/wp\/v2\/types\/page"}],"author":[{"embeddable":true,"href":"https:\/\/amk-group.com\/de\/wp-json\/wp\/v2\/users\/1"}],"replies":[{"embeddable":true,"href":"https:\/\/amk-group.com\/de\/wp-json\/wp\/v2\/comments?post=198"}],"version-history":[{"count":113,"href":"https:\/\/amk-group.com\/de\/wp-json\/wp\/v2\/pages\/198\/revisions"}],"predecessor-version":[{"id":4341,"href":"https:\/\/amk-group.com\/de\/wp-json\/wp\/v2\/pages\/198\/revisions\/4341"}],"wp:attachment":[{"href":"https:\/\/amk-group.com\/de\/wp-json\/wp\/v2\/media?parent=198"}],"curies":[{"name":"wp","href":"https:\/\/api.w.org\/{rel}","templated":true}]}}