{"id":1226,"date":"2022-07-22T14:22:41","date_gmt":"2022-07-22T12:22:41","guid":{"rendered":"https:\/\/amk-group.com\/?page_id=1226"},"modified":"2022-10-11T13:45:16","modified_gmt":"2022-10-11T11:45:16","slug":"einkauf-von-autoteilen","status":"publish","type":"page","link":"https:\/\/amk-group.com\/de\/ueber-uns\/einkauf-von-autoteilen\/","title":{"rendered":"Einkauf"},"content":{"rendered":"<div>\u00dcber uns<\/div>\n<h1>Einkauf<\/h1>\n<h2>\n<h2>Das AMK-Einkaufsprogramm<\/h2>\n<\/h2>\n<div>\n<p>Sie m\u00f6chten etwas verkaufen, das wir ben\u00f6tigen?<\/p>\n<p>Wir sind an Anbietern innovativer und qualitativ hochwertiger Produkte und Dienstleistungen interessiert und m\u00f6chten Sie gerne kennenlernen.<\/p>\n<p>Bitte nutzen Sie den folgenden Link, um sich bei uns als Lieferant zu bewerben.<\/p>\n<\/div>\n<p>\n    <a href=\"\/%20https:\/seitetesten.de\/lieferantenformular\/\">Lieferantenformular<\/a>\n<\/p>\n<p>\n    <a href=\"https:\/\/amk-group.com\/wp-content\/uploads\/2022\/09\/AMK-EINKAUFSBEDINGUNGEN-FU\u0308R-NPM.pdf\">Einkaufsbedingungen f\u00fcr NPM<\/a>\n<\/p>\n<p>\n    <a href=\"https:\/\/amk-group.com\/wp-content\/uploads\/2022\/09\/AMK-EINKAUFSBEDINGUNGEN.pdf\">Einkaufsbedingungen<\/a>\n<\/p>\n<p>\n    <a href=\"https:\/\/amk-group.com\/wp-content\/uploads\/2022\/09\/AMK-Code-of-Conduct-fu\u0308r-Lieferanten-und-Gescha\u0308ftspartner.pdf\">CODE of Conduct<\/a>\n<\/p>\n<p><img decoding=\"async\" src=\"\/wp-content\/uploads\/2022\/08\/WEB205_%EF%BF%BDber_uns_einkauf_Textbild.jpg\" alt=\"\"><\/p>\n<p><!--more--><br \/>\n<!-- {\"name\":\"Template - Company\",\"type\":\"layout\",\"children\":[{\"type\":\"section\",\"props\":{\"style\":\"primary\",\"width\":\"default\",\"vertical_align\":\"middle\",\"title_position\":\"top-left\",\"title_rotation\":\"left\",\"title_breakpoint\":\"xl\",\"image_position\":\"center-center\",\"image\":\"wp-content\\\/uploads\\\/2022\\\/04\\\/amk_bg_wave_l.jpg\",\"image_size\":\"cover\",\"image_width\":\"2560\",\"class\":\"subpage-header\",\"header_transparent\":\"light\",\"header_transparent_noplaceholder\":true,\"padding\":\"xlarge\",\"media_overlay\":\"rgba(0, 0, 0, 0.29)\",\"media_overlay_gradient\":\"linear-gradient(180deg, rgba(0,0,0,0.2) 0%, rgba(0,0,0,0.2) 15%, rgba(255,255,255,0) 100%);\"},\"children\":[{\"type\":\"row\",\"children\":[{\"type\":\"column\",\"props\":{\"position_sticky_breakpoint\":\"m\",\"image_position\":\"center-center\",\"media_overlay_gradient\":\"\",\"vertical_align\":\"middle\"},\"children\":[{\"type\":\"headline\",\"props\":{\"title_element\":\"div\",\"content\":\"\\u00dcber uns\",\"text_align\":\"center\",\"title_style\":\"meta\",\"margin_remove_bottom\":false}},{\"type\":\"headline\",\"props\":{\"title_element\":\"h1\",\"content\":\"Einkauf\",\"text_align\":\"center\",\"margin_remove_top\":true}}]}]}],\"name\":\"Sektion - Header Unterseite\"},{\"type\":\"section\",\"props\":{\"style\":\"default\",\"width\":\"default\",\"vertical_align\":\"middle\",\"title_position\":\"top-left\",\"title_rotation\":\"left\",\"title_breakpoint\":\"xl\",\"image_position\":\"center-center\"},\"children\":[{\"type\":\"row\",\"children\":[{\"type\":\"column\",\"props\":{\"position_sticky_breakpoint\":\"m\",\"image_position\":\"center-center\",\"media_overlay_gradient\":\"\",\"width_medium\":\"2-3\"},\"children\":[{\"type\":\"headline\",\"props\":{\"title_element\":\"h2\",\"title_style\":\"h2\",\"content\":\"\n\n<h2>Das AMK-Einkaufsprogramm<\\\/h2>\"},\"name\":\"Headline: h2\"},{\"type\":\"text\",\"props\":{\"margin\":\"default\",\"column_breakpoint\":\"m\",\"content\":\"\n\n<p>Sie m\\u00f6chten etwas verkaufen, das wir ben\\u00f6tigen?<\\\/p>\\n\n\n<p>Wir sind an Anbietern innovativer und qualitativ hochwertiger Produkte und Dienstleistungen interessiert und m\\u00f6chten Sie gerne kennenlernen.<\\\/p>\\n\n\n<p>Bitte nutzen Sie den folgenden Link, um sich bei uns als Lieferant zu bewerben.<\\\/p>\"}},{\"type\":\"button\",\"props\":{\"grid_column_gap\":\"small\",\"grid_row_gap\":\"small\",\"margin\":\"default\"},\"children\":[{\"type\":\"button_item\",\"props\":{\"button_style\":\"primary\",\"icon_align\":\"left\",\"content\":\"Lieferantenformular\",\"link\":\" https:\\\/\\\/amk-group.com\\\/lieferantenformular\\\/\",\"link_target\":\"blank\"}}]},{\"type\":\"button\",\"props\":{\"grid_column_gap\":\"small\",\"grid_row_gap\":\"small\",\"margin\":\"default\"},\"children\":[{\"type\":\"button_item\",\"props\":{\"button_style\":\"primary\",\"icon_align\":\"left\",\"content\":\"Einkaufsbedingungen f\\u00fcr NPM\",\"link\":\"https:\\\/\\\/amk-group.com\\\/wp-content\\\/uploads\\\/2022\\\/09\\\/AMK-EINKAUFSBEDINGUNGEN-FU\\u0308R-NPM.pdf\",\"link_target\":\"blank\"}}]},{\"type\":\"button\",\"props\":{\"grid_column_gap\":\"small\",\"grid_row_gap\":\"small\",\"margin\":\"default\"},\"children\":[{\"type\":\"button_item\",\"props\":{\"button_style\":\"primary\",\"icon_align\":\"left\",\"content\":\"Einkaufsbedingungen\",\"link\":\"https:\\\/\\\/amk-group.com\\\/wp-content\\\/uploads\\\/2022\\\/09\\\/AMK-EINKAUFSBEDINGUNGEN.pdf\",\"link_target\":\"blank\"}}]},{\"type\":\"button\",\"props\":{\"grid_column_gap\":\"small\",\"grid_row_gap\":\"small\",\"margin\":\"default\"},\"children\":[{\"type\":\"button_item\",\"props\":{\"button_style\":\"primary\",\"icon_align\":\"left\",\"content\":\"CODE of Conduct\",\"link\":\"https:\\\/\\\/amk-group.com\\\/wp-content\\\/uploads\\\/2022\\\/09\\\/AMK-Code-of-Conduct-fu\\u0308r-Lieferanten-und-Gescha\\u0308ftspartner.pdf\",\"link_target\":\"blank\"}}]}]},{\"type\":\"column\",\"props\":{\"position_sticky_breakpoint\":\"m\",\"image_position\":\"center-center\",\"media_overlay_gradient\":\"\",\"width_medium\":\"1-3\"},\"children\":[{\"type\":\"image\",\"props\":{\"margin\":\"default\",\"image_svg_color\":\"emphasis\",\"image\":\"wp-content\\\/uploads\\\/2022\\\/08\\\/WEB205_\\ufffdber_uns_einkauf_Textbild.jpg\",\"image_width\":\"960\"}}]}],\"props\":{\"layout\":\"2-3,1-3\"}}],\"name\":\"Sektion - H2 + Text links, Bild rechts\"}],\"version\":\"2.7.22\"} --><\/p>\n","protected":false},"excerpt":{"rendered":"<p>\u00dcber uns Einkauf Das AMK-Einkaufsprogramm Sie m\u00f6chten etwas verkaufen, das wir ben\u00f6tigen? Wir sind an Anbietern innovativer und qualitativ hochwertiger Produkte und Dienstleistungen interessiert und m\u00f6chten Sie gerne kennenlernen. Bitte nutzen Sie den folgenden Link, um sich bei uns als Lieferant zu bewerben. Lieferantenformular Einkaufsbedingungen f\u00fcr NPM Einkaufsbedingungen CODE of Conduct<\/p>\n","protected":false},"author":2,"featured_media":0,"parent":240,"menu_order":0,"comment_status":"closed","ping_status":"closed","template":"","meta":{"_acf_changed":false,"footnotes":""},"class_list":["post-1226","page","type-page","status-publish","hentry"],"acf":[],"yoast_head":"<!-- This site is optimized with the Yoast SEO plugin v26.4 - https:\/\/yoast.com\/wordpress\/plugins\/seo\/ -->\n<title>Einkauf - AMK Automotive<\/title>\n<meta name=\"description\" content=\"Werden Sie AMK-Lieferant mit unserem AMK-Einkaufsprogramm f\u00fcr Industrieprodukte! Melden sie sich gerne bei uns \u00fcber unser Formular.\" \/>\n<meta name=\"robots\" content=\"index, follow, max-snippet:-1, max-image-preview:large, max-video-preview:-1\" \/>\n<link rel=\"canonical\" href=\"https:\/\/amk-group.com\/de\/ueber-uns\/einkauf-von-autoteilen\/\" \/>\n<meta property=\"og:locale\" content=\"de_DE\" \/>\n<meta property=\"og:type\" content=\"article\" \/>\n<meta property=\"og:title\" content=\"Einkauf - AMK Automotive\" \/>\n<meta property=\"og:description\" content=\"Werden Sie AMK-Lieferant mit unserem AMK-Einkaufsprogramm f\u00fcr Industrieprodukte! Melden sie sich gerne bei uns \u00fcber unser Formular.\" \/>\n<meta property=\"og:url\" content=\"https:\/\/amk-group.com\/de\/ueber-uns\/einkauf-von-autoteilen\/\" \/>\n<meta property=\"og:site_name\" content=\"AMK Automotive\" \/>\n<meta property=\"article:modified_time\" content=\"2022-10-11T11:45:16+00:00\" \/>\n<meta name=\"twitter:card\" content=\"summary_large_image\" \/>\n<meta name=\"twitter:label1\" content=\"Gesch\u00e4tzte Lesezeit\" \/>\n\t<meta name=\"twitter:data1\" content=\"1\u00a0Minute\" \/>\n<script type=\"application\/ld+json\" class=\"yoast-schema-graph\">{\"@context\":\"https:\/\/schema.org\",\"@graph\":[{\"@type\":\"WebPage\",\"@id\":\"https:\/\/amk-group.com\/de\/ueber-uns\/einkauf-von-autoteilen\/\",\"url\":\"https:\/\/amk-group.com\/de\/ueber-uns\/einkauf-von-autoteilen\/\",\"name\":\"Einkauf - AMK Automotive\",\"isPartOf\":{\"@id\":\"https:\/\/amk-group.com\/de\/#website\"},\"datePublished\":\"2022-07-22T12:22:41+00:00\",\"dateModified\":\"2022-10-11T11:45:16+00:00\",\"description\":\"Werden Sie AMK-Lieferant mit unserem AMK-Einkaufsprogramm f\u00fcr Industrieprodukte! Melden sie sich gerne bei uns \u00fcber unser Formular.\",\"breadcrumb\":{\"@id\":\"https:\/\/amk-group.com\/de\/ueber-uns\/einkauf-von-autoteilen\/#breadcrumb\"},\"inLanguage\":\"de\",\"potentialAction\":[{\"@type\":\"ReadAction\",\"target\":[\"https:\/\/amk-group.com\/de\/ueber-uns\/einkauf-von-autoteilen\/\"]}]},{\"@type\":\"BreadcrumbList\",\"@id\":\"https:\/\/amk-group.com\/de\/ueber-uns\/einkauf-von-autoteilen\/#breadcrumb\",\"itemListElement\":[{\"@type\":\"ListItem\",\"position\":1,\"name\":\"Startseite\",\"item\":\"https:\/\/amk-group.com\/de\/\"},{\"@type\":\"ListItem\",\"position\":2,\"name\":\"\u00dcber uns\",\"item\":\"https:\/\/amk-group.com\/de\/ueber-uns\/\"},{\"@type\":\"ListItem\",\"position\":3,\"name\":\"Einkauf\"}]},{\"@type\":\"WebSite\",\"@id\":\"https:\/\/amk-group.com\/de\/#website\",\"url\":\"https:\/\/amk-group.com\/de\/\",\"name\":\"AMK Automotive\",\"description\":\"Drive your comfort!\",\"potentialAction\":[{\"@type\":\"SearchAction\",\"target\":{\"@type\":\"EntryPoint\",\"urlTemplate\":\"https:\/\/amk-group.com\/de\/?s={search_term_string}\"},\"query-input\":{\"@type\":\"PropertyValueSpecification\",\"valueRequired\":true,\"valueName\":\"search_term_string\"}}],\"inLanguage\":\"de\"}]}<\/script>\n<!-- \/ Yoast SEO plugin. -->","yoast_head_json":{"title":"Einkauf - AMK Automotive","description":"Werden Sie AMK-Lieferant mit unserem AMK-Einkaufsprogramm f\u00fcr Industrieprodukte! Melden sie sich gerne bei uns \u00fcber unser Formular.","robots":{"index":"index","follow":"follow","max-snippet":"max-snippet:-1","max-image-preview":"max-image-preview:large","max-video-preview":"max-video-preview:-1"},"canonical":"https:\/\/amk-group.com\/de\/ueber-uns\/einkauf-von-autoteilen\/","og_locale":"de_DE","og_type":"article","og_title":"Einkauf - AMK Automotive","og_description":"Werden Sie AMK-Lieferant mit unserem AMK-Einkaufsprogramm f\u00fcr Industrieprodukte! Melden sie sich gerne bei uns \u00fcber unser Formular.","og_url":"https:\/\/amk-group.com\/de\/ueber-uns\/einkauf-von-autoteilen\/","og_site_name":"AMK Automotive","article_modified_time":"2022-10-11T11:45:16+00:00","twitter_card":"summary_large_image","twitter_misc":{"Gesch\u00e4tzte Lesezeit":"1\u00a0Minute"},"schema":{"@context":"https:\/\/schema.org","@graph":[{"@type":"WebPage","@id":"https:\/\/amk-group.com\/de\/ueber-uns\/einkauf-von-autoteilen\/","url":"https:\/\/amk-group.com\/de\/ueber-uns\/einkauf-von-autoteilen\/","name":"Einkauf - AMK Automotive","isPartOf":{"@id":"https:\/\/amk-group.com\/de\/#website"},"datePublished":"2022-07-22T12:22:41+00:00","dateModified":"2022-10-11T11:45:16+00:00","description":"Werden Sie AMK-Lieferant mit unserem AMK-Einkaufsprogramm f\u00fcr Industrieprodukte! Melden sie sich gerne bei uns \u00fcber unser Formular.","breadcrumb":{"@id":"https:\/\/amk-group.com\/de\/ueber-uns\/einkauf-von-autoteilen\/#breadcrumb"},"inLanguage":"de","potentialAction":[{"@type":"ReadAction","target":["https:\/\/amk-group.com\/de\/ueber-uns\/einkauf-von-autoteilen\/"]}]},{"@type":"BreadcrumbList","@id":"https:\/\/amk-group.com\/de\/ueber-uns\/einkauf-von-autoteilen\/#breadcrumb","itemListElement":[{"@type":"ListItem","position":1,"name":"Startseite","item":"https:\/\/amk-group.com\/de\/"},{"@type":"ListItem","position":2,"name":"\u00dcber uns","item":"https:\/\/amk-group.com\/de\/ueber-uns\/"},{"@type":"ListItem","position":3,"name":"Einkauf"}]},{"@type":"WebSite","@id":"https:\/\/amk-group.com\/de\/#website","url":"https:\/\/amk-group.com\/de\/","name":"AMK Automotive","description":"Drive your comfort!","potentialAction":[{"@type":"SearchAction","target":{"@type":"EntryPoint","urlTemplate":"https:\/\/amk-group.com\/de\/?s={search_term_string}"},"query-input":{"@type":"PropertyValueSpecification","valueRequired":true,"valueName":"search_term_string"}}],"inLanguage":"de"}]}},"_links":{"self":[{"href":"https:\/\/amk-group.com\/de\/wp-json\/wp\/v2\/pages\/1226","targetHints":{"allow":["GET"]}}],"collection":[{"href":"https:\/\/amk-group.com\/de\/wp-json\/wp\/v2\/pages"}],"about":[{"href":"https:\/\/amk-group.com\/de\/wp-json\/wp\/v2\/types\/page"}],"author":[{"embeddable":true,"href":"https:\/\/amk-group.com\/de\/wp-json\/wp\/v2\/users\/2"}],"replies":[{"embeddable":true,"href":"https:\/\/amk-group.com\/de\/wp-json\/wp\/v2\/comments?post=1226"}],"version-history":[{"count":14,"href":"https:\/\/amk-group.com\/de\/wp-json\/wp\/v2\/pages\/1226\/revisions"}],"predecessor-version":[{"id":4663,"href":"https:\/\/amk-group.com\/de\/wp-json\/wp\/v2\/pages\/1226\/revisions\/4663"}],"up":[{"embeddable":true,"href":"https:\/\/amk-group.com\/de\/wp-json\/wp\/v2\/pages\/240"}],"wp:attachment":[{"href":"https:\/\/amk-group.com\/de\/wp-json\/wp\/v2\/media?parent=1226"}],"curies":[{"name":"wp","href":"https:\/\/api.w.org\/{rel}","templated":true}]}}