{"id":3334,"date":"2022-04-12T11:29:38","date_gmt":"2022-04-12T09:29:38","guid":{"rendered":"https:\/\/amk-group.com\/products\/air-suspension-compressors\/"},"modified":"2023-03-21T10:58:37","modified_gmt":"2023-03-21T09:58:37","slug":"%e7%a9%ba%e6%b0%94%e6%82%ac%e6%9e%b6%e5%8e%8b%e7%bc%a9%e6%9c%ba","status":"publish","type":"page","link":"https:\/\/amk-group.com\/cn\/%e4%ba%a7%e5%93%81\/%e7%a9%ba%e6%b0%94%e6%82%ac%e6%9e%b6%e5%8e%8b%e7%bc%a9%e6%9c%ba\/","title":{"rendered":"\u7a7a\u6c14\u60ac\u67b6\u538b\u7f29\u673a"},"content":{"rendered":"<div>Produkte<\/div>\n<h1>\n<p>Luftfeder&#8203;kompressoren<\/p>\n<\/h1>\n<div>\n<ul>\n<li>Wartungsfrei<\/li>\n<li>Kompaktes Design<\/li>\n<li>Reduzierte Ger\u00e4usch- und Schwingungsemissionen<\/li>\n<li>Ausgefeiltes und hoch integriertes Trocknungskonzept<\/li>\n<\/ul>\n<\/div>\n<div>\n<ul>\n<li>Integriertes Quick Release Funktionalit\u00e4t ohne Zusatzventil<\/li>\n<li>Hohe Verf\u00fcgbarkeit<\/li>\n<li>Vielf\u00e4ltige Einbaum\u00f6glichkeiten<\/li>\n<li>Unterschiedliche Leistungsklassen<\/li>\n<li>Modularer Aufbau<\/li>\n<\/ul>\n<\/div>\n<div>\n<p>Mit den AMK-Luftfederkompressoren erhalten Sie ein innovatives Produkt zur Luftversorgung von Luftfedersystemen. Unsere Kompressoren zeichnen sich durch ihre kompakte und modulare Bauweise aus. Das 2-stufige, Wirkprinzip unserer Trockenl\u00e4ufer-Kompressoren er\u00f6ffnet v\u00f6llig neue M\u00f6glichkeiten hinsichtlich realisierbarem Druckniveau, Einschaltdauer, Verstellzeiten und Energieeffizienz. Nicht zuletzt aus diesem Grund sind AMK Kompressoren besonders f\u00fcr den Einsatz in SUVs pr\u00e4destiniert und breit am Markt etabliert. Die integrierte Lufttrocknereinheit, mit optionaler Quick Release\u00a0Funktion (Schnellentl\u00fcften), stellt unter allen Klimabedingungen eine\u00a0Versorgung mit sauberer und trockener Druckluft sicher.\u00a0Der Lufttrockner arbeitet regenerativ und ist absolut wartungsfrei.\u00a0Ein elektrisches Vorsteuer- und ein mechanisches \u00dcberdruckventil\u00a0garantieren den zuverl\u00e4ssigen, sicheren Betrieb ohne zus\u00e4tzliche\u00a0externe Komponenten. \u00a0<\/p>\n<\/div>\n<p><img decoding=\"async\" src=\"\/wp-content\/uploads\/2022\/07\/LFKHIGHPOWERgrau.jpg\" alt=\"\"><\/p>\n<h1>\n<h2>LFK High Power<\/h2>\n<\/h1>\n<div>\n<p>Der &#8216;High Power&#8217; Luftfederkompressor von AMK ist ein leistungsstarker zweistufiger Kompressor mit einem \u00e4u\u00dferst kompakten Design und einem geringen Gewicht. Speziell f\u00fcr hohe Dr\u00fccke bis 21 bar. Der Kompressor besitzt hochintegrierte Ablass-Schaltungen.<\/p>\n<\/div>\n<p><img decoding=\"async\" src=\"\/wp-content\/uploads\/2022\/07\/LFKHIGHPOWERgrau.jpg\" alt=\"\"><\/p>\n<h1>\n<h2>LFK Medium Power<\/h2>\n<\/h1>\n<div>\n<p>Unser Medium-Power-Kompressor ist die leistungs-, bauraum- und gewichtsoptimierte Variante und f\u00fcr Druckbereiche bis 18 bar.\u00a0Der integrierte Lufttrockner besitzt optional Quick Release\u00a0Funktionalit\u00e4t.<\/p>\n<\/div>\n<p><img decoding=\"async\" src=\"\/wp-content\/uploads\/2022\/07\/LFK-ohne.jpg\" alt=\"\"><\/p>\n<h1>\n<h2>LFK ohne Trockner<\/h2>\n<\/h1>\n<div>\n<p>Unser Kompressor ohne Trockner ist wahlweise als High Power (HP) bzw. als Medium Power (MP) Variante lieferbar. Dieser wurde speziell f\u00fcr Systeme mit zentraler Trocknereinheit entwickelt. Diese Version besitzt keinen integrierten Lufttrockner bzw. keine Ablassventilverschaltung.<\/p>\n<p>Typische Werte f\u00fcr das Druckbegrenzungsventil sind:<\/p>\n<ul>\n<li>12+2 bar (MP)<\/li>\n<li>21+2 bar (HP)<\/li>\n<\/ul>\n<\/div>\n<p><!--more--><br \/>\n<!-- {\"name\":\"Template - Air Suspension Compressor\",\"type\":\"layout\",\"children\":[{\"type\":\"section\",\"props\":{\"style\":\"primary\",\"width\":\"default\",\"vertical_align\":\"bottom\",\"title_position\":\"top-left\",\"title_rotation\":\"left\",\"title_breakpoint\":\"xl\",\"image_position\":\"center-center\",\"image\":\"wp-content\\\/uploads\\\/2022\\\/06\\\/KompressorFreisteller.png\",\"class\":\"subpage-header product\",\"header_transparent\":\"light\",\"header_transparent_noplaceholder\":true,\"padding\":\"xlarge\",\"media_overlay\":\"rgba(0, 0, 0, 0)\",\"media_overlay_gradient\":\"linear-gradient(180deg, rgba(0,0,0,0.2) 0%, rgba(0,0,0,0.2) 10%, rgba(0,0,0,0) 30%, rgba(255,255,255,0) 100%)\",\"image_height\":\"556\"},\"children\":[{\"type\":\"row\",\"children\":[{\"type\":\"column\",\"props\":{\"position_sticky_breakpoint\":\"m\",\"image_position\":\"center-center\",\"media_overlay_gradient\":\"\",\"vertical_align\":\"middle\"},\"children\":[{\"type\":\"headline\",\"props\":{\"title_element\":\"div\",\"content\":\"Produkte\",\"text_align\":\"center\",\"title_style\":\"meta\",\"margin_remove_bottom\":false,\"title_color\":\"background\"}},{\"type\":\"headline\",\"props\":{\"title_element\":\"h1\",\"content\":\"\n\n<p>Luftfeder&#8203;kompressoren<\\\/p>\",\"text_align\":\"center\",\"margin_remove_top\":true,\"title_color\":\"background\"}}]}]}],\"name\":\"Subpage Header\"},{\"type\":\"section\",\"props\":{\"style\":\"muted\",\"width\":\"default\",\"vertical_align\":\"middle\",\"title_position\":\"top-left\",\"title_rotation\":\"left\",\"title_breakpoint\":\"xl\",\"image_position\":\"center-center\"},\"children\":[{\"type\":\"row\",\"props\":{\"layout\":\"1-2,1-2\"},\"children\":[{\"type\":\"column\",\"props\":{\"position_sticky_breakpoint\":\"m\",\"image_position\":\"center-center\",\"media_overlay_gradient\":\"\",\"width_medium\":\"1-2\"},\"children\":[{\"type\":\"text\",\"props\":{\"margin\":\"default\",\"column_breakpoint\":\"m\",\"content\":\"\n\n<ul>\\n\n\n<li>Wartungsfrei<\\\/li>\\n\n\n<li>Kompaktes Design<\\\/li>\\n\n\n<li>Reduzierte Ger\\u00e4usch- und Schwingungsemissionen<\\\/li>\\n\n\n<li>Ausgefeiltes und hoch integriertes Trocknungskonzept<\\\/li>\\n<\\\/ul>\",\"text_style\":\"lead\"}}]},{\"type\":\"column\",\"props\":{\"position_sticky_breakpoint\":\"m\",\"image_position\":\"center-center\",\"media_overlay_gradient\":\"\",\"width_medium\":\"1-2\"},\"children\":[{\"type\":\"text\",\"props\":{\"margin\":\"default\",\"column_breakpoint\":\"m\",\"content\":\"\n\n<ul>\\n\n\n<li>Integriertes Quick Release Funktionalit\\u00e4t ohne Zusatzventil<\\\/li>\\n\n\n<li>Hohe Verf\\u00fcgbarkeit<\\\/li>\\n\n\n<li>Vielf\\u00e4ltige Einbaum\\u00f6glichkeiten<\\\/li>\\n\n\n<li>Unterschiedliche Leistungsklassen<\\\/li>\\n\n\n<li>Modularer Aufbau<\\\/li>\\n<\\\/ul>\",\"text_style\":\"lead\"}}]}]}],\"name\":\"Sektion - 2 Spalten Bulletpoints\"},{\"type\":\"section\",\"props\":{\"style\":\"default\",\"width\":\"default\",\"vertical_align\":\"middle\",\"title_position\":\"top-left\",\"title_rotation\":\"left\",\"title_breakpoint\":\"xl\",\"image_position\":\"center-center\"},\"children\":[{\"type\":\"row\",\"children\":[{\"type\":\"column\",\"props\":{\"position_sticky_breakpoint\":\"m\",\"image_position\":\"center-center\",\"media_overlay_gradient\":\"\"},\"children\":[{\"type\":\"text\",\"props\":{\"margin\":\"default\",\"column_breakpoint\":\"m\",\"content\":\"\n\n<p>Mit den AMK-Luftfederkompressoren erhalten Sie ein innovatives Produkt zur Luftversorgung von Luftfedersystemen. Unsere Kompressoren zeichnen sich durch ihre kompakte und modulare Bauweise aus. Das 2-stufige, Wirkprinzip unserer Trockenl\\u00e4ufer-Kompressoren er\\u00f6ffnet v\\u00f6llig neue M\\u00f6glichkeiten hinsichtlich realisierbarem Druckniveau, Einschaltdauer, Verstellzeiten und Energieeffizienz. Nicht zuletzt aus diesem Grund sind AMK Kompressoren besonders f\\u00fcr den Einsatz in SUVs pr\\u00e4destiniert und breit am Markt etabliert. Die integrierte Lufttrocknereinheit, mit optionaler Quick Release\\u00a0Funktion (Schnellentl\\u00fcften), stellt unter allen Klimabedingungen eine\\u00a0Versorgung mit sauberer und trockener Druckluft sicher.\\u00a0Der Lufttrockner arbeitet regenerativ und ist absolut wartungsfrei.\\u00a0Ein elektrisches Vorsteuer- und ein mechanisches \\u00dcberdruckventil\\u00a0garantieren den zuverl\\u00e4ssigen, sicheren Betrieb ohne zus\\u00e4tzliche\\u00a0externe Komponenten. \\u00a0<\\\/p>\"}}]}]}]},{\"type\":\"section\",\"props\":{\"style\":\"default\",\"width\":\"default\",\"vertical_align\":\"middle\",\"title_position\":\"top-left\",\"title_rotation\":\"left\",\"title_breakpoint\":\"xl\",\"image_position\":\"center-center\"},\"children\":[{\"type\":\"row\",\"children\":[{\"type\":\"column\",\"props\":{\"position_sticky_breakpoint\":\"m\",\"image_position\":\"center-center\",\"media_overlay_gradient\":\"\",\"width_medium\":\"1-3\"},\"children\":[{\"type\":\"image\",\"props\":{\"margin\":\"default\",\"image_svg_color\":\"emphasis\",\"image\":\"wp-content\\\/uploads\\\/2022\\\/07\\\/LFKHIGHPOWERgrau.jpg\"}},{\"type\":\"headline\",\"props\":{\"title_element\":\"h1\",\"content\":\"\n\n<h2>LFK High Power<\\\/h2>\"}},{\"type\":\"text\",\"props\":{\"margin\":\"default\",\"column_breakpoint\":\"m\",\"content\":\"\n\n<p>Der 'High Power' Luftfederkompressor von AMK ist ein leistungsstarker zweistufiger Kompressor mit einem \\u00e4u\\u00dferst kompakten Design und einem geringen Gewicht. Speziell f\\u00fcr hohe Dr\\u00fccke bis 21 bar. Der Kompressor besitzt hochintegrierte Ablass-Schaltungen.<\\\/p>\"}}]},{\"type\":\"column\",\"props\":{\"position_sticky_breakpoint\":\"m\",\"image_position\":\"center-center\",\"media_overlay_gradient\":\"\",\"width_medium\":\"1-3\"},\"children\":[{\"type\":\"image\",\"props\":{\"margin\":\"default\",\"image_svg_color\":\"emphasis\",\"image\":\"wp-content\\\/uploads\\\/2022\\\/07\\\/LFKHIGHPOWERgrau.jpg\"}},{\"type\":\"headline\",\"props\":{\"title_element\":\"h1\",\"content\":\"\n\n<h2>LFK Medium Power<\\\/h2>\"}},{\"type\":\"text\",\"props\":{\"margin\":\"default\",\"column_breakpoint\":\"m\",\"content\":\"\n\n<p>Unser Medium-Power-Kompressor ist die leistungs-, bauraum- und gewichtsoptimierte Variante und f\\u00fcr Druckbereiche bis 18 bar.\\u00a0Der integrierte Lufttrockner besitzt optional Quick Release\\u00a0Funktionalit\\u00e4t.<\\\/p>\"}}]},{\"type\":\"column\",\"props\":{\"position_sticky_breakpoint\":\"m\",\"image_position\":\"center-center\",\"media_overlay_gradient\":\"\",\"width_medium\":\"1-3\"},\"children\":[{\"type\":\"image\",\"props\":{\"margin\":\"default\",\"image_svg_color\":\"emphasis\",\"image\":\"wp-content\\\/uploads\\\/2022\\\/07\\\/LFK-ohne.jpg\"}},{\"type\":\"headline\",\"props\":{\"title_element\":\"h1\",\"content\":\"\n\n<h2>LFK ohne Trockner<\\\/h2>\"}},{\"type\":\"text\",\"props\":{\"margin\":\"default\",\"column_breakpoint\":\"m\",\"content\":\"\n\n<p>Unser Kompressor ohne Trockner ist wahlweise als High Power (HP) bzw. als Medium Power (MP) Variante lieferbar. Dieser wurde speziell f\\u00fcr Systeme mit zentraler Trocknereinheit entwickelt. Diese Version besitzt keinen integrierten Lufttrockner bzw. keine Ablassventilverschaltung.<\\\/p>\\n\n\n<p>Typische Werte f\\u00fcr das Druckbegrenzungsventil sind:<\\\/p>\\n\n\n<ul>\\n\n\n<li>12+2 bar (MP)<\\\/li>\\n\n\n<li>21+2 bar (HP)<\\\/li>\\n<\\\/ul>\"}}]}],\"props\":{\"layout\":\"1-3,1-3,1-3\"}}],\"name\":\"Sektion - Grid mit \\\"More\\\" Buttons\"}],\"version\":\"2.7.22\"} --><\/p>\n","protected":false},"excerpt":{"rendered":"<p>Produkte Luftfeder&#8203;kompressoren Wartungsfrei Kompaktes Design Reduzierte Ger\u00e4usch- und Schwingungsemissionen Ausgefeiltes und hoch integriertes Trocknungskonzept Integriertes Quick Release Funktionalit\u00e4t ohne Zusatzventil Hohe Verf\u00fcgbarkeit Vielf\u00e4ltige Einbaum\u00f6glichkeiten Unterschiedliche Leistungsklassen Modularer Aufbau Mit den AMK-Luftfederkompressoren erhalten Sie ein innovatives Produkt zur Luftversorgung von Luftfedersystemen. Unsere Kompressoren zeichnen sich durch ihre kompakte und modulare Bauweise aus. Das 2-stufige, Wirkprinzip unserer [&hellip;]<\/p>\n","protected":false},"author":1,"featured_media":0,"parent":3333,"menu_order":1,"comment_status":"closed","ping_status":"closed","template":"","meta":{"_acf_changed":false,"footnotes":""},"class_list":["post-3334","page","type-page","status-publish","hentry"],"acf":[],"yoast_head":"<!-- This site is optimized with the Yoast SEO plugin v26.4 - https:\/\/yoast.com\/wordpress\/plugins\/seo\/ -->\n<title>\u7a7a\u6c14\u60ac\u67b6\u538b\u7f29\u673a - AMK Automotive<\/title>\n<meta name=\"robots\" content=\"index, follow, max-snippet:-1, max-image-preview:large, max-video-preview:-1\" \/>\n<link rel=\"canonical\" href=\"https:\/\/amk-group.com\/cn\/%e4%ba%a7%e5%93%81\/%e7%a9%ba%e6%b0%94%e6%82%ac%e6%9e%b6%e5%8e%8b%e7%bc%a9%e6%9c%ba\/\" \/>\n<meta property=\"og:locale\" content=\"en_US\" \/>\n<meta property=\"og:type\" content=\"article\" \/>\n<meta property=\"og:title\" content=\"\u7a7a\u6c14\u60ac\u67b6\u538b\u7f29\u673a - AMK Automotive\" \/>\n<meta property=\"og:description\" content=\"Produkte Luftfeder&#8203;kompressoren Wartungsfrei Kompaktes Design Reduzierte Ger\u00e4usch- und Schwingungsemissionen Ausgefeiltes und hoch integriertes Trocknungskonzept Integriertes Quick Release Funktionalit\u00e4t ohne Zusatzventil Hohe Verf\u00fcgbarkeit Vielf\u00e4ltige Einbaum\u00f6glichkeiten Unterschiedliche Leistungsklassen Modularer Aufbau Mit den AMK-Luftfederkompressoren erhalten Sie ein innovatives Produkt zur Luftversorgung von Luftfedersystemen. Unsere Kompressoren zeichnen sich durch ihre kompakte und modulare Bauweise aus. Das 2-stufige, Wirkprinzip unserer [&hellip;]\" \/>\n<meta property=\"og:url\" content=\"https:\/\/amk-group.com\/cn\/%e4%ba%a7%e5%93%81\/%e7%a9%ba%e6%b0%94%e6%82%ac%e6%9e%b6%e5%8e%8b%e7%bc%a9%e6%9c%ba\/\" \/>\n<meta property=\"og:site_name\" content=\"AMK Automotive\" \/>\n<meta property=\"article:modified_time\" content=\"2023-03-21T09:58:37+00:00\" \/>\n<meta name=\"twitter:card\" content=\"summary_large_image\" \/>\n<meta name=\"twitter:label1\" content=\"Est. reading time\" \/>\n\t<meta name=\"twitter:data1\" content=\"4 minutes\" \/>\n<script type=\"application\/ld+json\" class=\"yoast-schema-graph\">{\"@context\":\"https:\/\/schema.org\",\"@graph\":[{\"@type\":\"WebPage\",\"@id\":\"https:\/\/amk-group.com\/cn\/%e4%ba%a7%e5%93%81\/%e7%a9%ba%e6%b0%94%e6%82%ac%e6%9e%b6%e5%8e%8b%e7%bc%a9%e6%9c%ba\/\",\"url\":\"https:\/\/amk-group.com\/cn\/%e4%ba%a7%e5%93%81\/%e7%a9%ba%e6%b0%94%e6%82%ac%e6%9e%b6%e5%8e%8b%e7%bc%a9%e6%9c%ba\/\",\"name\":\"\u7a7a\u6c14\u60ac\u67b6\u538b\u7f29\u673a - AMK Automotive\",\"isPartOf\":{\"@id\":\"https:\/\/amk-group.com\/cn\/#website\"},\"datePublished\":\"2022-04-12T09:29:38+00:00\",\"dateModified\":\"2023-03-21T09:58:37+00:00\",\"breadcrumb\":{\"@id\":\"https:\/\/amk-group.com\/cn\/%e4%ba%a7%e5%93%81\/%e7%a9%ba%e6%b0%94%e6%82%ac%e6%9e%b6%e5%8e%8b%e7%bc%a9%e6%9c%ba\/#breadcrumb\"},\"inLanguage\":\"cn-CN\",\"potentialAction\":[{\"@type\":\"ReadAction\",\"target\":[\"https:\/\/amk-group.com\/cn\/%e4%ba%a7%e5%93%81\/%e7%a9%ba%e6%b0%94%e6%82%ac%e6%9e%b6%e5%8e%8b%e7%bc%a9%e6%9c%ba\/\"]}]},{\"@type\":\"BreadcrumbList\",\"@id\":\"https:\/\/amk-group.com\/cn\/%e4%ba%a7%e5%93%81\/%e7%a9%ba%e6%b0%94%e6%82%ac%e6%9e%b6%e5%8e%8b%e7%bc%a9%e6%9c%ba\/#breadcrumb\",\"itemListElement\":[{\"@type\":\"ListItem\",\"position\":1,\"name\":\"Startseite\",\"item\":\"https:\/\/amk-group.com\/cn\/\"},{\"@type\":\"ListItem\",\"position\":2,\"name\":\"\u4ea7\u54c1\",\"item\":\"https:\/\/amk-group.com\/cn\/%e4%ba%a7%e5%93%81\/\"},{\"@type\":\"ListItem\",\"position\":3,\"name\":\"\u7a7a\u6c14\u60ac\u67b6\u538b\u7f29\u673a\"}]},{\"@type\":\"WebSite\",\"@id\":\"https:\/\/amk-group.com\/cn\/#website\",\"url\":\"https:\/\/amk-group.com\/cn\/\",\"name\":\"AMK Automotive\",\"description\":\"Drive your comfort!\",\"potentialAction\":[{\"@type\":\"SearchAction\",\"target\":{\"@type\":\"EntryPoint\",\"urlTemplate\":\"https:\/\/amk-group.com\/cn\/?s={search_term_string}\"},\"query-input\":{\"@type\":\"PropertyValueSpecification\",\"valueRequired\":true,\"valueName\":\"search_term_string\"}}],\"inLanguage\":\"cn-CN\"}]}<\/script>\n<!-- \/ Yoast SEO plugin. -->","yoast_head_json":{"title":"\u7a7a\u6c14\u60ac\u67b6\u538b\u7f29\u673a - AMK Automotive","robots":{"index":"index","follow":"follow","max-snippet":"max-snippet:-1","max-image-preview":"max-image-preview:large","max-video-preview":"max-video-preview:-1"},"canonical":"https:\/\/amk-group.com\/cn\/%e4%ba%a7%e5%93%81\/%e7%a9%ba%e6%b0%94%e6%82%ac%e6%9e%b6%e5%8e%8b%e7%bc%a9%e6%9c%ba\/","og_locale":"en_US","og_type":"article","og_title":"\u7a7a\u6c14\u60ac\u67b6\u538b\u7f29\u673a - AMK Automotive","og_description":"Produkte Luftfeder&#8203;kompressoren Wartungsfrei Kompaktes Design Reduzierte Ger\u00e4usch- und Schwingungsemissionen Ausgefeiltes und hoch integriertes Trocknungskonzept Integriertes Quick Release Funktionalit\u00e4t ohne Zusatzventil Hohe Verf\u00fcgbarkeit Vielf\u00e4ltige Einbaum\u00f6glichkeiten Unterschiedliche Leistungsklassen Modularer Aufbau Mit den AMK-Luftfederkompressoren erhalten Sie ein innovatives Produkt zur Luftversorgung von Luftfedersystemen. Unsere Kompressoren zeichnen sich durch ihre kompakte und modulare Bauweise aus. Das 2-stufige, Wirkprinzip unserer [&hellip;]","og_url":"https:\/\/amk-group.com\/cn\/%e4%ba%a7%e5%93%81\/%e7%a9%ba%e6%b0%94%e6%82%ac%e6%9e%b6%e5%8e%8b%e7%bc%a9%e6%9c%ba\/","og_site_name":"AMK Automotive","article_modified_time":"2023-03-21T09:58:37+00:00","twitter_card":"summary_large_image","twitter_misc":{"Est. reading time":"4 minutes"},"schema":{"@context":"https:\/\/schema.org","@graph":[{"@type":"WebPage","@id":"https:\/\/amk-group.com\/cn\/%e4%ba%a7%e5%93%81\/%e7%a9%ba%e6%b0%94%e6%82%ac%e6%9e%b6%e5%8e%8b%e7%bc%a9%e6%9c%ba\/","url":"https:\/\/amk-group.com\/cn\/%e4%ba%a7%e5%93%81\/%e7%a9%ba%e6%b0%94%e6%82%ac%e6%9e%b6%e5%8e%8b%e7%bc%a9%e6%9c%ba\/","name":"\u7a7a\u6c14\u60ac\u67b6\u538b\u7f29\u673a - AMK Automotive","isPartOf":{"@id":"https:\/\/amk-group.com\/cn\/#website"},"datePublished":"2022-04-12T09:29:38+00:00","dateModified":"2023-03-21T09:58:37+00:00","breadcrumb":{"@id":"https:\/\/amk-group.com\/cn\/%e4%ba%a7%e5%93%81\/%e7%a9%ba%e6%b0%94%e6%82%ac%e6%9e%b6%e5%8e%8b%e7%bc%a9%e6%9c%ba\/#breadcrumb"},"inLanguage":"cn-CN","potentialAction":[{"@type":"ReadAction","target":["https:\/\/amk-group.com\/cn\/%e4%ba%a7%e5%93%81\/%e7%a9%ba%e6%b0%94%e6%82%ac%e6%9e%b6%e5%8e%8b%e7%bc%a9%e6%9c%ba\/"]}]},{"@type":"BreadcrumbList","@id":"https:\/\/amk-group.com\/cn\/%e4%ba%a7%e5%93%81\/%e7%a9%ba%e6%b0%94%e6%82%ac%e6%9e%b6%e5%8e%8b%e7%bc%a9%e6%9c%ba\/#breadcrumb","itemListElement":[{"@type":"ListItem","position":1,"name":"Startseite","item":"https:\/\/amk-group.com\/cn\/"},{"@type":"ListItem","position":2,"name":"\u4ea7\u54c1","item":"https:\/\/amk-group.com\/cn\/%e4%ba%a7%e5%93%81\/"},{"@type":"ListItem","position":3,"name":"\u7a7a\u6c14\u60ac\u67b6\u538b\u7f29\u673a"}]},{"@type":"WebSite","@id":"https:\/\/amk-group.com\/cn\/#website","url":"https:\/\/amk-group.com\/cn\/","name":"AMK Automotive","description":"Drive your comfort!","potentialAction":[{"@type":"SearchAction","target":{"@type":"EntryPoint","urlTemplate":"https:\/\/amk-group.com\/cn\/?s={search_term_string}"},"query-input":{"@type":"PropertyValueSpecification","valueRequired":true,"valueName":"search_term_string"}}],"inLanguage":"cn-CN"}]}},"_links":{"self":[{"href":"https:\/\/amk-group.com\/cn\/wp-json\/wp\/v2\/pages\/3334","targetHints":{"allow":["GET"]}}],"collection":[{"href":"https:\/\/amk-group.com\/cn\/wp-json\/wp\/v2\/pages"}],"about":[{"href":"https:\/\/amk-group.com\/cn\/wp-json\/wp\/v2\/types\/page"}],"author":[{"embeddable":true,"href":"https:\/\/amk-group.com\/cn\/wp-json\/wp\/v2\/users\/1"}],"replies":[{"embeddable":true,"href":"https:\/\/amk-group.com\/cn\/wp-json\/wp\/v2\/comments?post=3334"}],"version-history":[{"count":2,"href":"https:\/\/amk-group.com\/cn\/wp-json\/wp\/v2\/pages\/3334\/revisions"}],"predecessor-version":[{"id":3965,"href":"https:\/\/amk-group.com\/cn\/wp-json\/wp\/v2\/pages\/3334\/revisions\/3965"}],"up":[{"embeddable":true,"href":"https:\/\/amk-group.com\/cn\/wp-json\/wp\/v2\/pages\/3333"}],"wp:attachment":[{"href":"https:\/\/amk-group.com\/cn\/wp-json\/wp\/v2\/media?parent=3334"}],"curies":[{"name":"wp","href":"https:\/\/api.w.org\/{rel}","templated":true}]}}